{"id":9221,"date":"2021-01-19T08:37:56","date_gmt":"2021-01-19T08:37:56","guid":{"rendered":"https:\/\/www.tammuz.com\/surrogacy-for-hiv-intended-parents\/"},"modified":"2026-04-29T10:32:01","modified_gmt":"2026-04-29T07:32:01","slug":"surrogacy-for-hiv-intended-parents","status":"publish","type":"page","link":"https:\/\/www.tammuz.com\/sv\/surrogacy-for-hiv-intended-parents\/","title":{"rendered":"Surrogatprocess f\u00f6r HIV+"},"content":{"rendered":"\t\t<div data-elementor-type=\"wp-post\" data-elementor-id=\"9221\" class=\"elementor elementor-9221 elementor-762\" data-elementor-post-type=\"page\">\n\t\t\t\t\t\t<section class=\"elementor-section elementor-top-section elementor-element elementor-element-14f9aa69 elementor-section-content-middle elementor-section-height-min-height elementor-section-boxed elementor-section-height-default elementor-section-items-middle\" data-id=\"14f9aa69\" data-element_type=\"section\" data-e-type=\"section\" data-settings=\"{&quot;background_background&quot;:&quot;classic&quot;,&quot;jet_parallax_layout_list&quot;:[{&quot;jet_parallax_layout_image&quot;:{&quot;url&quot;:&quot;&quot;,&quot;id&quot;:&quot;&quot;,&quot;size&quot;:&quot;&quot;},&quot;_id&quot;:&quot;dada152&quot;,&quot;jet_parallax_layout_image_tablet&quot;:{&quot;url&quot;:&quot;&quot;,&quot;id&quot;:&quot;&quot;,&quot;size&quot;:&quot;&quot;},&quot;jet_parallax_layout_image_mobile&quot;:{&quot;url&quot;:&quot;&quot;,&quot;id&quot;:&quot;&quot;,&quot;size&quot;:&quot;&quot;},&quot;jet_parallax_layout_speed&quot;:{&quot;unit&quot;:&quot;%&quot;,&quot;size&quot;:50,&quot;sizes&quot;:[]},&quot;jet_parallax_layout_type&quot;:&quot;scroll&quot;,&quot;jet_parallax_layout_direction&quot;:&quot;1&quot;,&quot;jet_parallax_layout_fx_direction&quot;:null,&quot;jet_parallax_layout_z_index&quot;:&quot;&quot;,&quot;jet_parallax_layout_bg_x&quot;:50,&quot;jet_parallax_layout_bg_x_tablet&quot;:&quot;&quot;,&quot;jet_parallax_layout_bg_x_mobile&quot;:&quot;&quot;,&quot;jet_parallax_layout_bg_y&quot;:50,&quot;jet_parallax_layout_bg_y_tablet&quot;:&quot;&quot;,&quot;jet_parallax_layout_bg_y_mobile&quot;:&quot;&quot;,&quot;jet_parallax_layout_bg_size&quot;:&quot;auto&quot;,&quot;jet_parallax_layout_bg_size_tablet&quot;:&quot;&quot;,&quot;jet_parallax_layout_bg_size_mobile&quot;:&quot;&quot;,&quot;jet_parallax_layout_animation_prop&quot;:&quot;transform&quot;,&quot;jet_parallax_layout_on&quot;:[&quot;desktop&quot;,&quot;tablet&quot;]}]}\">\n\t\t\t\t\t\t<div class=\"elementor-container elementor-column-gap-default\">\n\t\t\t\t\t<div class=\"elementor-column elementor-col-100 elementor-top-column elementor-element elementor-element-65a06b6b\" data-id=\"65a06b6b\" data-element_type=\"column\" data-e-type=\"column\">\n\t\t\t<div class=\"elementor-widget-wrap elementor-element-populated\">\n\t\t\t\t\t\t<section class=\"elementor-section elementor-inner-section elementor-element elementor-element-4852af61 elementor-section-boxed elementor-section-height-default elementor-section-height-default\" data-id=\"4852af61\" data-element_type=\"section\" data-e-type=\"section\" data-settings=\"{&quot;jet_parallax_layout_list&quot;:[{&quot;jet_parallax_layout_image&quot;:{&quot;url&quot;:&quot;&quot;,&quot;id&quot;:&quot;&quot;,&quot;size&quot;:&quot;&quot;},&quot;_id&quot;:&quot;bff19ef&quot;,&quot;jet_parallax_layout_image_tablet&quot;:{&quot;url&quot;:&quot;&quot;,&quot;id&quot;:&quot;&quot;,&quot;size&quot;:&quot;&quot;},&quot;jet_parallax_layout_image_mobile&quot;:{&quot;url&quot;:&quot;&quot;,&quot;id&quot;:&quot;&quot;,&quot;size&quot;:&quot;&quot;},&quot;jet_parallax_layout_speed&quot;:{&quot;unit&quot;:&quot;%&quot;,&quot;size&quot;:50,&quot;sizes&quot;:[]},&quot;jet_parallax_layout_type&quot;:&quot;scroll&quot;,&quot;jet_parallax_layout_direction&quot;:&quot;1&quot;,&quot;jet_parallax_layout_fx_direction&quot;:null,&quot;jet_parallax_layout_z_index&quot;:&quot;&quot;,&quot;jet_parallax_layout_bg_x&quot;:50,&quot;jet_parallax_layout_bg_x_tablet&quot;:&quot;&quot;,&quot;jet_parallax_layout_bg_x_mobile&quot;:&quot;&quot;,&quot;jet_parallax_layout_bg_y&quot;:50,&quot;jet_parallax_layout_bg_y_tablet&quot;:&quot;&quot;,&quot;jet_parallax_layout_bg_y_mobile&quot;:&quot;&quot;,&quot;jet_parallax_layout_bg_size&quot;:&quot;auto&quot;,&quot;jet_parallax_layout_bg_size_tablet&quot;:&quot;&quot;,&quot;jet_parallax_layout_bg_size_mobile&quot;:&quot;&quot;,&quot;jet_parallax_layout_animation_prop&quot;:&quot;transform&quot;,&quot;jet_parallax_layout_on&quot;:[&quot;desktop&quot;,&quot;tablet&quot;]}]}\">\n\t\t\t\t\t\t<div class=\"elementor-container elementor-column-gap-default\">\n\t\t\t\t\t<div class=\"elementor-column elementor-col-100 elementor-inner-column elementor-element elementor-element-4d4bdf98\" data-id=\"4d4bdf98\" data-element_type=\"column\" data-e-type=\"column\">\n\t\t\t<div class=\"elementor-widget-wrap elementor-element-populated\">\n\t\t\t\t\t\t<div class=\"elementor-element elementor-element-43249d60 elementor-widget elementor-widget-heading\" data-id=\"43249d60\" data-element_type=\"widget\" data-e-type=\"widget\" data-widget_type=\"heading.default\">\n\t\t\t\t\t<h1 class=\"elementor-heading-title elementor-size-default\"> HIV + Blivande f\u00f6r\u00e4ldrar<\/h1>\t\t\t\t<\/div>\n\t\t\t\t\t<\/div>\n\t\t<\/div>\n\t\t\t\t\t<\/div>\n\t\t<\/section>\n\t\t\t\t\t<\/div>\n\t\t<\/div>\n\t\t\t\t\t<\/div>\n\t\t<\/section>\n\t\t\t\t<section class=\"elementor-section elementor-top-section elementor-element elementor-element-1f21882e elementor-section-boxed elementor-section-height-default elementor-section-height-default\" data-id=\"1f21882e\" data-element_type=\"section\" data-e-type=\"section\" data-settings=\"{&quot;background_background&quot;:&quot;classic&quot;,&quot;jet_parallax_layout_list&quot;:[{&quot;jet_parallax_layout_image&quot;:{&quot;url&quot;:&quot;&quot;,&quot;id&quot;:&quot;&quot;,&quot;size&quot;:&quot;&quot;},&quot;_id&quot;:&quot;1fb1466&quot;,&quot;jet_parallax_layout_image_tablet&quot;:{&quot;url&quot;:&quot;&quot;,&quot;id&quot;:&quot;&quot;,&quot;size&quot;:&quot;&quot;},&quot;jet_parallax_layout_image_mobile&quot;:{&quot;url&quot;:&quot;&quot;,&quot;id&quot;:&quot;&quot;,&quot;size&quot;:&quot;&quot;},&quot;jet_parallax_layout_speed&quot;:{&quot;unit&quot;:&quot;%&quot;,&quot;size&quot;:50,&quot;sizes&quot;:[]},&quot;jet_parallax_layout_type&quot;:&quot;scroll&quot;,&quot;jet_parallax_layout_direction&quot;:&quot;1&quot;,&quot;jet_parallax_layout_fx_direction&quot;:null,&quot;jet_parallax_layout_z_index&quot;:&quot;&quot;,&quot;jet_parallax_layout_bg_x&quot;:50,&quot;jet_parallax_layout_bg_x_tablet&quot;:&quot;&quot;,&quot;jet_parallax_layout_bg_x_mobile&quot;:&quot;&quot;,&quot;jet_parallax_layout_bg_y&quot;:50,&quot;jet_parallax_layout_bg_y_tablet&quot;:&quot;&quot;,&quot;jet_parallax_layout_bg_y_mobile&quot;:&quot;&quot;,&quot;jet_parallax_layout_bg_size&quot;:&quot;auto&quot;,&quot;jet_parallax_layout_bg_size_tablet&quot;:&quot;&quot;,&quot;jet_parallax_layout_bg_size_mobile&quot;:&quot;&quot;,&quot;jet_parallax_layout_animation_prop&quot;:&quot;transform&quot;,&quot;jet_parallax_layout_on&quot;:[&quot;desktop&quot;,&quot;tablet&quot;]}]}\">\n\t\t\t\t\t\t<div class=\"elementor-container elementor-column-gap-default\">\n\t\t\t\t\t<div class=\"elementor-column elementor-col-50 elementor-top-column elementor-element elementor-element-7cd07121\" data-id=\"7cd07121\" data-element_type=\"column\" data-e-type=\"column\">\n\t\t\t<div class=\"elementor-widget-wrap elementor-element-populated\">\n\t\t\t\t\t\t<section class=\"elementor-section elementor-inner-section elementor-element elementor-element-c5a9d3a elementor-section-boxed elementor-section-height-default elementor-section-height-default\" data-id=\"c5a9d3a\" data-element_type=\"section\" data-e-type=\"section\" data-settings=\"{&quot;jet_parallax_layout_list&quot;:[{&quot;jet_parallax_layout_image&quot;:{&quot;url&quot;:&quot;&quot;,&quot;id&quot;:&quot;&quot;,&quot;size&quot;:&quot;&quot;},&quot;_id&quot;:&quot;c135fc1&quot;,&quot;jet_parallax_layout_image_tablet&quot;:{&quot;url&quot;:&quot;&quot;,&quot;id&quot;:&quot;&quot;,&quot;size&quot;:&quot;&quot;},&quot;jet_parallax_layout_image_mobile&quot;:{&quot;url&quot;:&quot;&quot;,&quot;id&quot;:&quot;&quot;,&quot;size&quot;:&quot;&quot;},&quot;jet_parallax_layout_speed&quot;:{&quot;unit&quot;:&quot;%&quot;,&quot;size&quot;:50,&quot;sizes&quot;:[]},&quot;jet_parallax_layout_type&quot;:&quot;scroll&quot;,&quot;jet_parallax_layout_direction&quot;:&quot;1&quot;,&quot;jet_parallax_layout_fx_direction&quot;:null,&quot;jet_parallax_layout_z_index&quot;:&quot;&quot;,&quot;jet_parallax_layout_bg_x&quot;:50,&quot;jet_parallax_layout_bg_x_tablet&quot;:&quot;&quot;,&quot;jet_parallax_layout_bg_x_mobile&quot;:&quot;&quot;,&quot;jet_parallax_layout_bg_y&quot;:50,&quot;jet_parallax_layout_bg_y_tablet&quot;:&quot;&quot;,&quot;jet_parallax_layout_bg_y_mobile&quot;:&quot;&quot;,&quot;jet_parallax_layout_bg_size&quot;:&quot;auto&quot;,&quot;jet_parallax_layout_bg_size_tablet&quot;:&quot;&quot;,&quot;jet_parallax_layout_bg_size_mobile&quot;:&quot;&quot;,&quot;jet_parallax_layout_animation_prop&quot;:&quot;transform&quot;,&quot;jet_parallax_layout_on&quot;:[&quot;desktop&quot;,&quot;tablet&quot;]}]}\">\n\t\t\t\t\t\t<div class=\"elementor-container elementor-column-gap-default\">\n\t\t\t\t\t<div class=\"elementor-column elementor-col-100 elementor-inner-column elementor-element elementor-element-21950cd1\" data-id=\"21950cd1\" data-element_type=\"column\" data-e-type=\"column\">\n\t\t\t<div class=\"elementor-widget-wrap elementor-element-populated\">\n\t\t\t\t\t\t<div class=\"elementor-element elementor-element-375f4f3c elementor-widget elementor-widget-text-editor\" data-id=\"375f4f3c\" data-element_type=\"widget\" data-e-type=\"widget\" data-widget_type=\"text-editor.default\">\n\t\t\t\t\t\t\t\t\t<p>Tammuz Family \u00e4r ocks\u00e5 stolt \u00f6ver att leda utvecklingen av surrogatprocesser bland par och singlar som \u00e4r HIV +. Detta representerar en v\u00e4lkomnande f\u00f6r\u00e4ndring och g\u00f6r att dessa familjer kan bli en integrerad del av hela samh\u00e4llet. Avancerad fertilitetsteknik g\u00f6r det m\u00f6jligt f\u00f6r par och singlar som lever med HIV att genomg\u00e5 IVF och bli gravida med helt friska barn. Spermtv\u00e4tt erbjuds endast i USA och Colombia. De blivande f\u00f6r\u00e4ldrarna flyger till antingen Los Angeles eller Bogot\u00e1 och genomg\u00e5r specifika tester innan spermietv\u00e4tt p\u00e5b\u00f6rjas. Efter att testfasen \u00e4r klar genomf\u00f6rs spermietv\u00e4tt som en del av SPAR-planen (Special Program of Assisted Reproduction). I maj 2017, efter att ha granskat rapporter om 11 500 assisterade befruktningscykler som anv\u00e4nde spermietv\u00e4ttstekniken, under vilken ingen kvinna eller barn fick HIV, best\u00e4mde den amerikanska regeringens Centers for Disease Control and Prevention (CDC) att processen var tillr\u00e4ckligt s\u00e4ker f\u00f6r att st\u00f6dja och detta g\u00f6r nu att vi kan hj\u00e4lpa till att erbjuda surrogatprocesser f\u00f6r de som \u00e4r HIV+.<\/p>\t\t\t\t\t\t\t\t<\/div>\n\t\t\t\t\t<\/div>\n\t\t<\/div>\n\t\t\t\t\t<\/div>\n\t\t<\/section>\n\t\t\t\t\t<\/div>\n\t\t<\/div>\n\t\t\t\t<div class=\"elementor-column elementor-col-50 elementor-top-column elementor-element elementor-element-38a486b8\" data-id=\"38a486b8\" data-element_type=\"column\" data-e-type=\"column\">\n\t\t\t<div class=\"elementor-widget-wrap\">\n\t\t\t\t\t\t\t<\/div>\n\t\t<\/div>\n\t\t\t\t\t<\/div>\n\t\t<\/section>\n\t\t\t\t<section class=\"elementor-section elementor-top-section elementor-element elementor-element-235e066 elementor-section-boxed elementor-section-height-default elementor-section-height-default\" data-id=\"235e066\" data-element_type=\"section\" data-e-type=\"section\" data-settings=\"{&quot;jet_parallax_layout_list&quot;:[{&quot;jet_parallax_layout_image&quot;:{&quot;url&quot;:&quot;&quot;,&quot;id&quot;:&quot;&quot;,&quot;size&quot;:&quot;&quot;},&quot;_id&quot;:&quot;10bae44&quot;,&quot;jet_parallax_layout_image_tablet&quot;:{&quot;url&quot;:&quot;&quot;,&quot;id&quot;:&quot;&quot;,&quot;size&quot;:&quot;&quot;},&quot;jet_parallax_layout_image_mobile&quot;:{&quot;url&quot;:&quot;&quot;,&quot;id&quot;:&quot;&quot;,&quot;size&quot;:&quot;&quot;},&quot;jet_parallax_layout_speed&quot;:{&quot;unit&quot;:&quot;%&quot;,&quot;size&quot;:50,&quot;sizes&quot;:[]},&quot;jet_parallax_layout_type&quot;:&quot;scroll&quot;,&quot;jet_parallax_layout_direction&quot;:&quot;1&quot;,&quot;jet_parallax_layout_fx_direction&quot;:null,&quot;jet_parallax_layout_z_index&quot;:&quot;&quot;,&quot;jet_parallax_layout_bg_x&quot;:50,&quot;jet_parallax_layout_bg_x_tablet&quot;:&quot;&quot;,&quot;jet_parallax_layout_bg_x_mobile&quot;:&quot;&quot;,&quot;jet_parallax_layout_bg_y&quot;:50,&quot;jet_parallax_layout_bg_y_tablet&quot;:&quot;&quot;,&quot;jet_parallax_layout_bg_y_mobile&quot;:&quot;&quot;,&quot;jet_parallax_layout_bg_size&quot;:&quot;auto&quot;,&quot;jet_parallax_layout_bg_size_tablet&quot;:&quot;&quot;,&quot;jet_parallax_layout_bg_size_mobile&quot;:&quot;&quot;,&quot;jet_parallax_layout_animation_prop&quot;:&quot;transform&quot;,&quot;jet_parallax_layout_on&quot;:[&quot;desktop&quot;,&quot;tablet&quot;]}],&quot;background_background&quot;:&quot;classic&quot;}\">\n\t\t\t\t\t\t<div class=\"elementor-container elementor-column-gap-default\">\n\t\t\t\t\t<div class=\"elementor-column elementor-col-100 elementor-top-column elementor-element elementor-element-370ddb1f\" data-id=\"370ddb1f\" data-element_type=\"column\" data-e-type=\"column\">\n\t\t\t<div class=\"elementor-widget-wrap elementor-element-populated\">\n\t\t\t\t\t\t<section class=\"elementor-section elementor-inner-section elementor-element elementor-element-13cc7dd9 elementor-section-boxed elementor-section-height-default elementor-section-height-default\" data-id=\"13cc7dd9\" data-element_type=\"section\" data-e-type=\"section\" data-settings=\"{&quot;jet_parallax_layout_list&quot;:[{&quot;jet_parallax_layout_image&quot;:{&quot;url&quot;:&quot;&quot;,&quot;id&quot;:&quot;&quot;,&quot;size&quot;:&quot;&quot;},&quot;_id&quot;:&quot;9c6dfb8&quot;,&quot;jet_parallax_layout_image_tablet&quot;:{&quot;url&quot;:&quot;&quot;,&quot;id&quot;:&quot;&quot;,&quot;size&quot;:&quot;&quot;},&quot;jet_parallax_layout_image_mobile&quot;:{&quot;url&quot;:&quot;&quot;,&quot;id&quot;:&quot;&quot;,&quot;size&quot;:&quot;&quot;},&quot;jet_parallax_layout_speed&quot;:{&quot;unit&quot;:&quot;%&quot;,&quot;size&quot;:50,&quot;sizes&quot;:[]},&quot;jet_parallax_layout_type&quot;:&quot;scroll&quot;,&quot;jet_parallax_layout_direction&quot;:&quot;1&quot;,&quot;jet_parallax_layout_fx_direction&quot;:null,&quot;jet_parallax_layout_z_index&quot;:&quot;&quot;,&quot;jet_parallax_layout_bg_x&quot;:50,&quot;jet_parallax_layout_bg_x_tablet&quot;:&quot;&quot;,&quot;jet_parallax_layout_bg_x_mobile&quot;:&quot;&quot;,&quot;jet_parallax_layout_bg_y&quot;:50,&quot;jet_parallax_layout_bg_y_tablet&quot;:&quot;&quot;,&quot;jet_parallax_layout_bg_y_mobile&quot;:&quot;&quot;,&quot;jet_parallax_layout_bg_size&quot;:&quot;auto&quot;,&quot;jet_parallax_layout_bg_size_tablet&quot;:&quot;&quot;,&quot;jet_parallax_layout_bg_size_mobile&quot;:&quot;&quot;,&quot;jet_parallax_layout_animation_prop&quot;:&quot;transform&quot;,&quot;jet_parallax_layout_on&quot;:[&quot;desktop&quot;,&quot;tablet&quot;]}]}\">\n\t\t\t\t\t\t<div class=\"elementor-container elementor-column-gap-default\">\n\t\t\t\t\t<div class=\"elementor-column elementor-col-50 elementor-inner-column elementor-element elementor-element-2938f593\" data-id=\"2938f593\" data-element_type=\"column\" data-e-type=\"column\">\n\t\t\t<div class=\"elementor-widget-wrap elementor-element-populated\">\n\t\t\t\t\t\t<div class=\"elementor-element elementor-element-109dbc0a elementor-widget elementor-widget-heading\" data-id=\"109dbc0a\" data-element_type=\"widget\" data-e-type=\"widget\" data-widget_type=\"heading.default\">\n\t\t\t\t\t<h2 class=\"elementor-heading-title elementor-size-default\">8 reasons why Intended Parents choose Tammuz<\/h2>\t\t\t\t<\/div>\n\t\t\t\t\t<\/div>\n\t\t<\/div>\n\t\t\t\t<div class=\"elementor-column elementor-col-50 elementor-inner-column elementor-element elementor-element-6670a872\" data-id=\"6670a872\" data-element_type=\"column\" data-e-type=\"column\">\n\t\t\t<div class=\"elementor-widget-wrap elementor-element-populated\">\n\t\t\t\t\t\t<div class=\"elementor-element elementor-element-74887ab2 elementor-align-left elementor-widget__width-auto elementor-widget elementor-widget-button\" data-id=\"74887ab2\" data-element_type=\"widget\" data-e-type=\"widget\" data-widget_type=\"button.default\">\n\t\t\t\t\t\t\t\t\t\t<a class=\"elementor-button elementor-button-link elementor-size-lg\" href=\"#\">\n\t\t\t\t\t\t<span class=\"elementor-button-content-wrapper\">\n\t\t\t\t\t\t\t\t\t<span class=\"elementor-button-text\">read more<\/span>\n\t\t\t\t\t<\/span>\n\t\t\t\t\t<\/a>\n\t\t\t\t\t\t\t\t<\/div>\n\t\t\t\t\t<\/div>\n\t\t<\/div>\n\t\t\t\t\t<\/div>\n\t\t<\/section>\n\t\t\t\t\t<\/div>\n\t\t<\/div>\n\t\t\t\t\t<\/div>\n\t\t<\/section>\n\t\t\t\t<\/div>\n\t\t","protected":false},"excerpt":{"rendered":"<p>HIV + Blivande f\u00f6r\u00e4ldrar Tammuz Family \u00e4r ocks\u00e5 stolt \u00f6ver att leda utvecklingen av surrogatprocesser bland par och singlar som \u00e4r HIV +. Detta representerar en v\u00e4lkomnande f\u00f6r\u00e4ndring och g\u00f6r att dessa familjer kan bli en integrerad del av hela samh\u00e4llet. Avancerad fertilitetsteknik g\u00f6r det m\u00f6jligt f\u00f6r par och singlar som lever med HIV att [&hellip;]<\/p>\n","protected":false},"author":6,"featured_media":0,"parent":0,"menu_order":0,"comment_status":"closed","ping_status":"closed","template":"","meta":{"footnotes":""},"class_list":["post-9221","page","type-page","status-publish","hentry"],"yoast_head":"<!-- This site is optimized with the Yoast SEO plugin v27.3 - https:\/\/yoast.com\/product\/yoast-seo-wordpress\/ -->\n<title>Surrogatprocess f\u00f6r HIV+ - Tammuz Family<\/title>\n<meta name=\"description\" content=\"Tammuz Family \u00e4r engagerade i att st\u00f6dja par och ensamst\u00e5ende som lever med HIV genom att erbjuda surrogatprocesser.\" \/>\n<meta name=\"robots\" content=\"index, follow, max-snippet:-1, max-image-preview:large, max-video-preview:-1\" \/>\n<link rel=\"canonical\" href=\"https:\/\/www.tammuz.com\/sv\/surrogacy-for-hiv-intended-parents\/\" \/>\n<meta property=\"og:locale\" content=\"sv_SE\" \/>\n<meta property=\"og:type\" content=\"article\" \/>\n<meta property=\"og:title\" content=\"Surrogatprocess f\u00f6r HIV+ - Tammuz Family\" \/>\n<meta property=\"og:description\" content=\"Tammuz Family \u00e4r engagerade i att st\u00f6dja par och ensamst\u00e5ende som lever med HIV genom att erbjuda surrogatprocesser.\" \/>\n<meta property=\"og:url\" content=\"https:\/\/www.tammuz.com\/sv\/surrogacy-for-hiv-intended-parents\/\" \/>\n<meta property=\"og:site_name\" content=\"Tammuz Family\" \/>\n<meta property=\"article:publisher\" content=\"https:\/\/www.facebook.com\/tammuzbrasil\" \/>\n<meta property=\"article:modified_time\" content=\"2026-04-29T07:32:01+00:00\" \/>\n<meta name=\"twitter:card\" content=\"summary_large_image\" \/>\n<meta name=\"twitter:label1\" content=\"Est. reading time\" \/>\n\t<meta name=\"twitter:data1\" content=\"1 minut\" \/>\n<script type=\"application\/ld+json\" class=\"yoast-schema-graph\">{\"@context\":\"https:\\\/\\\/schema.org\",\"@graph\":[{\"@type\":\"WebPage\",\"@id\":\"https:\\\/\\\/www.tammuz.com\\\/sv\\\/surrogacy-for-hiv-intended-parents\\\/\",\"url\":\"https:\\\/\\\/www.tammuz.com\\\/sv\\\/surrogacy-for-hiv-intended-parents\\\/\",\"name\":\"Surrogatprocess f\u00f6r HIV+ - Tammuz Family\",\"isPartOf\":{\"@id\":\"https:\\\/\\\/www.tammuz.com\\\/sv\\\/#website\"},\"datePublished\":\"2021-01-19T08:37:56+00:00\",\"dateModified\":\"2026-04-29T07:32:01+00:00\",\"description\":\"Tammuz Family \u00e4r engagerade i att st\u00f6dja par och ensamst\u00e5ende som lever med HIV genom att erbjuda surrogatprocesser.\",\"inLanguage\":\"sv-SE\",\"potentialAction\":[{\"@type\":\"ReadAction\",\"target\":[\"https:\\\/\\\/www.tammuz.com\\\/sv\\\/surrogacy-for-hiv-intended-parents\\\/\"]}]},{\"@type\":\"WebSite\",\"@id\":\"https:\\\/\\\/www.tammuz.com\\\/sv\\\/#website\",\"url\":\"https:\\\/\\\/www.tammuz.com\\\/sv\\\/\",\"name\":\"Tammuz Family\",\"description\":\"\",\"publisher\":{\"@id\":\"https:\\\/\\\/www.tammuz.com\\\/sv\\\/#organization\"},\"potentialAction\":[{\"@type\":\"SearchAction\",\"target\":{\"@type\":\"EntryPoint\",\"urlTemplate\":\"https:\\\/\\\/www.tammuz.com\\\/sv\\\/?s={search_term_string}\"},\"query-input\":{\"@type\":\"PropertyValueSpecification\",\"valueRequired\":true,\"valueName\":\"search_term_string\"}}],\"inLanguage\":\"sv-SE\"},{\"@type\":\"Organization\",\"@id\":\"https:\\\/\\\/www.tammuz.com\\\/sv\\\/#organization\",\"name\":\"Tammuz Surrogacy\",\"url\":\"https:\\\/\\\/www.tammuz.com\\\/sv\\\/\",\"logo\":{\"@type\":\"ImageObject\",\"inLanguage\":\"sv-SE\",\"@id\":\"https:\\\/\\\/www.tammuz.com\\\/sv\\\/#\\\/schema\\\/logo\\\/image\\\/\",\"url\":\"https:\\\/\\\/ef6qvi2fcyt.exactdn.com\\\/wp-content\\\/uploads\\\/2019\\\/11\\\/tammuz-family-logo.png?strip=all&lossy=1&ssl=1\",\"contentUrl\":\"https:\\\/\\\/ef6qvi2fcyt.exactdn.com\\\/wp-content\\\/uploads\\\/2019\\\/11\\\/tammuz-family-logo.png?strip=all&lossy=1&ssl=1\",\"width\":300,\"height\":111,\"caption\":\"Tammuz Surrogacy\"},\"image\":{\"@id\":\"https:\\\/\\\/www.tammuz.com\\\/sv\\\/#\\\/schema\\\/logo\\\/image\\\/\"},\"sameAs\":[\"https:\\\/\\\/www.facebook.com\\\/tammuzbrasil\",\"https:\\\/\\\/www.instagram.com\\\/tammuzbrasil\\\/\"]}]}<\/script>\n<!-- \/ Yoast SEO plugin. -->","yoast_head_json":{"title":"Surrogatprocess f\u00f6r HIV+ - Tammuz Family","description":"Tammuz Family \u00e4r engagerade i att st\u00f6dja par och ensamst\u00e5ende som lever med HIV genom att erbjuda surrogatprocesser.","robots":{"index":"index","follow":"follow","max-snippet":"max-snippet:-1","max-image-preview":"max-image-preview:large","max-video-preview":"max-video-preview:-1"},"canonical":"https:\/\/www.tammuz.com\/sv\/surrogacy-for-hiv-intended-parents\/","og_locale":"sv_SE","og_type":"article","og_title":"Surrogatprocess f\u00f6r HIV+ - Tammuz Family","og_description":"Tammuz Family \u00e4r engagerade i att st\u00f6dja par och ensamst\u00e5ende som lever med HIV genom att erbjuda surrogatprocesser.","og_url":"https:\/\/www.tammuz.com\/sv\/surrogacy-for-hiv-intended-parents\/","og_site_name":"Tammuz Family","article_publisher":"https:\/\/www.facebook.com\/tammuzbrasil","article_modified_time":"2026-04-29T07:32:01+00:00","twitter_card":"summary_large_image","twitter_misc":{"Est. reading time":"1 minut"},"schema":{"@context":"https:\/\/schema.org","@graph":[{"@type":"WebPage","@id":"https:\/\/www.tammuz.com\/sv\/surrogacy-for-hiv-intended-parents\/","url":"https:\/\/www.tammuz.com\/sv\/surrogacy-for-hiv-intended-parents\/","name":"Surrogatprocess f\u00f6r HIV+ - Tammuz Family","isPartOf":{"@id":"https:\/\/www.tammuz.com\/sv\/#website"},"datePublished":"2021-01-19T08:37:56+00:00","dateModified":"2026-04-29T07:32:01+00:00","description":"Tammuz Family \u00e4r engagerade i att st\u00f6dja par och ensamst\u00e5ende som lever med HIV genom att erbjuda surrogatprocesser.","inLanguage":"sv-SE","potentialAction":[{"@type":"ReadAction","target":["https:\/\/www.tammuz.com\/sv\/surrogacy-for-hiv-intended-parents\/"]}]},{"@type":"WebSite","@id":"https:\/\/www.tammuz.com\/sv\/#website","url":"https:\/\/www.tammuz.com\/sv\/","name":"Tammuz Family","description":"","publisher":{"@id":"https:\/\/www.tammuz.com\/sv\/#organization"},"potentialAction":[{"@type":"SearchAction","target":{"@type":"EntryPoint","urlTemplate":"https:\/\/www.tammuz.com\/sv\/?s={search_term_string}"},"query-input":{"@type":"PropertyValueSpecification","valueRequired":true,"valueName":"search_term_string"}}],"inLanguage":"sv-SE"},{"@type":"Organization","@id":"https:\/\/www.tammuz.com\/sv\/#organization","name":"Tammuz Surrogacy","url":"https:\/\/www.tammuz.com\/sv\/","logo":{"@type":"ImageObject","inLanguage":"sv-SE","@id":"https:\/\/www.tammuz.com\/sv\/#\/schema\/logo\/image\/","url":"https:\/\/ef6qvi2fcyt.exactdn.com\/wp-content\/uploads\/2019\/11\/tammuz-family-logo.png?strip=all&lossy=1&ssl=1","contentUrl":"https:\/\/ef6qvi2fcyt.exactdn.com\/wp-content\/uploads\/2019\/11\/tammuz-family-logo.png?strip=all&lossy=1&ssl=1","width":300,"height":111,"caption":"Tammuz Surrogacy"},"image":{"@id":"https:\/\/www.tammuz.com\/sv\/#\/schema\/logo\/image\/"},"sameAs":["https:\/\/www.facebook.com\/tammuzbrasil","https:\/\/www.instagram.com\/tammuzbrasil\/"]}]}},"_links":{"self":[{"href":"https:\/\/www.tammuz.com\/sv\/wp-json\/wp\/v2\/pages\/9221","targetHints":{"allow":["GET"]}}],"collection":[{"href":"https:\/\/www.tammuz.com\/sv\/wp-json\/wp\/v2\/pages"}],"about":[{"href":"https:\/\/www.tammuz.com\/sv\/wp-json\/wp\/v2\/types\/page"}],"author":[{"embeddable":true,"href":"https:\/\/www.tammuz.com\/sv\/wp-json\/wp\/v2\/users\/6"}],"replies":[{"embeddable":true,"href":"https:\/\/www.tammuz.com\/sv\/wp-json\/wp\/v2\/comments?post=9221"}],"version-history":[{"count":0,"href":"https:\/\/www.tammuz.com\/sv\/wp-json\/wp\/v2\/pages\/9221\/revisions"}],"wp:attachment":[{"href":"https:\/\/www.tammuz.com\/sv\/wp-json\/wp\/v2\/media?parent=9221"}],"curies":[{"name":"wp","href":"https:\/\/api.w.org\/{rel}","templated":true}]}}