{"id":21957,"date":"2022-03-16T08:45:41","date_gmt":"2022-03-16T08:45:41","guid":{"rendered":"https:\/\/www.tammuz.com\/cookie-policy\/"},"modified":"2026-04-29T10:29:11","modified_gmt":"2026-04-29T07:29:11","slug":"cookie-policy","status":"publish","type":"page","link":"https:\/\/www.tammuz.com\/sv\/cookie-policy\/","title":{"rendered":"Cookie Policy"},"content":{"rendered":"\t\t<div data-elementor-type=\"wp-page\" data-elementor-id=\"21957\" class=\"elementor elementor-21957 elementor-21487\" data-elementor-post-type=\"page\">\n\t\t\t\t\t\t<section class=\"elementor-section elementor-top-section elementor-element elementor-element-dc15884 elementor-section-content-middle elementor-section-height-min-height elementor-section-boxed elementor-section-height-default elementor-section-items-middle\" data-id=\"dc15884\" data-element_type=\"section\" data-e-type=\"section\" data-settings=\"{&quot;background_background&quot;:&quot;classic&quot;,&quot;jet_parallax_layout_list&quot;:[{&quot;jet_parallax_layout_image&quot;:{&quot;url&quot;:&quot;&quot;,&quot;id&quot;:&quot;&quot;,&quot;size&quot;:&quot;&quot;},&quot;_id&quot;:&quot;dada152&quot;,&quot;jet_parallax_layout_image_tablet&quot;:{&quot;url&quot;:&quot;&quot;,&quot;id&quot;:&quot;&quot;,&quot;size&quot;:&quot;&quot;},&quot;jet_parallax_layout_image_mobile&quot;:{&quot;url&quot;:&quot;&quot;,&quot;id&quot;:&quot;&quot;,&quot;size&quot;:&quot;&quot;},&quot;jet_parallax_layout_speed&quot;:{&quot;unit&quot;:&quot;%&quot;,&quot;size&quot;:50,&quot;sizes&quot;:[]},&quot;jet_parallax_layout_type&quot;:&quot;scroll&quot;,&quot;jet_parallax_layout_direction&quot;:&quot;1&quot;,&quot;jet_parallax_layout_fx_direction&quot;:null,&quot;jet_parallax_layout_z_index&quot;:&quot;&quot;,&quot;jet_parallax_layout_bg_x&quot;:50,&quot;jet_parallax_layout_bg_x_tablet&quot;:&quot;&quot;,&quot;jet_parallax_layout_bg_x_mobile&quot;:&quot;&quot;,&quot;jet_parallax_layout_bg_y&quot;:50,&quot;jet_parallax_layout_bg_y_tablet&quot;:&quot;&quot;,&quot;jet_parallax_layout_bg_y_mobile&quot;:&quot;&quot;,&quot;jet_parallax_layout_bg_size&quot;:&quot;auto&quot;,&quot;jet_parallax_layout_bg_size_tablet&quot;:&quot;&quot;,&quot;jet_parallax_layout_bg_size_mobile&quot;:&quot;&quot;,&quot;jet_parallax_layout_animation_prop&quot;:&quot;transform&quot;,&quot;jet_parallax_layout_on&quot;:[&quot;desktop&quot;,&quot;tablet&quot;]}]}\">\n\t\t\t\t\t\t<div class=\"elementor-container elementor-column-gap-default\">\n\t\t\t\t\t<div class=\"elementor-column elementor-col-100 elementor-top-column elementor-element elementor-element-7b0930a\" data-id=\"7b0930a\" data-element_type=\"column\" data-e-type=\"column\">\n\t\t\t<div class=\"elementor-widget-wrap elementor-element-populated\">\n\t\t\t\t\t\t<section class=\"elementor-section elementor-inner-section elementor-element elementor-element-6aa0a79 elementor-section-boxed elementor-section-height-default elementor-section-height-default\" data-id=\"6aa0a79\" data-element_type=\"section\" data-e-type=\"section\" data-settings=\"{&quot;jet_parallax_layout_list&quot;:[{&quot;jet_parallax_layout_image&quot;:{&quot;url&quot;:&quot;&quot;,&quot;id&quot;:&quot;&quot;,&quot;size&quot;:&quot;&quot;},&quot;_id&quot;:&quot;bff19ef&quot;,&quot;jet_parallax_layout_image_tablet&quot;:{&quot;url&quot;:&quot;&quot;,&quot;id&quot;:&quot;&quot;,&quot;size&quot;:&quot;&quot;},&quot;jet_parallax_layout_image_mobile&quot;:{&quot;url&quot;:&quot;&quot;,&quot;id&quot;:&quot;&quot;,&quot;size&quot;:&quot;&quot;},&quot;jet_parallax_layout_speed&quot;:{&quot;unit&quot;:&quot;%&quot;,&quot;size&quot;:50,&quot;sizes&quot;:[]},&quot;jet_parallax_layout_type&quot;:&quot;scroll&quot;,&quot;jet_parallax_layout_direction&quot;:&quot;1&quot;,&quot;jet_parallax_layout_fx_direction&quot;:null,&quot;jet_parallax_layout_z_index&quot;:&quot;&quot;,&quot;jet_parallax_layout_bg_x&quot;:50,&quot;jet_parallax_layout_bg_x_tablet&quot;:&quot;&quot;,&quot;jet_parallax_layout_bg_x_mobile&quot;:&quot;&quot;,&quot;jet_parallax_layout_bg_y&quot;:50,&quot;jet_parallax_layout_bg_y_tablet&quot;:&quot;&quot;,&quot;jet_parallax_layout_bg_y_mobile&quot;:&quot;&quot;,&quot;jet_parallax_layout_bg_size&quot;:&quot;auto&quot;,&quot;jet_parallax_layout_bg_size_tablet&quot;:&quot;&quot;,&quot;jet_parallax_layout_bg_size_mobile&quot;:&quot;&quot;,&quot;jet_parallax_layout_animation_prop&quot;:&quot;transform&quot;,&quot;jet_parallax_layout_on&quot;:[&quot;desktop&quot;,&quot;tablet&quot;]}]}\">\n\t\t\t\t\t\t<div class=\"elementor-container elementor-column-gap-default\">\n\t\t\t\t\t<div class=\"elementor-column elementor-col-100 elementor-inner-column elementor-element elementor-element-4b9842b\" data-id=\"4b9842b\" data-element_type=\"column\" data-e-type=\"column\">\n\t\t\t<div class=\"elementor-widget-wrap elementor-element-populated\">\n\t\t\t\t\t\t<div class=\"elementor-element elementor-element-3b3a043 elementor-widget elementor-widget-heading\" data-id=\"3b3a043\" data-element_type=\"widget\" data-e-type=\"widget\" data-widget_type=\"heading.default\">\n\t\t\t\t\t<h1 class=\"elementor-heading-title elementor-size-default\">Cookie Policy<\/h1>\t\t\t\t<\/div>\n\t\t\t\t\t<\/div>\n\t\t<\/div>\n\t\t\t\t\t<\/div>\n\t\t<\/section>\n\t\t\t\t\t<\/div>\n\t\t<\/div>\n\t\t\t\t\t<\/div>\n\t\t<\/section>\n\t\t\t\t<section class=\"elementor-section elementor-top-section elementor-element elementor-element-38c7cf75 elementor-section-boxed elementor-section-height-default elementor-section-height-default\" data-id=\"38c7cf75\" data-element_type=\"section\" data-e-type=\"section\" data-settings=\"{&quot;jet_parallax_layout_list&quot;:[]}\">\n\t\t\t\t\t\t<div class=\"elementor-container elementor-column-gap-default\">\n\t\t\t\t\t<div class=\"elementor-column elementor-col-100 elementor-top-column elementor-element elementor-element-7fc08d5e\" data-id=\"7fc08d5e\" data-element_type=\"column\" data-e-type=\"column\">\n\t\t\t<div class=\"elementor-widget-wrap elementor-element-populated\">\n\t\t\t\t\t\t<div class=\"elementor-element elementor-element-50bea33a elementor-widget elementor-widget-text-editor\" data-id=\"50bea33a\" data-element_type=\"widget\" data-e-type=\"widget\" data-widget_type=\"text-editor.default\">\n\t\t\t\t\t\t\t\t\t<p>B.Y.T Tammuz Family Ltd. (\u201d<strong>Tammuz<\/strong>\u201d, \u201d<strong>vi<\/strong>\u201d, \u201d<strong>v\u00e5r<\/strong>\u201d) \u00e4r medvetna om vikten av din integritet. I denna cookiepolicy (\u201d<b>cookiepolicy<\/b>\u201d) informerar vi dig om anv\u00e4ndningen av cookies p\u00e5 v\u00e5r webbplats (\u201d<b>webbplatsen<\/b>\u201d).<br>Vi anv\u00e4nder cookies p\u00e5 v\u00e5r webbplats av en m\u00e4ngd olika anledningar som du kan l\u00e4sa om nedan. Vi vill att v\u00e5r webbplats ska vara informativ, personlig och s\u00e5 anv\u00e4ndarv\u00e4nlig som m\u00f6jligt och cookies hj\u00e4lper oss att uppn\u00e5 det m\u00e5let.<\/p>\n<h2>Vad \u00e4r cookies?<\/h2>\n<p>En cookie \u00e4r en liten bit text som v\u00e5r webbplats skickar till din webbl\u00e4sare. Det hj\u00e4lper webbplatsen att komma ih\u00e5g information om ditt bes\u00f6k, dina handlingar och preferenser s\u00e5som inloggning, spr\u00e5k, teckenstorlek och andra visningspreferenser \u00f6ver en tidsperiod, s\u00e5 att du inte beh\u00f6ver ange dem igen n\u00e4r du kommer tillbaka till webbplatsen eller bl\u00e4ddrar fr\u00e5n en sida till en annan. Genom att placera cookies p\u00e5 din dator kan ditt n\u00e4sta bes\u00f6k g\u00f6ras enklare och webbplatsen blir anv\u00e4ndbar f\u00f6r dig.<br>Vi anv\u00e4nder flera kategorier av cookies och var och en har olika funktioner. Du kan l\u00e4sa mer om cookies och f\u00e5 en \u00f6versikt av deras funktion genom att bes\u00f6ka en webbplats med information om cookies som https:\/\/www.allaboutcookies.org\/.<\/p>\n<h2>Cookies vi anv\u00e4nder:<\/h2>\n<p>1. Strikt n\u00f6dv\u00e4ndiga\/tekniska cookies: Strikt n\u00f6dv\u00e4ndiga cookies \u00e4r n\u00f6dv\u00e4ndiga f\u00f6r att du ska kunna navigera p\u00e5 webbplatsen och anv\u00e4nda vissa funktioner. Eftersom dessa cookies \u00e4r absolut n\u00f6dv\u00e4ndiga beh\u00f6ver vi inte be om ditt samtycke f\u00f6r att anv\u00e4nda dem. Utan dessa strikt n\u00f6dv\u00e4ndiga cookies kan webbplatsen inte drivas och tillhandah\u00e5llas till dig. Dessa cookies \u00e4r n\u00f6dv\u00e4ndiga f\u00f6r att vi ska kunna driva v\u00e5r webbplats s\u00e5 att du kan f\u00e5 tillg\u00e5ng till den som du har beg\u00e4rt. Med dessa cookies kan vi exempelvis se att du har skapat ett konto och har loggat in p\u00e5 det kontot f\u00f6r att komma \u00e5t webbplatsens inneh\u00e5ll. Det finns ocks\u00e5 cookies som hj\u00e4lper oss att komma ih\u00e5g dina tidigare handlingar vid samma bes\u00f6k och g\u00f6ra v\u00e5r webbplats s\u00e4ker. En ytterligare typ av n\u00f6dv\u00e4ndiga cookies \u00e4r cookies som placeras p\u00e5 din dator f\u00f6r att g\u00f6ra din interaktion med v\u00e5r webbplats s\u00e4krare. Vi anv\u00e4nder s\u00e4kerhetscookies f\u00f6r att autentisera anv\u00e4ndare, f\u00f6rhindra bedr\u00e4glig anv\u00e4ndning av inloggningsuppgifter och skydda anv\u00e4ndarinformation s\u00e5 att obeh\u00f6riga parter inte kommer \u00e5t den.<br>2. Analytiska cookies\/prestandacookies: Dessa cookies anv\u00e4nds av oss eller tredje parts-tj\u00e4nsteleverant\u00f6rer f\u00f6r att analysera hur webbplatsen anv\u00e4nds och dess prestanda. Dessa cookies sp\u00e5rar exempelvis vilka sidor som oftast bes\u00f6ks och var v\u00e5ra bes\u00f6kare kommer fr\u00e5n.<br>3. Funktionella cookies: Vi kan anv\u00e4nda cookies som \u00e4r n\u00f6dv\u00e4ndiga f\u00f6r att v\u00e5r webbplats ska kunna fungera n\u00e4r du loggar in p\u00e5 och anv\u00e4nder v\u00e5r webbplats. V\u00e5ra funktionella cookies anv\u00e4nds f\u00f6r att komma ih\u00e5g val du g\u00f6r som spr\u00e5kinst\u00e4llningar, land eller andra onlineinst\u00e4llningar samt identitet n\u00e4r du loggar in p\u00e5 v\u00e5r webbplats eller h\u00e5ller reda p\u00e5 dina angivna preferenser och intressen. Med hj\u00e4lp av funktionella cookies kan vi f\u00f6rb\u00e4ttra inneh\u00e5llet och hur vi presenterar det p\u00e5 v\u00e5r webbplats.<br>4. Reklamcookies fr\u00e5n tredje part: Dessa cookies samlar in information om dina aktiviteter p\u00e5 webbplatsen och andra webbplatser f\u00f6r att ge dig riktad reklam. Vi kan ocks\u00e5 till\u00e5ta v\u00e5ra tredje parts-tj\u00e4nsteleverant\u00f6rer att anv\u00e4nda cookies p\u00e5 webbplatsen f\u00f6r samma syften som identifierats ovan, till exempel f\u00f6r att samla in information om dina onlineaktiviteter \u00f6ver tid och p\u00e5 olika webbplatser.<\/p>\n<h2>Inaktivera Cookies<\/h2>\n<p>Det finns flera olika s\u00e4tt f\u00f6r dig att hantera cookies och annan sp\u00e5rningsteknik. Genom v\u00e5r popup-bar f\u00f6r cookies eller dina webbl\u00e4sarinst\u00e4llningar kan du acceptera eller avvisa cookies som vi placerar ut. Du b\u00f6r vara medveten om att du kanske inte kan anv\u00e4nda alla v\u00e5ra interaktiva funktioner om du v\u00e4ljer att v\u00e4lja bort cookies. De flesta webbl\u00e4sare till\u00e5ter viss kontroll av de flesta cookies genom inst\u00e4llningarna i webbl\u00e4saren. H\u00e4r kan du l\u00e4sa mer om hur du hanterar cookies i popul\u00e4ra webbl\u00e4sare:<br>\u2022 <a href=\"https:\/\/support.google.com\/accounts\/answer\/61416?co=GENIE.Platform%3DDesktop&amp;hl=en\" target=\"_blank\" rel=\"noopener\">Google Chrome<\/a><br>\u2022 <a href=\"https:\/\/privacy.microsoft.com\/en-us\/windows-10-microsoft-edge-and-privacy\" target=\"_blank\" rel=\"noopener\">Microsoft Edge<\/a><br>\u2022 <a href=\"https:\/\/support.mozilla.org\/en-US\/kb\/enable-and-disable-cookies-website-preferences\" target=\"_blank\" rel=\"noopener\">Mozilla Firefox<\/a><br>\u2022 <a href=\"https:\/\/support.microsoft.com\/en-gb\/help\/17442\/windows-internet-explorer-delete-manage-cookies\" target=\"_blank\" rel=\"noopener\">Microsoft Internet Explorer<\/a><br>\u2022 <a href=\"https:\/\/www.opera.com\/help\/tutorials\/security\/privacy\/\" target=\"_blank\" rel=\"noopener\">Opera<\/a><br>\u2022 <a href=\"https:\/\/support.apple.com\/en-gb\/safari\" target=\"_blank\" rel=\"noopener\">Apple Safari<\/a><\/p>\n<h2>\u00c4ndringar och uppdateringar<\/h2>\n<p>Vi kan fr\u00e5n tid till annan g\u00f6ra uppdateringar i denna cookiepolicy. Vi ber dig att regelbundet l\u00e4sa igenom denna cookiepolicy f\u00f6r att h\u00e5lla dig informerad om v\u00e5r anv\u00e4ndning av cookies, informationen vi samlar in via cookies och eventuella uppdateringar i samband med detta.<br>Vi kommer att publicera eventuella \u00e4ndringar av denna cookiepolicy p\u00e5 v\u00e5r webbplats.<br>Kontakta oss<br>Om du har fr\u00e5gor om denna cookiepolicy \u00e4r du v\u00e4lkommen att kontakta oss.<\/p>\t\t\t\t\t\t\t\t<\/div>\n\t\t\t\t\t<\/div>\n\t\t<\/div>\n\t\t\t\t\t<\/div>\n\t\t<\/section>\n\t\t\t\t<\/div>\n\t\t","protected":false},"excerpt":{"rendered":"<p>B.Y.T Tammuz Family Ltd. (\u201dTammuz\u201d, \u201dvi\u201d, \u201dv\u00e5r\u201d) \u00e4r medvetna om vikten av din integritet. I denna cookiepolicy (\u201dcookiepolicy\u201d) informerar vi dig om anv\u00e4ndningen av cookies p\u00e5 v\u00e5r webbplats (\u201dwebbplatsen\u201d).Vi anv\u00e4nder cookies p\u00e5 v\u00e5r webbplats av en m\u00e4ngd olika anledningar som du kan l\u00e4sa om nedan. Vi vill att v\u00e5r webbplats ska vara informativ, personlig och [&hellip;]<\/p>\n","protected":false},"author":6,"featured_media":21958,"parent":0,"menu_order":0,"comment_status":"closed","ping_status":"closed","template":"","meta":{"footnotes":""},"class_list":["post-21957","page","type-page","status-publish","has-post-thumbnail","hentry"],"yoast_head":"<!-- This site is optimized with the Yoast SEO plugin v27.3 - https:\/\/yoast.com\/product\/yoast-seo-wordpress\/ -->\n<title>Cookie Policy - Tammuz Family<\/title>\n<meta name=\"robots\" content=\"index, follow, max-snippet:-1, max-image-preview:large, max-video-preview:-1\" \/>\n<link rel=\"canonical\" href=\"https:\/\/www.tammuz.com\/sv\/cookie-policy\/\" \/>\n<meta property=\"og:locale\" content=\"sv_SE\" \/>\n<meta property=\"og:type\" content=\"article\" \/>\n<meta property=\"og:title\" content=\"Cookie Policy - Tammuz Family\" \/>\n<meta property=\"og:description\" content=\"B.Y.T Tammuz Family Ltd. (\u201dTammuz\u201d, \u201dvi\u201d, \u201dv\u00e5r\u201d) \u00e4r medvetna om vikten av din integritet. I denna cookiepolicy (\u201dcookiepolicy\u201d) informerar vi dig om anv\u00e4ndningen av cookies p\u00e5 v\u00e5r webbplats (\u201dwebbplatsen\u201d).Vi anv\u00e4nder cookies p\u00e5 v\u00e5r webbplats av en m\u00e4ngd olika anledningar som du kan l\u00e4sa om nedan. Vi vill att v\u00e5r webbplats ska vara informativ, personlig och [&hellip;]\" \/>\n<meta property=\"og:url\" content=\"https:\/\/www.tammuz.com\/sv\/cookie-policy\/\" \/>\n<meta property=\"og:site_name\" content=\"Tammuz Family\" \/>\n<meta property=\"article:publisher\" content=\"https:\/\/www.facebook.com\/tammuzbrasil\" \/>\n<meta property=\"article:modified_time\" content=\"2026-04-29T07:29:11+00:00\" \/>\n<meta property=\"og:image\" content=\"https:\/\/www.tammuz.com\/wp-content\/uploads\/2019\/08\/cta-tammuz-aboutUs.jpg\" \/>\n\t<meta property=\"og:image:width\" content=\"1920\" \/>\n\t<meta property=\"og:image:height\" content=\"630\" \/>\n\t<meta property=\"og:image:type\" content=\"image\/jpeg\" \/>\n<meta name=\"twitter:card\" content=\"summary_large_image\" \/>\n<meta name=\"twitter:label1\" content=\"Est. reading time\" \/>\n\t<meta name=\"twitter:data1\" content=\"4 minuter\" \/>\n<script type=\"application\/ld+json\" class=\"yoast-schema-graph\">{\"@context\":\"https:\\\/\\\/schema.org\",\"@graph\":[{\"@type\":\"WebPage\",\"@id\":\"https:\\\/\\\/www.tammuz.com\\\/sv\\\/cookie-policy\\\/\",\"url\":\"https:\\\/\\\/www.tammuz.com\\\/sv\\\/cookie-policy\\\/\",\"name\":\"Cookie Policy - Tammuz Family\",\"isPartOf\":{\"@id\":\"https:\\\/\\\/www.tammuz.com\\\/sv\\\/#website\"},\"primaryImageOfPage\":{\"@id\":\"https:\\\/\\\/www.tammuz.com\\\/sv\\\/cookie-policy\\\/#primaryimage\"},\"image\":{\"@id\":\"https:\\\/\\\/www.tammuz.com\\\/sv\\\/cookie-policy\\\/#primaryimage\"},\"thumbnailUrl\":\"https:\\\/\\\/www.tammuz.com\\\/wp-content\\\/uploads\\\/2019\\\/08\\\/cta-tammuz-aboutUs.jpg\",\"datePublished\":\"2022-03-16T08:45:41+00:00\",\"dateModified\":\"2026-04-29T07:29:11+00:00\",\"inLanguage\":\"sv-SE\",\"potentialAction\":[{\"@type\":\"ReadAction\",\"target\":[\"https:\\\/\\\/www.tammuz.com\\\/sv\\\/cookie-policy\\\/\"]}]},{\"@type\":\"ImageObject\",\"inLanguage\":\"sv-SE\",\"@id\":\"https:\\\/\\\/www.tammuz.com\\\/sv\\\/cookie-policy\\\/#primaryimage\",\"url\":\"https:\\\/\\\/www.tammuz.com\\\/wp-content\\\/uploads\\\/2019\\\/08\\\/cta-tammuz-aboutUs.jpg\",\"contentUrl\":\"https:\\\/\\\/www.tammuz.com\\\/wp-content\\\/uploads\\\/2019\\\/08\\\/cta-tammuz-aboutUs.jpg\",\"width\":1920,\"height\":630},{\"@type\":\"WebSite\",\"@id\":\"https:\\\/\\\/www.tammuz.com\\\/sv\\\/#website\",\"url\":\"https:\\\/\\\/www.tammuz.com\\\/sv\\\/\",\"name\":\"Tammuz Family\",\"description\":\"\",\"publisher\":{\"@id\":\"https:\\\/\\\/www.tammuz.com\\\/sv\\\/#organization\"},\"potentialAction\":[{\"@type\":\"SearchAction\",\"target\":{\"@type\":\"EntryPoint\",\"urlTemplate\":\"https:\\\/\\\/www.tammuz.com\\\/sv\\\/?s={search_term_string}\"},\"query-input\":{\"@type\":\"PropertyValueSpecification\",\"valueRequired\":true,\"valueName\":\"search_term_string\"}}],\"inLanguage\":\"sv-SE\"},{\"@type\":\"Organization\",\"@id\":\"https:\\\/\\\/www.tammuz.com\\\/sv\\\/#organization\",\"name\":\"Tammuz Surrogacy\",\"url\":\"https:\\\/\\\/www.tammuz.com\\\/sv\\\/\",\"logo\":{\"@type\":\"ImageObject\",\"inLanguage\":\"sv-SE\",\"@id\":\"https:\\\/\\\/www.tammuz.com\\\/sv\\\/#\\\/schema\\\/logo\\\/image\\\/\",\"url\":\"https:\\\/\\\/ef6qvi2fcyt.exactdn.com\\\/wp-content\\\/uploads\\\/2019\\\/11\\\/tammuz-family-logo.png?strip=all&lossy=1&ssl=1\",\"contentUrl\":\"https:\\\/\\\/ef6qvi2fcyt.exactdn.com\\\/wp-content\\\/uploads\\\/2019\\\/11\\\/tammuz-family-logo.png?strip=all&lossy=1&ssl=1\",\"width\":300,\"height\":111,\"caption\":\"Tammuz Surrogacy\"},\"image\":{\"@id\":\"https:\\\/\\\/www.tammuz.com\\\/sv\\\/#\\\/schema\\\/logo\\\/image\\\/\"},\"sameAs\":[\"https:\\\/\\\/www.facebook.com\\\/tammuzbrasil\",\"https:\\\/\\\/www.instagram.com\\\/tammuzbrasil\\\/\"]}]}<\/script>\n<!-- \/ Yoast SEO plugin. -->","yoast_head_json":{"title":"Cookie Policy - Tammuz Family","robots":{"index":"index","follow":"follow","max-snippet":"max-snippet:-1","max-image-preview":"max-image-preview:large","max-video-preview":"max-video-preview:-1"},"canonical":"https:\/\/www.tammuz.com\/sv\/cookie-policy\/","og_locale":"sv_SE","og_type":"article","og_title":"Cookie Policy - Tammuz Family","og_description":"B.Y.T Tammuz Family Ltd. (\u201dTammuz\u201d, \u201dvi\u201d, \u201dv\u00e5r\u201d) \u00e4r medvetna om vikten av din integritet. I denna cookiepolicy (\u201dcookiepolicy\u201d) informerar vi dig om anv\u00e4ndningen av cookies p\u00e5 v\u00e5r webbplats (\u201dwebbplatsen\u201d).Vi anv\u00e4nder cookies p\u00e5 v\u00e5r webbplats av en m\u00e4ngd olika anledningar som du kan l\u00e4sa om nedan. Vi vill att v\u00e5r webbplats ska vara informativ, personlig och [&hellip;]","og_url":"https:\/\/www.tammuz.com\/sv\/cookie-policy\/","og_site_name":"Tammuz Family","article_publisher":"https:\/\/www.facebook.com\/tammuzbrasil","article_modified_time":"2026-04-29T07:29:11+00:00","og_image":[{"width":1920,"height":630,"url":"https:\/\/www.tammuz.com\/wp-content\/uploads\/2019\/08\/cta-tammuz-aboutUs.jpg","type":"image\/jpeg"}],"twitter_card":"summary_large_image","twitter_misc":{"Est. reading time":"4 minuter"},"schema":{"@context":"https:\/\/schema.org","@graph":[{"@type":"WebPage","@id":"https:\/\/www.tammuz.com\/sv\/cookie-policy\/","url":"https:\/\/www.tammuz.com\/sv\/cookie-policy\/","name":"Cookie Policy - Tammuz Family","isPartOf":{"@id":"https:\/\/www.tammuz.com\/sv\/#website"},"primaryImageOfPage":{"@id":"https:\/\/www.tammuz.com\/sv\/cookie-policy\/#primaryimage"},"image":{"@id":"https:\/\/www.tammuz.com\/sv\/cookie-policy\/#primaryimage"},"thumbnailUrl":"https:\/\/www.tammuz.com\/wp-content\/uploads\/2019\/08\/cta-tammuz-aboutUs.jpg","datePublished":"2022-03-16T08:45:41+00:00","dateModified":"2026-04-29T07:29:11+00:00","inLanguage":"sv-SE","potentialAction":[{"@type":"ReadAction","target":["https:\/\/www.tammuz.com\/sv\/cookie-policy\/"]}]},{"@type":"ImageObject","inLanguage":"sv-SE","@id":"https:\/\/www.tammuz.com\/sv\/cookie-policy\/#primaryimage","url":"https:\/\/www.tammuz.com\/wp-content\/uploads\/2019\/08\/cta-tammuz-aboutUs.jpg","contentUrl":"https:\/\/www.tammuz.com\/wp-content\/uploads\/2019\/08\/cta-tammuz-aboutUs.jpg","width":1920,"height":630},{"@type":"WebSite","@id":"https:\/\/www.tammuz.com\/sv\/#website","url":"https:\/\/www.tammuz.com\/sv\/","name":"Tammuz Family","description":"","publisher":{"@id":"https:\/\/www.tammuz.com\/sv\/#organization"},"potentialAction":[{"@type":"SearchAction","target":{"@type":"EntryPoint","urlTemplate":"https:\/\/www.tammuz.com\/sv\/?s={search_term_string}"},"query-input":{"@type":"PropertyValueSpecification","valueRequired":true,"valueName":"search_term_string"}}],"inLanguage":"sv-SE"},{"@type":"Organization","@id":"https:\/\/www.tammuz.com\/sv\/#organization","name":"Tammuz Surrogacy","url":"https:\/\/www.tammuz.com\/sv\/","logo":{"@type":"ImageObject","inLanguage":"sv-SE","@id":"https:\/\/www.tammuz.com\/sv\/#\/schema\/logo\/image\/","url":"https:\/\/ef6qvi2fcyt.exactdn.com\/wp-content\/uploads\/2019\/11\/tammuz-family-logo.png?strip=all&lossy=1&ssl=1","contentUrl":"https:\/\/ef6qvi2fcyt.exactdn.com\/wp-content\/uploads\/2019\/11\/tammuz-family-logo.png?strip=all&lossy=1&ssl=1","width":300,"height":111,"caption":"Tammuz Surrogacy"},"image":{"@id":"https:\/\/www.tammuz.com\/sv\/#\/schema\/logo\/image\/"},"sameAs":["https:\/\/www.facebook.com\/tammuzbrasil","https:\/\/www.instagram.com\/tammuzbrasil\/"]}]}},"_links":{"self":[{"href":"https:\/\/www.tammuz.com\/sv\/wp-json\/wp\/v2\/pages\/21957","targetHints":{"allow":["GET"]}}],"collection":[{"href":"https:\/\/www.tammuz.com\/sv\/wp-json\/wp\/v2\/pages"}],"about":[{"href":"https:\/\/www.tammuz.com\/sv\/wp-json\/wp\/v2\/types\/page"}],"author":[{"embeddable":true,"href":"https:\/\/www.tammuz.com\/sv\/wp-json\/wp\/v2\/users\/6"}],"replies":[{"embeddable":true,"href":"https:\/\/www.tammuz.com\/sv\/wp-json\/wp\/v2\/comments?post=21957"}],"version-history":[{"count":0,"href":"https:\/\/www.tammuz.com\/sv\/wp-json\/wp\/v2\/pages\/21957\/revisions"}],"wp:featuredmedia":[{"embeddable":true,"href":"https:\/\/www.tammuz.com\/sv\/wp-json\/wp\/v2\/media\/21958"}],"wp:attachment":[{"href":"https:\/\/www.tammuz.com\/sv\/wp-json\/wp\/v2\/media?parent=21957"}],"curies":[{"name":"wp","href":"https:\/\/api.w.org\/{rel}","templated":true}]}}