{"id":2113,"date":"2019-09-04T00:53:23","date_gmt":"2019-09-04T00:53:23","guid":{"rendered":"https:\/\/dev.tammuz.com\/tammuzv2\/para-hiv\/"},"modified":"2023-09-22T13:38:30","modified_gmt":"2023-09-22T10:38:30","slug":"para-hiv","status":"publish","type":"page","link":"https:\/\/www.tammuz.com\/pt-br\/para-hiv\/","title":{"rendered":"Para HIV+Parentalidade"},"content":{"rendered":"\t\t<div data-elementor-type=\"wp-post\" data-elementor-id=\"2113\" class=\"elementor elementor-2113 elementor-762\" data-elementor-post-type=\"page\">\n\t\t\t\t\t\t<section class=\"elementor-section elementor-top-section elementor-element elementor-element-14f9aa69 elementor-section-content-middle elementor-section-height-min-height elementor-section-boxed elementor-section-height-default elementor-section-items-middle\" data-id=\"14f9aa69\" data-element_type=\"section\" data-e-type=\"section\" data-settings=\"{&quot;background_background&quot;:&quot;classic&quot;,&quot;jet_parallax_layout_list&quot;:[{&quot;jet_parallax_layout_image&quot;:{&quot;url&quot;:&quot;&quot;,&quot;id&quot;:&quot;&quot;,&quot;size&quot;:&quot;&quot;},&quot;_id&quot;:&quot;dada152&quot;,&quot;jet_parallax_layout_image_tablet&quot;:{&quot;url&quot;:&quot;&quot;,&quot;id&quot;:&quot;&quot;,&quot;size&quot;:&quot;&quot;},&quot;jet_parallax_layout_image_mobile&quot;:{&quot;url&quot;:&quot;&quot;,&quot;id&quot;:&quot;&quot;,&quot;size&quot;:&quot;&quot;},&quot;jet_parallax_layout_speed&quot;:{&quot;unit&quot;:&quot;%&quot;,&quot;size&quot;:50,&quot;sizes&quot;:[]},&quot;jet_parallax_layout_type&quot;:&quot;scroll&quot;,&quot;jet_parallax_layout_z_index&quot;:&quot;&quot;,&quot;jet_parallax_layout_bg_x&quot;:50,&quot;jet_parallax_layout_bg_y&quot;:50,&quot;jet_parallax_layout_bg_size&quot;:&quot;auto&quot;,&quot;jet_parallax_layout_animation_prop&quot;:&quot;transform&quot;,&quot;jet_parallax_layout_on&quot;:[&quot;desktop&quot;,&quot;tablet&quot;],&quot;jet_parallax_layout_direction&quot;:&quot;1&quot;,&quot;jet_parallax_layout_fx_direction&quot;:null,&quot;jet_parallax_layout_bg_x_tablet&quot;:&quot;&quot;,&quot;jet_parallax_layout_bg_x_mobile&quot;:&quot;&quot;,&quot;jet_parallax_layout_bg_y_tablet&quot;:&quot;&quot;,&quot;jet_parallax_layout_bg_y_mobile&quot;:&quot;&quot;,&quot;jet_parallax_layout_bg_size_tablet&quot;:&quot;&quot;,&quot;jet_parallax_layout_bg_size_mobile&quot;:&quot;&quot;}]}\">\n\t\t\t\t\t\t<div class=\"elementor-container elementor-column-gap-default\">\n\t\t\t\t\t<div class=\"elementor-column elementor-col-100 elementor-top-column elementor-element elementor-element-65a06b6b\" data-id=\"65a06b6b\" data-element_type=\"column\" data-e-type=\"column\">\n\t\t\t<div class=\"elementor-widget-wrap elementor-element-populated\">\n\t\t\t\t\t\t<section class=\"elementor-section elementor-inner-section elementor-element elementor-element-4852af61 elementor-section-boxed elementor-section-height-default elementor-section-height-default\" data-id=\"4852af61\" data-element_type=\"section\" data-e-type=\"section\" data-settings=\"{&quot;jet_parallax_layout_list&quot;:[{&quot;jet_parallax_layout_image&quot;:{&quot;url&quot;:&quot;&quot;,&quot;id&quot;:&quot;&quot;,&quot;size&quot;:&quot;&quot;},&quot;_id&quot;:&quot;bff19ef&quot;,&quot;jet_parallax_layout_image_tablet&quot;:{&quot;url&quot;:&quot;&quot;,&quot;id&quot;:&quot;&quot;,&quot;size&quot;:&quot;&quot;},&quot;jet_parallax_layout_image_mobile&quot;:{&quot;url&quot;:&quot;&quot;,&quot;id&quot;:&quot;&quot;,&quot;size&quot;:&quot;&quot;},&quot;jet_parallax_layout_speed&quot;:{&quot;unit&quot;:&quot;%&quot;,&quot;size&quot;:50,&quot;sizes&quot;:[]},&quot;jet_parallax_layout_type&quot;:&quot;scroll&quot;,&quot;jet_parallax_layout_z_index&quot;:&quot;&quot;,&quot;jet_parallax_layout_bg_x&quot;:50,&quot;jet_parallax_layout_bg_y&quot;:50,&quot;jet_parallax_layout_bg_size&quot;:&quot;auto&quot;,&quot;jet_parallax_layout_animation_prop&quot;:&quot;transform&quot;,&quot;jet_parallax_layout_on&quot;:[&quot;desktop&quot;,&quot;tablet&quot;],&quot;jet_parallax_layout_direction&quot;:&quot;1&quot;,&quot;jet_parallax_layout_fx_direction&quot;:null,&quot;jet_parallax_layout_bg_x_tablet&quot;:&quot;&quot;,&quot;jet_parallax_layout_bg_x_mobile&quot;:&quot;&quot;,&quot;jet_parallax_layout_bg_y_tablet&quot;:&quot;&quot;,&quot;jet_parallax_layout_bg_y_mobile&quot;:&quot;&quot;,&quot;jet_parallax_layout_bg_size_tablet&quot;:&quot;&quot;,&quot;jet_parallax_layout_bg_size_mobile&quot;:&quot;&quot;}]}\">\n\t\t\t\t\t\t<div class=\"elementor-container elementor-column-gap-default\">\n\t\t\t\t\t<div class=\"elementor-column elementor-col-100 elementor-inner-column elementor-element elementor-element-4d4bdf98\" data-id=\"4d4bdf98\" data-element_type=\"column\" data-e-type=\"column\">\n\t\t\t<div class=\"elementor-widget-wrap elementor-element-populated\">\n\t\t\t\t\t\t<div class=\"elementor-element elementor-element-43249d60 elementor-widget elementor-widget-heading\" data-id=\"43249d60\" data-element_type=\"widget\" data-e-type=\"widget\" data-widget_type=\"heading.default\">\n\t\t\t\t\t<h1 class=\"elementor-heading-title elementor-size-default\"> Para HIV+<\/h1>\t\t\t\t<\/div>\n\t\t\t\t\t<\/div>\n\t\t<\/div>\n\t\t\t\t\t<\/div>\n\t\t<\/section>\n\t\t\t\t\t<\/div>\n\t\t<\/div>\n\t\t\t\t\t<\/div>\n\t\t<\/section>\n\t\t\t\t<section class=\"elementor-section elementor-top-section elementor-element elementor-element-1f21882e elementor-section-boxed elementor-section-height-default elementor-section-height-default\" data-id=\"1f21882e\" data-element_type=\"section\" data-e-type=\"section\" data-settings=\"{&quot;background_background&quot;:&quot;classic&quot;,&quot;jet_parallax_layout_list&quot;:[{&quot;jet_parallax_layout_image&quot;:{&quot;url&quot;:&quot;&quot;,&quot;id&quot;:&quot;&quot;,&quot;size&quot;:&quot;&quot;},&quot;_id&quot;:&quot;1fb1466&quot;,&quot;jet_parallax_layout_image_tablet&quot;:{&quot;url&quot;:&quot;&quot;,&quot;id&quot;:&quot;&quot;,&quot;size&quot;:&quot;&quot;},&quot;jet_parallax_layout_image_mobile&quot;:{&quot;url&quot;:&quot;&quot;,&quot;id&quot;:&quot;&quot;,&quot;size&quot;:&quot;&quot;},&quot;jet_parallax_layout_speed&quot;:{&quot;unit&quot;:&quot;%&quot;,&quot;size&quot;:50,&quot;sizes&quot;:[]},&quot;jet_parallax_layout_type&quot;:&quot;scroll&quot;,&quot;jet_parallax_layout_z_index&quot;:&quot;&quot;,&quot;jet_parallax_layout_bg_x&quot;:50,&quot;jet_parallax_layout_bg_y&quot;:50,&quot;jet_parallax_layout_bg_size&quot;:&quot;auto&quot;,&quot;jet_parallax_layout_animation_prop&quot;:&quot;transform&quot;,&quot;jet_parallax_layout_on&quot;:[&quot;desktop&quot;,&quot;tablet&quot;],&quot;jet_parallax_layout_direction&quot;:&quot;1&quot;,&quot;jet_parallax_layout_fx_direction&quot;:null,&quot;jet_parallax_layout_bg_x_tablet&quot;:&quot;&quot;,&quot;jet_parallax_layout_bg_x_mobile&quot;:&quot;&quot;,&quot;jet_parallax_layout_bg_y_tablet&quot;:&quot;&quot;,&quot;jet_parallax_layout_bg_y_mobile&quot;:&quot;&quot;,&quot;jet_parallax_layout_bg_size_tablet&quot;:&quot;&quot;,&quot;jet_parallax_layout_bg_size_mobile&quot;:&quot;&quot;}]}\">\n\t\t\t\t\t\t<div class=\"elementor-container elementor-column-gap-default\">\n\t\t\t\t\t<div class=\"elementor-column elementor-col-50 elementor-top-column elementor-element elementor-element-7cd07121\" data-id=\"7cd07121\" data-element_type=\"column\" data-e-type=\"column\">\n\t\t\t<div class=\"elementor-widget-wrap elementor-element-populated\">\n\t\t\t\t\t\t<section class=\"elementor-section elementor-inner-section elementor-element elementor-element-c5a9d3a elementor-section-boxed elementor-section-height-default elementor-section-height-default\" data-id=\"c5a9d3a\" data-element_type=\"section\" data-e-type=\"section\" data-settings=\"{&quot;jet_parallax_layout_list&quot;:[{&quot;jet_parallax_layout_image&quot;:{&quot;url&quot;:&quot;&quot;,&quot;id&quot;:&quot;&quot;,&quot;size&quot;:&quot;&quot;},&quot;_id&quot;:&quot;c135fc1&quot;,&quot;jet_parallax_layout_image_tablet&quot;:{&quot;url&quot;:&quot;&quot;,&quot;id&quot;:&quot;&quot;,&quot;size&quot;:&quot;&quot;},&quot;jet_parallax_layout_image_mobile&quot;:{&quot;url&quot;:&quot;&quot;,&quot;id&quot;:&quot;&quot;,&quot;size&quot;:&quot;&quot;},&quot;jet_parallax_layout_speed&quot;:{&quot;unit&quot;:&quot;%&quot;,&quot;size&quot;:50,&quot;sizes&quot;:[]},&quot;jet_parallax_layout_type&quot;:&quot;scroll&quot;,&quot;jet_parallax_layout_z_index&quot;:&quot;&quot;,&quot;jet_parallax_layout_bg_x&quot;:50,&quot;jet_parallax_layout_bg_y&quot;:50,&quot;jet_parallax_layout_bg_size&quot;:&quot;auto&quot;,&quot;jet_parallax_layout_animation_prop&quot;:&quot;transform&quot;,&quot;jet_parallax_layout_on&quot;:[&quot;desktop&quot;,&quot;tablet&quot;],&quot;jet_parallax_layout_direction&quot;:&quot;1&quot;,&quot;jet_parallax_layout_fx_direction&quot;:null,&quot;jet_parallax_layout_bg_x_tablet&quot;:&quot;&quot;,&quot;jet_parallax_layout_bg_x_mobile&quot;:&quot;&quot;,&quot;jet_parallax_layout_bg_y_tablet&quot;:&quot;&quot;,&quot;jet_parallax_layout_bg_y_mobile&quot;:&quot;&quot;,&quot;jet_parallax_layout_bg_size_tablet&quot;:&quot;&quot;,&quot;jet_parallax_layout_bg_size_mobile&quot;:&quot;&quot;}]}\">\n\t\t\t\t\t\t<div class=\"elementor-container elementor-column-gap-default\">\n\t\t\t\t\t<div class=\"elementor-column elementor-col-100 elementor-inner-column elementor-element elementor-element-21950cd1\" data-id=\"21950cd1\" data-element_type=\"column\" data-e-type=\"column\">\n\t\t\t<div class=\"elementor-widget-wrap elementor-element-populated\">\n\t\t\t\t\t\t<div class=\"elementor-element elementor-element-375f4f3c elementor-widget elementor-widget-text-editor\" data-id=\"375f4f3c\" data-element_type=\"widget\" data-e-type=\"widget\" data-widget_type=\"text-editor.default\">\n\t\t\t\t\t\t\t\t\t<p>A Tammuz Family tem o orgulho de liderar a revolu\u00e7\u00e3o em processos de Surrogacy no exterior tamb\u00e9m entre casais e solteiros portadores de HIV,\u00a0 e alegra-se com o nascimento bem-sucedido de cada fam\u00edlia.<br \/><br \/>Atrav\u00e9s do procedimento de <strong><em>Sperm Washing<\/em><\/strong> \u00e9 poss\u00edvel transformar o material gen\u00e9tico coletado em um material seguro para o processo de Surrogacy. Gra\u00e7as a grandes mudan\u00e7as e avan\u00e7os na medicina e ci\u00eancia, atrelados com um estilo de vida saud\u00e1vel, pessoas soropositivas podem realizar seu sonho de um filho(s) via processos de <a href=\"https:\/\/www.tammuz.com\/pt-br\/surrogacy-in-the-united-states\/\"><span style=\"text-decoration: underline;\"><span style=\"color: #800080; text-decoration: underline;\"><strong>Surrogacy nos Estados<\/strong> <\/span><strong><span style=\"color: #800080; text-decoration: underline;\">Unidos<\/span><\/strong><\/span><\/a> e na <span style=\"text-decoration: underline;\"><strong><span style=\"color: #800080; text-decoration: underline;\"><a style=\"color: #800080; text-decoration: underline;\" href=\"https:\/\/www.tammuz.com\/pt-br\/surrogacy-in-colombia\/\">Col\u00f4mbia<\/a>.<\/span><\/strong><\/span><\/p><p>\u00a0<\/p><h6><strong><em>Ent\u00e3o, como esse procedimento funciona?<\/em> <br \/><\/strong><\/h6><p>Os futuros pais voam para Los Angeles ou Bogot\u00e1 onde ser\u00e3o\u00a0 submetidos a testes espec\u00edficos antes do in\u00edcio do procedimento de<strong><em> Sperm Washing<\/em><\/strong> ou <strong>lavagem de esperma<\/strong>. Ap\u00f3s a fase de teste, a lavagem de esperma \u00e9 realizada como parte do plano do Programa Especial de Reprodu\u00e7\u00e3o Assistida (SPAR). Em maio de 2017, depois de revisar relat\u00f3rios sobre 11.500 ciclos de concep\u00e7\u00e3o assistida que usavam a t\u00e9cnica de lavagem de espermatozoides, durante os quais nenhuma mulher ou filhos contra\u00edram o HIV, os Centros de Controle e Preven\u00e7\u00e3o de Doen\u00e7as (CDC) do governo dos EUA determinaram que o processo era seguro o suficiente para endossar o procedimento.<\/p><p><span style=\"color: #800080;\"><a style=\"color: #800080;\" href=\"https:\/\/www.tammuz.com\/pt-br\/\"><strong>Entre em contato conosco para saber mais. <em>Ficaremos felizes em ajudar!<\/em><\/strong><\/a><\/span><\/p>\t\t\t\t\t\t\t\t<\/div>\n\t\t\t\t\t<\/div>\n\t\t<\/div>\n\t\t\t\t\t<\/div>\n\t\t<\/section>\n\t\t\t\t\t<\/div>\n\t\t<\/div>\n\t\t\t\t<div class=\"elementor-column elementor-col-50 elementor-top-column elementor-element elementor-element-38a486b8\" data-id=\"38a486b8\" data-element_type=\"column\" data-e-type=\"column\">\n\t\t\t<div class=\"elementor-widget-wrap\">\n\t\t\t\t\t\t\t<\/div>\n\t\t<\/div>\n\t\t\t\t\t<\/div>\n\t\t<\/section>\n\t\t\t\t<section class=\"elementor-section elementor-top-section elementor-element elementor-element-235e066 elementor-section-boxed elementor-section-height-default elementor-section-height-default\" data-id=\"235e066\" data-element_type=\"section\" data-e-type=\"section\" data-settings=\"{&quot;jet_parallax_layout_list&quot;:[{&quot;jet_parallax_layout_image&quot;:{&quot;url&quot;:&quot;&quot;,&quot;id&quot;:&quot;&quot;,&quot;size&quot;:&quot;&quot;},&quot;_id&quot;:&quot;10bae44&quot;,&quot;jet_parallax_layout_image_tablet&quot;:{&quot;url&quot;:&quot;&quot;,&quot;id&quot;:&quot;&quot;,&quot;size&quot;:&quot;&quot;},&quot;jet_parallax_layout_image_mobile&quot;:{&quot;url&quot;:&quot;&quot;,&quot;id&quot;:&quot;&quot;,&quot;size&quot;:&quot;&quot;},&quot;jet_parallax_layout_speed&quot;:{&quot;unit&quot;:&quot;%&quot;,&quot;size&quot;:50,&quot;sizes&quot;:[]},&quot;jet_parallax_layout_type&quot;:&quot;scroll&quot;,&quot;jet_parallax_layout_z_index&quot;:&quot;&quot;,&quot;jet_parallax_layout_bg_x&quot;:50,&quot;jet_parallax_layout_bg_y&quot;:50,&quot;jet_parallax_layout_bg_size&quot;:&quot;auto&quot;,&quot;jet_parallax_layout_animation_prop&quot;:&quot;transform&quot;,&quot;jet_parallax_layout_on&quot;:[&quot;desktop&quot;,&quot;tablet&quot;],&quot;jet_parallax_layout_direction&quot;:&quot;1&quot;,&quot;jet_parallax_layout_fx_direction&quot;:null,&quot;jet_parallax_layout_bg_x_tablet&quot;:&quot;&quot;,&quot;jet_parallax_layout_bg_x_mobile&quot;:&quot;&quot;,&quot;jet_parallax_layout_bg_y_tablet&quot;:&quot;&quot;,&quot;jet_parallax_layout_bg_y_mobile&quot;:&quot;&quot;,&quot;jet_parallax_layout_bg_size_tablet&quot;:&quot;&quot;,&quot;jet_parallax_layout_bg_size_mobile&quot;:&quot;&quot;}],&quot;background_background&quot;:&quot;classic&quot;}\">\n\t\t\t\t\t\t<div class=\"elementor-container elementor-column-gap-default\">\n\t\t\t\t\t<div class=\"elementor-column elementor-col-100 elementor-top-column elementor-element elementor-element-370ddb1f\" data-id=\"370ddb1f\" data-element_type=\"column\" data-e-type=\"column\">\n\t\t\t<div class=\"elementor-widget-wrap elementor-element-populated\">\n\t\t\t\t\t\t<section class=\"elementor-section elementor-inner-section elementor-element elementor-element-13cc7dd9 elementor-section-boxed elementor-section-height-default elementor-section-height-default\" data-id=\"13cc7dd9\" data-element_type=\"section\" data-e-type=\"section\" data-settings=\"{&quot;jet_parallax_layout_list&quot;:[{&quot;jet_parallax_layout_image&quot;:{&quot;url&quot;:&quot;&quot;,&quot;id&quot;:&quot;&quot;,&quot;size&quot;:&quot;&quot;},&quot;_id&quot;:&quot;9c6dfb8&quot;,&quot;jet_parallax_layout_image_tablet&quot;:{&quot;url&quot;:&quot;&quot;,&quot;id&quot;:&quot;&quot;,&quot;size&quot;:&quot;&quot;},&quot;jet_parallax_layout_image_mobile&quot;:{&quot;url&quot;:&quot;&quot;,&quot;id&quot;:&quot;&quot;,&quot;size&quot;:&quot;&quot;},&quot;jet_parallax_layout_speed&quot;:{&quot;unit&quot;:&quot;%&quot;,&quot;size&quot;:50,&quot;sizes&quot;:[]},&quot;jet_parallax_layout_type&quot;:&quot;scroll&quot;,&quot;jet_parallax_layout_z_index&quot;:&quot;&quot;,&quot;jet_parallax_layout_bg_x&quot;:50,&quot;jet_parallax_layout_bg_y&quot;:50,&quot;jet_parallax_layout_bg_size&quot;:&quot;auto&quot;,&quot;jet_parallax_layout_animation_prop&quot;:&quot;transform&quot;,&quot;jet_parallax_layout_on&quot;:[&quot;desktop&quot;,&quot;tablet&quot;],&quot;jet_parallax_layout_direction&quot;:&quot;1&quot;,&quot;jet_parallax_layout_fx_direction&quot;:null,&quot;jet_parallax_layout_bg_x_tablet&quot;:&quot;&quot;,&quot;jet_parallax_layout_bg_x_mobile&quot;:&quot;&quot;,&quot;jet_parallax_layout_bg_y_tablet&quot;:&quot;&quot;,&quot;jet_parallax_layout_bg_y_mobile&quot;:&quot;&quot;,&quot;jet_parallax_layout_bg_size_tablet&quot;:&quot;&quot;,&quot;jet_parallax_layout_bg_size_mobile&quot;:&quot;&quot;}]}\">\n\t\t\t\t\t\t<div class=\"elementor-container elementor-column-gap-default\">\n\t\t\t\t\t<div class=\"elementor-column elementor-col-50 elementor-inner-column elementor-element elementor-element-2938f593\" data-id=\"2938f593\" data-element_type=\"column\" data-e-type=\"column\">\n\t\t\t<div class=\"elementor-widget-wrap elementor-element-populated\">\n\t\t\t\t\t\t<div class=\"elementor-element elementor-element-109dbc0a elementor-widget elementor-widget-heading\" data-id=\"109dbc0a\" data-element_type=\"widget\" data-e-type=\"widget\" data-widget_type=\"heading.default\">\n\t\t\t\t\t<h2 class=\"elementor-heading-title elementor-size-default\">A vida sempre acha um caminho!<\/h2>\t\t\t\t<\/div>\n\t\t\t\t\t<\/div>\n\t\t<\/div>\n\t\t\t\t<div class=\"elementor-column elementor-col-50 elementor-inner-column elementor-element elementor-element-6670a872\" data-id=\"6670a872\" data-element_type=\"column\" data-e-type=\"column\">\n\t\t\t<div class=\"elementor-widget-wrap elementor-element-populated\">\n\t\t\t\t\t\t<div class=\"elementor-element elementor-element-74887ab2 elementor-align-left elementor-widget__width-auto elementor-widget elementor-widget-button\" data-id=\"74887ab2\" data-element_type=\"widget\" data-e-type=\"widget\" data-widget_type=\"button.default\">\n\t\t\t\t\t\t\t\t\t\t<a class=\"elementor-button elementor-button-link elementor-size-lg\" href=\"#\">\n\t\t\t\t\t\t<span class=\"elementor-button-content-wrapper\">\n\t\t\t\t\t\t\t\t\t<span class=\"elementor-button-text\">Leia mais<\/span>\n\t\t\t\t\t<\/span>\n\t\t\t\t\t<\/a>\n\t\t\t\t\t\t\t\t<\/div>\n\t\t\t\t\t<\/div>\n\t\t<\/div>\n\t\t\t\t\t<\/div>\n\t\t<\/section>\n\t\t\t\t\t<\/div>\n\t\t<\/div>\n\t\t\t\t\t<\/div>\n\t\t<\/section>\n\t\t\t\t<\/div>\n\t\t","protected":false},"excerpt":{"rendered":"<p>Para HIV+ A Tammuz Family tem o orgulho de liderar a revolu\u00e7\u00e3o em processos de Surrogacy no exterior tamb\u00e9m entre casais e solteiros portadores de HIV,\u00a0 e alegra-se com o nascimento bem-sucedido de cada fam\u00edlia. Atrav\u00e9s do procedimento de Sperm Washing \u00e9 poss\u00edvel transformar o material gen\u00e9tico coletado em um material seguro para o processo [&hellip;]<\/p>\n","protected":false},"author":4,"featured_media":0,"parent":0,"menu_order":0,"comment_status":"closed","ping_status":"closed","template":"","meta":{"footnotes":""},"class_list":["post-2113","page","type-page","status-publish","hentry"],"yoast_head":"<!-- This site is optimized with the Yoast SEO plugin v27.3 - https:\/\/yoast.com\/product\/yoast-seo-wordpress\/ -->\n<title>Para HIV+Parentalidade - Tammuz Family<\/title>\n<meta name=\"description\" content=\"A Tammuz Family tem o orgulho de liderar a revolu\u00e7\u00e3o em processos de Surrogacy no exterior tamb\u00e9m entre casais e solteiros portadores de HIV, e alegra-se com o nascimento bem-sucedido de cada fam\u00edlia.\" \/>\n<meta name=\"robots\" content=\"index, follow, max-snippet:-1, max-image-preview:large, max-video-preview:-1\" \/>\n<link rel=\"canonical\" href=\"https:\/\/www.tammuz.com\/pt-br\/para-hiv\/\" \/>\n<meta property=\"og:locale\" content=\"pt_BR\" \/>\n<meta property=\"og:type\" content=\"article\" \/>\n<meta property=\"og:title\" content=\"Para HIV+Parentalidade - Tammuz Family\" \/>\n<meta property=\"og:description\" content=\"A Tammuz Family tem o orgulho de liderar a revolu\u00e7\u00e3o em processos de Surrogacy no exterior tamb\u00e9m entre casais e solteiros portadores de HIV, e alegra-se com o nascimento bem-sucedido de cada fam\u00edlia.\" \/>\n<meta property=\"og:url\" content=\"https:\/\/www.tammuz.com\/pt-br\/para-hiv\/\" \/>\n<meta property=\"og:site_name\" content=\"Tammuz Family\" \/>\n<meta property=\"article:publisher\" content=\"https:\/\/www.facebook.com\/tammuzbrasil\" \/>\n<meta property=\"article:modified_time\" content=\"2023-09-22T10:38:30+00:00\" \/>\n<meta name=\"twitter:card\" content=\"summary_large_image\" \/>\n<meta name=\"twitter:label1\" content=\"Est. reading time\" \/>\n\t<meta name=\"twitter:data1\" content=\"1 minuto\" \/>\n<script type=\"application\/ld+json\" class=\"yoast-schema-graph\">{\"@context\":\"https:\\\/\\\/schema.org\",\"@graph\":[{\"@type\":\"WebPage\",\"@id\":\"https:\\\/\\\/www.tammuz.com\\\/pt-br\\\/para-hiv\\\/\",\"url\":\"https:\\\/\\\/www.tammuz.com\\\/pt-br\\\/para-hiv\\\/\",\"name\":\"Para HIV+Parentalidade - Tammuz Family\",\"isPartOf\":{\"@id\":\"https:\\\/\\\/www.tammuz.com\\\/pt-br\\\/#website\"},\"datePublished\":\"2019-09-04T00:53:23+00:00\",\"dateModified\":\"2023-09-22T10:38:30+00:00\",\"description\":\"A Tammuz Family tem o orgulho de liderar a revolu\u00e7\u00e3o em processos de Surrogacy no exterior tamb\u00e9m entre casais e solteiros portadores de HIV, e alegra-se com o nascimento bem-sucedido de cada fam\u00edlia.\",\"inLanguage\":\"pt-BR\",\"potentialAction\":[{\"@type\":\"ReadAction\",\"target\":[\"https:\\\/\\\/www.tammuz.com\\\/pt-br\\\/para-hiv\\\/\"]}]},{\"@type\":\"WebSite\",\"@id\":\"https:\\\/\\\/www.tammuz.com\\\/pt-br\\\/#website\",\"url\":\"https:\\\/\\\/www.tammuz.com\\\/pt-br\\\/\",\"name\":\"Tammuz Family\",\"description\":\"\",\"publisher\":{\"@id\":\"https:\\\/\\\/www.tammuz.com\\\/pt-br\\\/#organization\"},\"potentialAction\":[{\"@type\":\"SearchAction\",\"target\":{\"@type\":\"EntryPoint\",\"urlTemplate\":\"https:\\\/\\\/www.tammuz.com\\\/pt-br\\\/?s={search_term_string}\"},\"query-input\":{\"@type\":\"PropertyValueSpecification\",\"valueRequired\":true,\"valueName\":\"search_term_string\"}}],\"inLanguage\":\"pt-BR\"},{\"@type\":\"Organization\",\"@id\":\"https:\\\/\\\/www.tammuz.com\\\/pt-br\\\/#organization\",\"name\":\"Tammuz Surrogacy\",\"url\":\"https:\\\/\\\/www.tammuz.com\\\/pt-br\\\/\",\"logo\":{\"@type\":\"ImageObject\",\"inLanguage\":\"pt-BR\",\"@id\":\"https:\\\/\\\/www.tammuz.com\\\/pt-br\\\/#\\\/schema\\\/logo\\\/image\\\/\",\"url\":\"https:\\\/\\\/ef6qvi2fcyt.exactdn.com\\\/wp-content\\\/uploads\\\/2019\\\/11\\\/tammuz-family-logo.png?strip=all&lossy=1&ssl=1\",\"contentUrl\":\"https:\\\/\\\/ef6qvi2fcyt.exactdn.com\\\/wp-content\\\/uploads\\\/2019\\\/11\\\/tammuz-family-logo.png?strip=all&lossy=1&ssl=1\",\"width\":300,\"height\":111,\"caption\":\"Tammuz Surrogacy\"},\"image\":{\"@id\":\"https:\\\/\\\/www.tammuz.com\\\/pt-br\\\/#\\\/schema\\\/logo\\\/image\\\/\"},\"sameAs\":[\"https:\\\/\\\/www.facebook.com\\\/tammuzbrasil\",\"https:\\\/\\\/www.instagram.com\\\/tammuzbrasil\\\/\"]}]}<\/script>\n<!-- \/ Yoast SEO plugin. -->","yoast_head_json":{"title":"Para HIV+Parentalidade - Tammuz Family","description":"A Tammuz Family tem o orgulho de liderar a revolu\u00e7\u00e3o em processos de Surrogacy no exterior tamb\u00e9m entre casais e solteiros portadores de HIV, e alegra-se com o nascimento bem-sucedido de cada fam\u00edlia.","robots":{"index":"index","follow":"follow","max-snippet":"max-snippet:-1","max-image-preview":"max-image-preview:large","max-video-preview":"max-video-preview:-1"},"canonical":"https:\/\/www.tammuz.com\/pt-br\/para-hiv\/","og_locale":"pt_BR","og_type":"article","og_title":"Para HIV+Parentalidade - Tammuz Family","og_description":"A Tammuz Family tem o orgulho de liderar a revolu\u00e7\u00e3o em processos de Surrogacy no exterior tamb\u00e9m entre casais e solteiros portadores de HIV, e alegra-se com o nascimento bem-sucedido de cada fam\u00edlia.","og_url":"https:\/\/www.tammuz.com\/pt-br\/para-hiv\/","og_site_name":"Tammuz Family","article_publisher":"https:\/\/www.facebook.com\/tammuzbrasil","article_modified_time":"2023-09-22T10:38:30+00:00","twitter_card":"summary_large_image","twitter_misc":{"Est. reading time":"1 minuto"},"schema":{"@context":"https:\/\/schema.org","@graph":[{"@type":"WebPage","@id":"https:\/\/www.tammuz.com\/pt-br\/para-hiv\/","url":"https:\/\/www.tammuz.com\/pt-br\/para-hiv\/","name":"Para HIV+Parentalidade - Tammuz Family","isPartOf":{"@id":"https:\/\/www.tammuz.com\/pt-br\/#website"},"datePublished":"2019-09-04T00:53:23+00:00","dateModified":"2023-09-22T10:38:30+00:00","description":"A Tammuz Family tem o orgulho de liderar a revolu\u00e7\u00e3o em processos de Surrogacy no exterior tamb\u00e9m entre casais e solteiros portadores de HIV, e alegra-se com o nascimento bem-sucedido de cada fam\u00edlia.","inLanguage":"pt-BR","potentialAction":[{"@type":"ReadAction","target":["https:\/\/www.tammuz.com\/pt-br\/para-hiv\/"]}]},{"@type":"WebSite","@id":"https:\/\/www.tammuz.com\/pt-br\/#website","url":"https:\/\/www.tammuz.com\/pt-br\/","name":"Tammuz Family","description":"","publisher":{"@id":"https:\/\/www.tammuz.com\/pt-br\/#organization"},"potentialAction":[{"@type":"SearchAction","target":{"@type":"EntryPoint","urlTemplate":"https:\/\/www.tammuz.com\/pt-br\/?s={search_term_string}"},"query-input":{"@type":"PropertyValueSpecification","valueRequired":true,"valueName":"search_term_string"}}],"inLanguage":"pt-BR"},{"@type":"Organization","@id":"https:\/\/www.tammuz.com\/pt-br\/#organization","name":"Tammuz Surrogacy","url":"https:\/\/www.tammuz.com\/pt-br\/","logo":{"@type":"ImageObject","inLanguage":"pt-BR","@id":"https:\/\/www.tammuz.com\/pt-br\/#\/schema\/logo\/image\/","url":"https:\/\/ef6qvi2fcyt.exactdn.com\/wp-content\/uploads\/2019\/11\/tammuz-family-logo.png?strip=all&lossy=1&ssl=1","contentUrl":"https:\/\/ef6qvi2fcyt.exactdn.com\/wp-content\/uploads\/2019\/11\/tammuz-family-logo.png?strip=all&lossy=1&ssl=1","width":300,"height":111,"caption":"Tammuz Surrogacy"},"image":{"@id":"https:\/\/www.tammuz.com\/pt-br\/#\/schema\/logo\/image\/"},"sameAs":["https:\/\/www.facebook.com\/tammuzbrasil","https:\/\/www.instagram.com\/tammuzbrasil\/"]}]}},"_links":{"self":[{"href":"https:\/\/www.tammuz.com\/pt-br\/wp-json\/wp\/v2\/pages\/2113","targetHints":{"allow":["GET"]}}],"collection":[{"href":"https:\/\/www.tammuz.com\/pt-br\/wp-json\/wp\/v2\/pages"}],"about":[{"href":"https:\/\/www.tammuz.com\/pt-br\/wp-json\/wp\/v2\/types\/page"}],"author":[{"embeddable":true,"href":"https:\/\/www.tammuz.com\/pt-br\/wp-json\/wp\/v2\/users\/4"}],"replies":[{"embeddable":true,"href":"https:\/\/www.tammuz.com\/pt-br\/wp-json\/wp\/v2\/comments?post=2113"}],"version-history":[{"count":0,"href":"https:\/\/www.tammuz.com\/pt-br\/wp-json\/wp\/v2\/pages\/2113\/revisions"}],"wp:attachment":[{"href":"https:\/\/www.tammuz.com\/pt-br\/wp-json\/wp\/v2\/media?parent=2113"}],"curies":[{"name":"wp","href":"https:\/\/api.w.org\/{rel}","templated":true}]}}