{"id":1903,"date":"2019-09-01T14:48:26","date_gmt":"2019-09-01T14:48:26","guid":{"rendered":"https:\/\/dev.tammuz.com\/tammuzv2\/inicio\/"},"modified":"2020-06-12T12:29:55","modified_gmt":"2020-06-12T12:29:55","slug":"main","status":"publish","type":"page","link":"https:\/\/www.tammuz.com\/pt-br\/main\/","title":{"rendered":"\u00cdnicio"},"content":{"rendered":"<h1>Voc\u00ea sonha em ter filhos.<br \/> N\u00f3s tornamos realidade!<\/h1>\n<p>\t\t\t<a role=\"button\"><br \/>\n\t\t\t\t\t\tPor que a Tammuz?<br \/>\n\t\t\t\t\t<\/a><br \/>\n\t\t\t<a role=\"button\"><br \/>\n\t\t\t\t\t\tFale Conosco<br \/>\n\t\t\t\t\t<\/a><br \/>\n\t\t\t\t\t\t\t\t\t\t<img decoding=\"async\" width=\"103\" height=\"106\" src=\"https:\/\/www.tammuz.com\/wp-content\/uploads\/2019\/08\/icone-surrogacy.png\" alt=\"\" \/>\t\t\t\t\t\t\t\t\t\t\t<\/p>\n<h2>Surrogacy<\/h2>\n<p>A <em><strong>Tammuz Family<\/strong><\/em> \u00e9 especialista global em solu\u00e7\u00f5es para processos de <em>Surrogacy<\/em>, <em>Reprodu\u00e7\u00e3o Humana<\/em>, <em>Fertilidade<\/em> e <em>Doa\u00e7\u00e3o de \u00d3vulos<\/em>.<br \/>\nJ\u00e1 tivemos a felicidade de ajudar milhares de homens e mulheres a constru\u00edrem suas fam\u00edlias. Estamos prontos para realizar seu processo de forma segura, \u00e1gil, e altamente profissional. Os membros da nossa equipe s\u00e3o profissionais especializados e em adicional j\u00e1 passaram por uma experi\u00eancia pessoal com processos de <em>Fertilidade<\/em> e\/ou <em>Surrogacy<\/em> para constitu\u00edrem suas pr\u00f3prias fam\u00edlias e entendem de forma mais que emp\u00e1tica os seus anseios, receios, expectativas durante a realiza\u00e7\u00e3o de uma jornada de <em>Surrogacy Internacional.\u00a0<\/em><\/p>\n<p><strong> Estamos aqui para prover a melhor solu\u00e7\u00e3o poss\u00edvel para tornar seu sonho uma realidade.<\/strong><\/p>\n<p>\t\t\t\t\t\t\t\t\t\t<img decoding=\"async\" width=\"78\" height=\"108\" src=\"https:\/\/www.tammuz.com\/wp-content\/uploads\/2019\/08\/icone-eggdonation.png\" alt=\"\" \/>\t\t\t\t\t\t\t\t\t\t\t<\/p>\n<h2>Doa\u00e7\u00e3o de \u00f3vulos<\/h2>\n<p>O nosso banco de doadora de \u00f3vulos conta com\u00a0 uma grande diversidade de mulheres jovens com diferentes caracter\u00edsticas de tipo f\u00edsico, personalidade, e backgrounds. H\u00e1 doadora de \u00f3vulos caucasianas, asi\u00e1ticas, americanas, colombianas, sul-africana e indianas.<\/p>\n","protected":false},"excerpt":{"rendered":"<p>Voc\u00ea sonha em ter filhos. N\u00f3s tornamos realidade! Por que a Tammuz? Fale Conosco Surrogacy A Tammuz Family \u00e9 especialista global em solu\u00e7\u00f5es para processos de Surrogacy, Reprodu\u00e7\u00e3o Humana, Fertilidade e Doa\u00e7\u00e3o de \u00d3vulos. J\u00e1 tivemos a felicidade de ajudar milhares de homens e mulheres a constru\u00edrem suas fam\u00edlias. Estamos prontos para realizar seu processo [&hellip;]<\/p>\n","protected":false},"author":4,"featured_media":0,"parent":0,"menu_order":0,"comment_status":"closed","ping_status":"closed","template":"","meta":{"footnotes":""},"class_list":["post-1903","page","type-page","status-publish","hentry"],"yoast_head":"<!-- This site is optimized with the Yoast SEO plugin v27.3 - https:\/\/yoast.com\/product\/yoast-seo-wordpress\/ -->\n<title>\u00cdnicio - Tammuz Family<\/title>\n<meta name=\"robots\" content=\"index, follow, max-snippet:-1, max-image-preview:large, max-video-preview:-1\" \/>\n<link rel=\"canonical\" href=\"https:\/\/www.tammuz.com\/pt-br\/main\/\" \/>\n<meta property=\"og:locale\" content=\"pt_BR\" \/>\n<meta property=\"og:type\" content=\"article\" \/>\n<meta property=\"og:title\" content=\"\u00cdnicio - Tammuz Family\" \/>\n<meta property=\"og:description\" content=\"Voc\u00ea sonha em ter filhos. N\u00f3s tornamos realidade! Por que a Tammuz? Fale Conosco Surrogacy A Tammuz Family \u00e9 especialista global em solu\u00e7\u00f5es para processos de Surrogacy, Reprodu\u00e7\u00e3o Humana, Fertilidade e Doa\u00e7\u00e3o de \u00d3vulos. J\u00e1 tivemos a felicidade de ajudar milhares de homens e mulheres a constru\u00edrem suas fam\u00edlias. Estamos prontos para realizar seu processo [&hellip;]\" \/>\n<meta property=\"og:url\" content=\"https:\/\/www.tammuz.com\/pt-br\/main\/\" \/>\n<meta property=\"og:site_name\" content=\"Tammuz Family\" \/>\n<meta property=\"article:publisher\" content=\"https:\/\/www.facebook.com\/tammuzbrasil\" \/>\n<meta property=\"article:modified_time\" content=\"2020-06-12T12:29:55+00:00\" \/>\n<meta property=\"og:image\" content=\"https:\/\/www.tammuz.com\/wp-content\/uploads\/2019\/08\/icone-surrogacy.png\" \/>\n<meta name=\"twitter:card\" content=\"summary_large_image\" \/>\n<meta name=\"twitter:label1\" content=\"Est. reading time\" \/>\n\t<meta name=\"twitter:data1\" content=\"1 minuto\" \/>\n<script type=\"application\/ld+json\" class=\"yoast-schema-graph\">{\"@context\":\"https:\\\/\\\/schema.org\",\"@graph\":[{\"@type\":\"WebPage\",\"@id\":\"https:\\\/\\\/www.tammuz.com\\\/pt-br\\\/main\\\/\",\"url\":\"https:\\\/\\\/www.tammuz.com\\\/pt-br\\\/main\\\/\",\"name\":\"\u00cdnicio - Tammuz Family\",\"isPartOf\":{\"@id\":\"https:\\\/\\\/www.tammuz.com\\\/pt-br\\\/#website\"},\"primaryImageOfPage\":{\"@id\":\"https:\\\/\\\/www.tammuz.com\\\/pt-br\\\/main\\\/#primaryimage\"},\"image\":{\"@id\":\"https:\\\/\\\/www.tammuz.com\\\/pt-br\\\/main\\\/#primaryimage\"},\"thumbnailUrl\":\"https:\\\/\\\/www.tammuz.com\\\/wp-content\\\/uploads\\\/2019\\\/08\\\/icone-surrogacy.png\",\"datePublished\":\"2019-09-01T14:48:26+00:00\",\"dateModified\":\"2020-06-12T12:29:55+00:00\",\"inLanguage\":\"pt-BR\",\"potentialAction\":[{\"@type\":\"ReadAction\",\"target\":[\"https:\\\/\\\/www.tammuz.com\\\/pt-br\\\/main\\\/\"]}]},{\"@type\":\"ImageObject\",\"inLanguage\":\"pt-BR\",\"@id\":\"https:\\\/\\\/www.tammuz.com\\\/pt-br\\\/main\\\/#primaryimage\",\"url\":\"https:\\\/\\\/www.tammuz.com\\\/wp-content\\\/uploads\\\/2019\\\/08\\\/icone-surrogacy.png\",\"contentUrl\":\"https:\\\/\\\/www.tammuz.com\\\/wp-content\\\/uploads\\\/2019\\\/08\\\/icone-surrogacy.png\"},{\"@type\":\"WebSite\",\"@id\":\"https:\\\/\\\/www.tammuz.com\\\/pt-br\\\/#website\",\"url\":\"https:\\\/\\\/www.tammuz.com\\\/pt-br\\\/\",\"name\":\"Tammuz Family\",\"description\":\"\",\"publisher\":{\"@id\":\"https:\\\/\\\/www.tammuz.com\\\/pt-br\\\/#organization\"},\"potentialAction\":[{\"@type\":\"SearchAction\",\"target\":{\"@type\":\"EntryPoint\",\"urlTemplate\":\"https:\\\/\\\/www.tammuz.com\\\/pt-br\\\/?s={search_term_string}\"},\"query-input\":{\"@type\":\"PropertyValueSpecification\",\"valueRequired\":true,\"valueName\":\"search_term_string\"}}],\"inLanguage\":\"pt-BR\"},{\"@type\":\"Organization\",\"@id\":\"https:\\\/\\\/www.tammuz.com\\\/pt-br\\\/#organization\",\"name\":\"Tammuz Surrogacy\",\"url\":\"https:\\\/\\\/www.tammuz.com\\\/pt-br\\\/\",\"logo\":{\"@type\":\"ImageObject\",\"inLanguage\":\"pt-BR\",\"@id\":\"https:\\\/\\\/www.tammuz.com\\\/pt-br\\\/#\\\/schema\\\/logo\\\/image\\\/\",\"url\":\"https:\\\/\\\/ef6qvi2fcyt.exactdn.com\\\/wp-content\\\/uploads\\\/2019\\\/11\\\/tammuz-family-logo.png?strip=all&lossy=1&ssl=1\",\"contentUrl\":\"https:\\\/\\\/ef6qvi2fcyt.exactdn.com\\\/wp-content\\\/uploads\\\/2019\\\/11\\\/tammuz-family-logo.png?strip=all&lossy=1&ssl=1\",\"width\":300,\"height\":111,\"caption\":\"Tammuz Surrogacy\"},\"image\":{\"@id\":\"https:\\\/\\\/www.tammuz.com\\\/pt-br\\\/#\\\/schema\\\/logo\\\/image\\\/\"},\"sameAs\":[\"https:\\\/\\\/www.facebook.com\\\/tammuzbrasil\",\"https:\\\/\\\/www.instagram.com\\\/tammuzbrasil\\\/\"]}]}<\/script>\n<!-- \/ Yoast SEO plugin. -->","yoast_head_json":{"title":"\u00cdnicio - Tammuz Family","robots":{"index":"index","follow":"follow","max-snippet":"max-snippet:-1","max-image-preview":"max-image-preview:large","max-video-preview":"max-video-preview:-1"},"canonical":"https:\/\/www.tammuz.com\/pt-br\/main\/","og_locale":"pt_BR","og_type":"article","og_title":"\u00cdnicio - Tammuz Family","og_description":"Voc\u00ea sonha em ter filhos. N\u00f3s tornamos realidade! Por que a Tammuz? Fale Conosco Surrogacy A Tammuz Family \u00e9 especialista global em solu\u00e7\u00f5es para processos de Surrogacy, Reprodu\u00e7\u00e3o Humana, Fertilidade e Doa\u00e7\u00e3o de \u00d3vulos. J\u00e1 tivemos a felicidade de ajudar milhares de homens e mulheres a constru\u00edrem suas fam\u00edlias. Estamos prontos para realizar seu processo [&hellip;]","og_url":"https:\/\/www.tammuz.com\/pt-br\/main\/","og_site_name":"Tammuz Family","article_publisher":"https:\/\/www.facebook.com\/tammuzbrasil","article_modified_time":"2020-06-12T12:29:55+00:00","og_image":[{"url":"https:\/\/www.tammuz.com\/wp-content\/uploads\/2019\/08\/icone-surrogacy.png","type":"","width":"","height":""}],"twitter_card":"summary_large_image","twitter_misc":{"Est. reading time":"1 minuto"},"schema":{"@context":"https:\/\/schema.org","@graph":[{"@type":"WebPage","@id":"https:\/\/www.tammuz.com\/pt-br\/main\/","url":"https:\/\/www.tammuz.com\/pt-br\/main\/","name":"\u00cdnicio - Tammuz Family","isPartOf":{"@id":"https:\/\/www.tammuz.com\/pt-br\/#website"},"primaryImageOfPage":{"@id":"https:\/\/www.tammuz.com\/pt-br\/main\/#primaryimage"},"image":{"@id":"https:\/\/www.tammuz.com\/pt-br\/main\/#primaryimage"},"thumbnailUrl":"https:\/\/www.tammuz.com\/wp-content\/uploads\/2019\/08\/icone-surrogacy.png","datePublished":"2019-09-01T14:48:26+00:00","dateModified":"2020-06-12T12:29:55+00:00","inLanguage":"pt-BR","potentialAction":[{"@type":"ReadAction","target":["https:\/\/www.tammuz.com\/pt-br\/main\/"]}]},{"@type":"ImageObject","inLanguage":"pt-BR","@id":"https:\/\/www.tammuz.com\/pt-br\/main\/#primaryimage","url":"https:\/\/www.tammuz.com\/wp-content\/uploads\/2019\/08\/icone-surrogacy.png","contentUrl":"https:\/\/www.tammuz.com\/wp-content\/uploads\/2019\/08\/icone-surrogacy.png"},{"@type":"WebSite","@id":"https:\/\/www.tammuz.com\/pt-br\/#website","url":"https:\/\/www.tammuz.com\/pt-br\/","name":"Tammuz Family","description":"","publisher":{"@id":"https:\/\/www.tammuz.com\/pt-br\/#organization"},"potentialAction":[{"@type":"SearchAction","target":{"@type":"EntryPoint","urlTemplate":"https:\/\/www.tammuz.com\/pt-br\/?s={search_term_string}"},"query-input":{"@type":"PropertyValueSpecification","valueRequired":true,"valueName":"search_term_string"}}],"inLanguage":"pt-BR"},{"@type":"Organization","@id":"https:\/\/www.tammuz.com\/pt-br\/#organization","name":"Tammuz Surrogacy","url":"https:\/\/www.tammuz.com\/pt-br\/","logo":{"@type":"ImageObject","inLanguage":"pt-BR","@id":"https:\/\/www.tammuz.com\/pt-br\/#\/schema\/logo\/image\/","url":"https:\/\/ef6qvi2fcyt.exactdn.com\/wp-content\/uploads\/2019\/11\/tammuz-family-logo.png?strip=all&lossy=1&ssl=1","contentUrl":"https:\/\/ef6qvi2fcyt.exactdn.com\/wp-content\/uploads\/2019\/11\/tammuz-family-logo.png?strip=all&lossy=1&ssl=1","width":300,"height":111,"caption":"Tammuz Surrogacy"},"image":{"@id":"https:\/\/www.tammuz.com\/pt-br\/#\/schema\/logo\/image\/"},"sameAs":["https:\/\/www.facebook.com\/tammuzbrasil","https:\/\/www.instagram.com\/tammuzbrasil\/"]}]}},"_links":{"self":[{"href":"https:\/\/www.tammuz.com\/pt-br\/wp-json\/wp\/v2\/pages\/1903","targetHints":{"allow":["GET"]}}],"collection":[{"href":"https:\/\/www.tammuz.com\/pt-br\/wp-json\/wp\/v2\/pages"}],"about":[{"href":"https:\/\/www.tammuz.com\/pt-br\/wp-json\/wp\/v2\/types\/page"}],"author":[{"embeddable":true,"href":"https:\/\/www.tammuz.com\/pt-br\/wp-json\/wp\/v2\/users\/4"}],"replies":[{"embeddable":true,"href":"https:\/\/www.tammuz.com\/pt-br\/wp-json\/wp\/v2\/comments?post=1903"}],"version-history":[{"count":0,"href":"https:\/\/www.tammuz.com\/pt-br\/wp-json\/wp\/v2\/pages\/1903\/revisions"}],"wp:attachment":[{"href":"https:\/\/www.tammuz.com\/pt-br\/wp-json\/wp\/v2\/media?parent=1903"}],"curies":[{"name":"wp","href":"https:\/\/api.w.org\/{rel}","templated":true}]}}