{"id":48461,"date":"2024-04-03T09:28:00","date_gmt":"2024-04-03T06:28:00","guid":{"rendered":"https:\/\/www.tammuz.com\/la-maternite-de-substitution-pour-les-futurs-parents-seropositifs\/"},"modified":"2025-12-09T08:50:08","modified_gmt":"2025-12-09T06:50:08","slug":"la-maternite-de-substitution-pour-les-futurs-parents-seropositifs","status":"publish","type":"page","link":"https:\/\/www.tammuz.com\/fr\/la-maternite-de-substitution-pour-les-futurs-parents-seropositifs\/","title":{"rendered":"La maternit\u00e9 de substitution pour les futurs parents s\u00e9ropositifs"},"content":{"rendered":"\t\t<div data-elementor-type=\"wp-post\" data-elementor-id=\"48461\" class=\"elementor elementor-48461 elementor-762\" data-elementor-post-type=\"page\">\n\t\t\t\t\t\t<section class=\"elementor-section elementor-top-section elementor-element elementor-element-14f9aa69 elementor-section-content-middle elementor-section-height-min-height elementor-section-boxed elementor-section-height-default elementor-section-items-middle\" data-id=\"14f9aa69\" data-element_type=\"section\" data-e-type=\"section\" data-settings=\"{&quot;background_background&quot;:&quot;classic&quot;,&quot;jet_parallax_layout_list&quot;:[{&quot;jet_parallax_layout_image&quot;:{&quot;url&quot;:&quot;&quot;,&quot;id&quot;:&quot;&quot;,&quot;size&quot;:&quot;&quot;},&quot;_id&quot;:&quot;dada152&quot;,&quot;jet_parallax_layout_image_tablet&quot;:{&quot;url&quot;:&quot;&quot;,&quot;id&quot;:&quot;&quot;,&quot;size&quot;:&quot;&quot;},&quot;jet_parallax_layout_image_mobile&quot;:{&quot;url&quot;:&quot;&quot;,&quot;id&quot;:&quot;&quot;,&quot;size&quot;:&quot;&quot;},&quot;jet_parallax_layout_speed&quot;:{&quot;unit&quot;:&quot;%&quot;,&quot;size&quot;:50,&quot;sizes&quot;:[]},&quot;jet_parallax_layout_type&quot;:&quot;scroll&quot;,&quot;jet_parallax_layout_direction&quot;:&quot;1&quot;,&quot;jet_parallax_layout_fx_direction&quot;:null,&quot;jet_parallax_layout_z_index&quot;:&quot;&quot;,&quot;jet_parallax_layout_bg_x&quot;:50,&quot;jet_parallax_layout_bg_x_tablet&quot;:&quot;&quot;,&quot;jet_parallax_layout_bg_x_mobile&quot;:&quot;&quot;,&quot;jet_parallax_layout_bg_y&quot;:50,&quot;jet_parallax_layout_bg_y_tablet&quot;:&quot;&quot;,&quot;jet_parallax_layout_bg_y_mobile&quot;:&quot;&quot;,&quot;jet_parallax_layout_bg_size&quot;:&quot;auto&quot;,&quot;jet_parallax_layout_bg_size_tablet&quot;:&quot;&quot;,&quot;jet_parallax_layout_bg_size_mobile&quot;:&quot;&quot;,&quot;jet_parallax_layout_animation_prop&quot;:&quot;transform&quot;,&quot;jet_parallax_layout_on&quot;:[&quot;desktop&quot;,&quot;tablet&quot;]}]}\">\n\t\t\t\t\t\t<div class=\"elementor-container elementor-column-gap-default\">\n\t\t\t\t\t<div class=\"elementor-column elementor-col-100 elementor-top-column elementor-element elementor-element-65a06b6b\" data-id=\"65a06b6b\" data-element_type=\"column\" data-e-type=\"column\">\n\t\t\t<div class=\"elementor-widget-wrap elementor-element-populated\">\n\t\t\t\t\t\t<section class=\"elementor-section elementor-inner-section elementor-element elementor-element-4852af61 elementor-section-boxed elementor-section-height-default elementor-section-height-default\" data-id=\"4852af61\" data-element_type=\"section\" data-e-type=\"section\" data-settings=\"{&quot;jet_parallax_layout_list&quot;:[{&quot;jet_parallax_layout_image&quot;:{&quot;url&quot;:&quot;&quot;,&quot;id&quot;:&quot;&quot;,&quot;size&quot;:&quot;&quot;},&quot;_id&quot;:&quot;bff19ef&quot;,&quot;jet_parallax_layout_image_tablet&quot;:{&quot;url&quot;:&quot;&quot;,&quot;id&quot;:&quot;&quot;,&quot;size&quot;:&quot;&quot;},&quot;jet_parallax_layout_image_mobile&quot;:{&quot;url&quot;:&quot;&quot;,&quot;id&quot;:&quot;&quot;,&quot;size&quot;:&quot;&quot;},&quot;jet_parallax_layout_speed&quot;:{&quot;unit&quot;:&quot;%&quot;,&quot;size&quot;:50,&quot;sizes&quot;:[]},&quot;jet_parallax_layout_type&quot;:&quot;scroll&quot;,&quot;jet_parallax_layout_direction&quot;:&quot;1&quot;,&quot;jet_parallax_layout_fx_direction&quot;:null,&quot;jet_parallax_layout_z_index&quot;:&quot;&quot;,&quot;jet_parallax_layout_bg_x&quot;:50,&quot;jet_parallax_layout_bg_x_tablet&quot;:&quot;&quot;,&quot;jet_parallax_layout_bg_x_mobile&quot;:&quot;&quot;,&quot;jet_parallax_layout_bg_y&quot;:50,&quot;jet_parallax_layout_bg_y_tablet&quot;:&quot;&quot;,&quot;jet_parallax_layout_bg_y_mobile&quot;:&quot;&quot;,&quot;jet_parallax_layout_bg_size&quot;:&quot;auto&quot;,&quot;jet_parallax_layout_bg_size_tablet&quot;:&quot;&quot;,&quot;jet_parallax_layout_bg_size_mobile&quot;:&quot;&quot;,&quot;jet_parallax_layout_animation_prop&quot;:&quot;transform&quot;,&quot;jet_parallax_layout_on&quot;:[&quot;desktop&quot;,&quot;tablet&quot;]}]}\">\n\t\t\t\t\t\t<div class=\"elementor-container elementor-column-gap-default\">\n\t\t\t\t\t<div class=\"elementor-column elementor-col-100 elementor-inner-column elementor-element elementor-element-4d4bdf98\" data-id=\"4d4bdf98\" data-element_type=\"column\" data-e-type=\"column\">\n\t\t\t<div class=\"elementor-widget-wrap elementor-element-populated\">\n\t\t\t\t\t\t<div class=\"elementor-element elementor-element-43249d60 elementor-widget elementor-widget-heading\" data-id=\"43249d60\" data-element_type=\"widget\" data-e-type=\"widget\" data-widget_type=\"heading.default\">\n\t\t\t\t\t<h1 class=\"elementor-heading-title elementor-size-default\">Pour les futurs parents s\u00e9ropositifs<\/h1>\t\t\t\t<\/div>\n\t\t\t\t\t<\/div>\n\t\t<\/div>\n\t\t\t\t\t<\/div>\n\t\t<\/section>\n\t\t\t\t\t<\/div>\n\t\t<\/div>\n\t\t\t\t\t<\/div>\n\t\t<\/section>\n\t\t<div class=\"elementor-element elementor-element-d93870d e-flex e-con-boxed e-con e-parent\" data-id=\"d93870d\" data-element_type=\"container\" data-e-type=\"container\" data-settings=\"{&quot;jet_parallax_layout_list&quot;:[]}\">\n\t\t\t\t\t<div class=\"e-con-inner\">\n\t\t\t\t<div class=\"elementor-element elementor-element-10a770e elementor-widget elementor-widget-text-editor\" data-id=\"10a770e\" data-element_type=\"widget\" data-e-type=\"widget\" data-widget_type=\"text-editor.default\">\n\t\t\t\t\t\t\t\t\t<p>La famille Tammuz est fi\u00e8re de proposer des parcours de <strong>gestation pour autrui accessibles aux couples et aux personnes vivant avec le VIH<\/strong>, une avanc\u00e9e majeure dans le domaine de la parentalit\u00e9. Cette ouverture contribue \u00e0 d\u00e9passer les id\u00e9es re\u00e7ues et permet \u00e0 ces futurs parents de trouver pleinement leur place au sein de la communaut\u00e9 familiale au sens large.<\/p><p>Gr\u00e2ce aux <strong>technologies de fertilit\u00e9 avanc\u00e9es<\/strong>, les personnes s\u00e9ropositives peuvent aujourd\u2019hui b\u00e9n\u00e9ficier d\u2019une <strong>FIV s\u00e9curis\u00e9e<\/strong>, d\u2019un accompagnement complet et de la possibilit\u00e9 de concevoir un enfant en parfaite sant\u00e9.<br \/>Le <strong>lavage du sperme<\/strong>, une technique reconnue et \u00e9prouv\u00e9e, est propos\u00e9 dans plusieurs de nos destinations : <strong>\u00c9tats-Unis, Mexique, Argentine et Colombie<\/strong>.<\/p><p>Les futurs parents se rendent directement dans la clinique de fertilit\u00e9 partenaire, o\u00f9 ils r\u00e9alisent une s\u00e9rie de tests m\u00e9dicaux sp\u00e9cifiques avant le d\u00e9but de la proc\u00e9dure. Une fois les analyses valid\u00e9es, le <strong>lavage du sperme<\/strong> est r\u00e9alis\u00e9 dans le cadre du <strong>Programme Sp\u00e9cial de Procr\u00e9ation Assist\u00e9e (SPAR)<\/strong>.<\/p><p>En mai 2017, apr\u00e8s l\u2019examen de <strong>11 500 cycles de conception assist\u00e9e<\/strong> utilisant cette technique, les <strong>Centres am\u00e9ricains de contr\u00f4le et de pr\u00e9vention des maladies (CDC)<\/strong> ont confirm\u00e9 que le proc\u00e9d\u00e9 \u00e9tait suffisamment s\u00fbr. Aucun cas de transmission du VIH \u00e0 une femme ou \u00e0 un enfant n\u2019a \u00e9t\u00e9 observ\u00e9, ce qui renforce la fiabilit\u00e9 et la s\u00e9curit\u00e9 du protocole.<\/p>\t\t\t\t\t\t\t\t<\/div>\n\t\t\t\t\t<\/div>\n\t\t\t\t<\/div>\n\t\t\t\t<section class=\"elementor-section elementor-top-section elementor-element elementor-element-235e066 elementor-section-boxed elementor-section-height-default elementor-section-height-default\" data-id=\"235e066\" data-element_type=\"section\" data-e-type=\"section\" data-settings=\"{&quot;jet_parallax_layout_list&quot;:[{&quot;jet_parallax_layout_image&quot;:{&quot;url&quot;:&quot;&quot;,&quot;id&quot;:&quot;&quot;,&quot;size&quot;:&quot;&quot;},&quot;_id&quot;:&quot;10bae44&quot;,&quot;jet_parallax_layout_image_tablet&quot;:{&quot;url&quot;:&quot;&quot;,&quot;id&quot;:&quot;&quot;,&quot;size&quot;:&quot;&quot;},&quot;jet_parallax_layout_image_mobile&quot;:{&quot;url&quot;:&quot;&quot;,&quot;id&quot;:&quot;&quot;,&quot;size&quot;:&quot;&quot;},&quot;jet_parallax_layout_speed&quot;:{&quot;unit&quot;:&quot;%&quot;,&quot;size&quot;:50,&quot;sizes&quot;:[]},&quot;jet_parallax_layout_type&quot;:&quot;scroll&quot;,&quot;jet_parallax_layout_direction&quot;:&quot;1&quot;,&quot;jet_parallax_layout_fx_direction&quot;:null,&quot;jet_parallax_layout_z_index&quot;:&quot;&quot;,&quot;jet_parallax_layout_bg_x&quot;:50,&quot;jet_parallax_layout_bg_x_tablet&quot;:&quot;&quot;,&quot;jet_parallax_layout_bg_x_mobile&quot;:&quot;&quot;,&quot;jet_parallax_layout_bg_y&quot;:50,&quot;jet_parallax_layout_bg_y_tablet&quot;:&quot;&quot;,&quot;jet_parallax_layout_bg_y_mobile&quot;:&quot;&quot;,&quot;jet_parallax_layout_bg_size&quot;:&quot;auto&quot;,&quot;jet_parallax_layout_bg_size_tablet&quot;:&quot;&quot;,&quot;jet_parallax_layout_bg_size_mobile&quot;:&quot;&quot;,&quot;jet_parallax_layout_animation_prop&quot;:&quot;transform&quot;,&quot;jet_parallax_layout_on&quot;:[&quot;desktop&quot;,&quot;tablet&quot;]}],&quot;background_background&quot;:&quot;classic&quot;}\">\n\t\t\t\t\t\t<div class=\"elementor-container elementor-column-gap-default\">\n\t\t\t\t\t<div class=\"elementor-column elementor-col-100 elementor-top-column elementor-element elementor-element-370ddb1f\" data-id=\"370ddb1f\" data-element_type=\"column\" data-e-type=\"column\">\n\t\t\t<div class=\"elementor-widget-wrap elementor-element-populated\">\n\t\t\t\t\t\t<section class=\"elementor-section elementor-inner-section elementor-element elementor-element-13cc7dd9 elementor-section-boxed elementor-section-height-default elementor-section-height-default\" data-id=\"13cc7dd9\" data-element_type=\"section\" data-e-type=\"section\" data-settings=\"{&quot;jet_parallax_layout_list&quot;:[{&quot;jet_parallax_layout_image&quot;:{&quot;url&quot;:&quot;&quot;,&quot;id&quot;:&quot;&quot;,&quot;size&quot;:&quot;&quot;},&quot;_id&quot;:&quot;9c6dfb8&quot;,&quot;jet_parallax_layout_image_tablet&quot;:{&quot;url&quot;:&quot;&quot;,&quot;id&quot;:&quot;&quot;,&quot;size&quot;:&quot;&quot;},&quot;jet_parallax_layout_image_mobile&quot;:{&quot;url&quot;:&quot;&quot;,&quot;id&quot;:&quot;&quot;,&quot;size&quot;:&quot;&quot;},&quot;jet_parallax_layout_speed&quot;:{&quot;unit&quot;:&quot;%&quot;,&quot;size&quot;:50,&quot;sizes&quot;:[]},&quot;jet_parallax_layout_type&quot;:&quot;scroll&quot;,&quot;jet_parallax_layout_direction&quot;:&quot;1&quot;,&quot;jet_parallax_layout_fx_direction&quot;:null,&quot;jet_parallax_layout_z_index&quot;:&quot;&quot;,&quot;jet_parallax_layout_bg_x&quot;:50,&quot;jet_parallax_layout_bg_x_tablet&quot;:&quot;&quot;,&quot;jet_parallax_layout_bg_x_mobile&quot;:&quot;&quot;,&quot;jet_parallax_layout_bg_y&quot;:50,&quot;jet_parallax_layout_bg_y_tablet&quot;:&quot;&quot;,&quot;jet_parallax_layout_bg_y_mobile&quot;:&quot;&quot;,&quot;jet_parallax_layout_bg_size&quot;:&quot;auto&quot;,&quot;jet_parallax_layout_bg_size_tablet&quot;:&quot;&quot;,&quot;jet_parallax_layout_bg_size_mobile&quot;:&quot;&quot;,&quot;jet_parallax_layout_animation_prop&quot;:&quot;transform&quot;,&quot;jet_parallax_layout_on&quot;:[&quot;desktop&quot;,&quot;tablet&quot;]}]}\">\n\t\t\t\t\t\t<div class=\"elementor-container elementor-column-gap-default\">\n\t\t\t\t\t<div class=\"elementor-column elementor-col-50 elementor-inner-column elementor-element elementor-element-2938f593\" data-id=\"2938f593\" data-element_type=\"column\" data-e-type=\"column\">\n\t\t\t<div class=\"elementor-widget-wrap elementor-element-populated\">\n\t\t\t\t\t\t<div class=\"elementor-element elementor-element-109dbc0a elementor-widget elementor-widget-heading\" data-id=\"109dbc0a\" data-element_type=\"widget\" data-e-type=\"widget\" data-widget_type=\"heading.default\">\n\t\t\t\t\t<h2 class=\"elementor-heading-title elementor-size-default\">8 raisons pour lesquelles les futurs parents choisissent Tammuz<\/h2>\t\t\t\t<\/div>\n\t\t\t\t\t<\/div>\n\t\t<\/div>\n\t\t\t\t<div class=\"elementor-column elementor-col-50 elementor-inner-column elementor-element elementor-element-6670a872\" data-id=\"6670a872\" data-element_type=\"column\" data-e-type=\"column\">\n\t\t\t<div class=\"elementor-widget-wrap elementor-element-populated\">\n\t\t\t\t\t\t<div class=\"elementor-element elementor-element-74887ab2 elementor-align-left elementor-widget__width-auto elementor-widget elementor-widget-button\" data-id=\"74887ab2\" data-element_type=\"widget\" data-e-type=\"widget\" data-widget_type=\"button.default\">\n\t\t\t\t\t\t\t\t\t\t<a class=\"elementor-button elementor-button-link elementor-size-lg\" href=\"#\">\n\t\t\t\t\t\t<span class=\"elementor-button-content-wrapper\">\n\t\t\t\t\t\t\t\t\t<span class=\"elementor-button-text\">En savoir plus<\/span>\n\t\t\t\t\t<\/span>\n\t\t\t\t\t<\/a>\n\t\t\t\t\t\t\t\t<\/div>\n\t\t\t\t\t<\/div>\n\t\t<\/div>\n\t\t\t\t\t<\/div>\n\t\t<\/section>\n\t\t\t\t\t<\/div>\n\t\t<\/div>\n\t\t\t\t\t<\/div>\n\t\t<\/section>\n\t\t\t\t<\/div>\n\t\t","protected":false},"excerpt":{"rendered":"<p>Pour les futurs parents s\u00e9ropositifs La famille Tammuz est fi\u00e8re de proposer des parcours de gestation pour autrui accessibles aux couples et aux personnes vivant avec le VIH, une avanc\u00e9e majeure dans le domaine de la parentalit\u00e9. Cette ouverture contribue \u00e0 d\u00e9passer les id\u00e9es re\u00e7ues et permet \u00e0 ces futurs parents de trouver pleinement leur [&hellip;]<\/p>\n","protected":false},"author":4,"featured_media":0,"parent":0,"menu_order":0,"comment_status":"closed","ping_status":"closed","template":"","meta":{"footnotes":""},"class_list":["post-48461","page","type-page","status-publish","hentry"],"yoast_head":"<!-- This site is optimized with the Yoast SEO plugin v27.3 - https:\/\/yoast.com\/product\/yoast-seo-wordpress\/ -->\n<title>GPA pour les futurs parents s\u00e9ropositifs | M\u00e8re porteuse pour les futurs parents | Soci\u00e9t\u00e9 de maternit\u00e9 de substitution<\/title>\n<meta name=\"description\" content=\"La famille Tammuz aide les futurs parents s\u00e9ropositifs et assure la s\u00e9curit\u00e9 de la m\u00e8re porteuse et de l&#039;enfant. Nous proposons une maternit\u00e9 de substitution \u00e0 faible co\u00fbt pour les futurs parents s\u00e9ropositifs.\" \/>\n<meta name=\"robots\" content=\"index, follow, max-snippet:-1, max-image-preview:large, max-video-preview:-1\" \/>\n<link rel=\"canonical\" href=\"https:\/\/www.tammuz.com\/fr\/la-maternite-de-substitution-pour-les-futurs-parents-seropositifs\/\" \/>\n<meta property=\"og:locale\" content=\"fr_FR\" \/>\n<meta property=\"og:type\" content=\"article\" \/>\n<meta property=\"og:title\" content=\"GPA pour les futurs parents s\u00e9ropositifs | M\u00e8re porteuse pour les futurs parents | Soci\u00e9t\u00e9 de maternit\u00e9 de substitution\" \/>\n<meta property=\"og:description\" content=\"La famille Tammuz aide les futurs parents s\u00e9ropositifs et assure la s\u00e9curit\u00e9 de la m\u00e8re porteuse et de l&#039;enfant. Nous proposons une maternit\u00e9 de substitution \u00e0 faible co\u00fbt pour les futurs parents s\u00e9ropositifs.\" \/>\n<meta property=\"og:url\" content=\"https:\/\/www.tammuz.com\/fr\/la-maternite-de-substitution-pour-les-futurs-parents-seropositifs\/\" \/>\n<meta property=\"og:site_name\" content=\"Tammuz Family\" \/>\n<meta property=\"article:publisher\" content=\"https:\/\/www.facebook.com\/tammuzbrasil\" \/>\n<meta property=\"article:modified_time\" content=\"2025-12-09T06:50:08+00:00\" \/>\n<meta name=\"twitter:card\" content=\"summary_large_image\" \/>\n<meta name=\"twitter:label1\" content=\"Est. reading time\" \/>\n\t<meta name=\"twitter:data1\" content=\"1 minute\" \/>\n<script type=\"application\/ld+json\" class=\"yoast-schema-graph\">{\"@context\":\"https:\\\/\\\/schema.org\",\"@graph\":[{\"@type\":\"WebPage\",\"@id\":\"https:\\\/\\\/www.tammuz.com\\\/fr\\\/la-maternite-de-substitution-pour-les-futurs-parents-seropositifs\\\/\",\"url\":\"https:\\\/\\\/www.tammuz.com\\\/fr\\\/la-maternite-de-substitution-pour-les-futurs-parents-seropositifs\\\/\",\"name\":\"GPA pour les futurs parents s\u00e9ropositifs | M\u00e8re porteuse pour les futurs parents | Soci\u00e9t\u00e9 de maternit\u00e9 de substitution\",\"isPartOf\":{\"@id\":\"https:\\\/\\\/www.tammuz.com\\\/fr\\\/#website\"},\"datePublished\":\"2024-04-03T06:28:00+00:00\",\"dateModified\":\"2025-12-09T06:50:08+00:00\",\"description\":\"La famille Tammuz aide les futurs parents s\u00e9ropositifs et assure la s\u00e9curit\u00e9 de la m\u00e8re porteuse et de l'enfant. Nous proposons une maternit\u00e9 de substitution \u00e0 faible co\u00fbt pour les futurs parents s\u00e9ropositifs.\",\"inLanguage\":\"fr-FR\",\"potentialAction\":[{\"@type\":\"ReadAction\",\"target\":[\"https:\\\/\\\/www.tammuz.com\\\/fr\\\/la-maternite-de-substitution-pour-les-futurs-parents-seropositifs\\\/\"]}]},{\"@type\":\"WebSite\",\"@id\":\"https:\\\/\\\/www.tammuz.com\\\/fr\\\/#website\",\"url\":\"https:\\\/\\\/www.tammuz.com\\\/fr\\\/\",\"name\":\"Tammuz Family\",\"description\":\"\",\"publisher\":{\"@id\":\"https:\\\/\\\/www.tammuz.com\\\/fr\\\/#organization\"},\"potentialAction\":[{\"@type\":\"SearchAction\",\"target\":{\"@type\":\"EntryPoint\",\"urlTemplate\":\"https:\\\/\\\/www.tammuz.com\\\/fr\\\/?s={search_term_string}\"},\"query-input\":{\"@type\":\"PropertyValueSpecification\",\"valueRequired\":true,\"valueName\":\"search_term_string\"}}],\"inLanguage\":\"fr-FR\"},{\"@type\":\"Organization\",\"@id\":\"https:\\\/\\\/www.tammuz.com\\\/fr\\\/#organization\",\"name\":\"Tammuz Surrogacy\",\"url\":\"https:\\\/\\\/www.tammuz.com\\\/fr\\\/\",\"logo\":{\"@type\":\"ImageObject\",\"inLanguage\":\"fr-FR\",\"@id\":\"https:\\\/\\\/www.tammuz.com\\\/fr\\\/#\\\/schema\\\/logo\\\/image\\\/\",\"url\":\"https:\\\/\\\/ef6qvi2fcyt.exactdn.com\\\/wp-content\\\/uploads\\\/2019\\\/11\\\/tammuz-family-logo.png?strip=all&lossy=1&ssl=1\",\"contentUrl\":\"https:\\\/\\\/ef6qvi2fcyt.exactdn.com\\\/wp-content\\\/uploads\\\/2019\\\/11\\\/tammuz-family-logo.png?strip=all&lossy=1&ssl=1\",\"width\":300,\"height\":111,\"caption\":\"Tammuz Surrogacy\"},\"image\":{\"@id\":\"https:\\\/\\\/www.tammuz.com\\\/fr\\\/#\\\/schema\\\/logo\\\/image\\\/\"},\"sameAs\":[\"https:\\\/\\\/www.facebook.com\\\/tammuzbrasil\",\"https:\\\/\\\/www.instagram.com\\\/tammuzbrasil\\\/\"]}]}<\/script>\n<!-- \/ Yoast SEO plugin. -->","yoast_head_json":{"title":"GPA pour les futurs parents s\u00e9ropositifs | M\u00e8re porteuse pour les futurs parents | Soci\u00e9t\u00e9 de maternit\u00e9 de substitution","description":"La famille Tammuz aide les futurs parents s\u00e9ropositifs et assure la s\u00e9curit\u00e9 de la m\u00e8re porteuse et de l'enfant. Nous proposons une maternit\u00e9 de substitution \u00e0 faible co\u00fbt pour les futurs parents s\u00e9ropositifs.","robots":{"index":"index","follow":"follow","max-snippet":"max-snippet:-1","max-image-preview":"max-image-preview:large","max-video-preview":"max-video-preview:-1"},"canonical":"https:\/\/www.tammuz.com\/fr\/la-maternite-de-substitution-pour-les-futurs-parents-seropositifs\/","og_locale":"fr_FR","og_type":"article","og_title":"GPA pour les futurs parents s\u00e9ropositifs | M\u00e8re porteuse pour les futurs parents | Soci\u00e9t\u00e9 de maternit\u00e9 de substitution","og_description":"La famille Tammuz aide les futurs parents s\u00e9ropositifs et assure la s\u00e9curit\u00e9 de la m\u00e8re porteuse et de l'enfant. Nous proposons une maternit\u00e9 de substitution \u00e0 faible co\u00fbt pour les futurs parents s\u00e9ropositifs.","og_url":"https:\/\/www.tammuz.com\/fr\/la-maternite-de-substitution-pour-les-futurs-parents-seropositifs\/","og_site_name":"Tammuz Family","article_publisher":"https:\/\/www.facebook.com\/tammuzbrasil","article_modified_time":"2025-12-09T06:50:08+00:00","twitter_card":"summary_large_image","twitter_misc":{"Est. reading time":"1 minute"},"schema":{"@context":"https:\/\/schema.org","@graph":[{"@type":"WebPage","@id":"https:\/\/www.tammuz.com\/fr\/la-maternite-de-substitution-pour-les-futurs-parents-seropositifs\/","url":"https:\/\/www.tammuz.com\/fr\/la-maternite-de-substitution-pour-les-futurs-parents-seropositifs\/","name":"GPA pour les futurs parents s\u00e9ropositifs | M\u00e8re porteuse pour les futurs parents | Soci\u00e9t\u00e9 de maternit\u00e9 de substitution","isPartOf":{"@id":"https:\/\/www.tammuz.com\/fr\/#website"},"datePublished":"2024-04-03T06:28:00+00:00","dateModified":"2025-12-09T06:50:08+00:00","description":"La famille Tammuz aide les futurs parents s\u00e9ropositifs et assure la s\u00e9curit\u00e9 de la m\u00e8re porteuse et de l'enfant. Nous proposons une maternit\u00e9 de substitution \u00e0 faible co\u00fbt pour les futurs parents s\u00e9ropositifs.","inLanguage":"fr-FR","potentialAction":[{"@type":"ReadAction","target":["https:\/\/www.tammuz.com\/fr\/la-maternite-de-substitution-pour-les-futurs-parents-seropositifs\/"]}]},{"@type":"WebSite","@id":"https:\/\/www.tammuz.com\/fr\/#website","url":"https:\/\/www.tammuz.com\/fr\/","name":"Tammuz Family","description":"","publisher":{"@id":"https:\/\/www.tammuz.com\/fr\/#organization"},"potentialAction":[{"@type":"SearchAction","target":{"@type":"EntryPoint","urlTemplate":"https:\/\/www.tammuz.com\/fr\/?s={search_term_string}"},"query-input":{"@type":"PropertyValueSpecification","valueRequired":true,"valueName":"search_term_string"}}],"inLanguage":"fr-FR"},{"@type":"Organization","@id":"https:\/\/www.tammuz.com\/fr\/#organization","name":"Tammuz Surrogacy","url":"https:\/\/www.tammuz.com\/fr\/","logo":{"@type":"ImageObject","inLanguage":"fr-FR","@id":"https:\/\/www.tammuz.com\/fr\/#\/schema\/logo\/image\/","url":"https:\/\/ef6qvi2fcyt.exactdn.com\/wp-content\/uploads\/2019\/11\/tammuz-family-logo.png?strip=all&lossy=1&ssl=1","contentUrl":"https:\/\/ef6qvi2fcyt.exactdn.com\/wp-content\/uploads\/2019\/11\/tammuz-family-logo.png?strip=all&lossy=1&ssl=1","width":300,"height":111,"caption":"Tammuz Surrogacy"},"image":{"@id":"https:\/\/www.tammuz.com\/fr\/#\/schema\/logo\/image\/"},"sameAs":["https:\/\/www.facebook.com\/tammuzbrasil","https:\/\/www.instagram.com\/tammuzbrasil\/"]}]}},"_links":{"self":[{"href":"https:\/\/www.tammuz.com\/fr\/wp-json\/wp\/v2\/pages\/48461","targetHints":{"allow":["GET"]}}],"collection":[{"href":"https:\/\/www.tammuz.com\/fr\/wp-json\/wp\/v2\/pages"}],"about":[{"href":"https:\/\/www.tammuz.com\/fr\/wp-json\/wp\/v2\/types\/page"}],"author":[{"embeddable":true,"href":"https:\/\/www.tammuz.com\/fr\/wp-json\/wp\/v2\/users\/4"}],"replies":[{"embeddable":true,"href":"https:\/\/www.tammuz.com\/fr\/wp-json\/wp\/v2\/comments?post=48461"}],"version-history":[{"count":0,"href":"https:\/\/www.tammuz.com\/fr\/wp-json\/wp\/v2\/pages\/48461\/revisions"}],"wp:attachment":[{"href":"https:\/\/www.tammuz.com\/fr\/wp-json\/wp\/v2\/media?parent=48461"}],"curies":[{"name":"wp","href":"https:\/\/api.w.org\/{rel}","templated":true}]}}