{"id":6747,"date":"2020-06-14T23:50:22","date_gmt":"2020-06-14T23:50:22","guid":{"rendered":"https:\/\/www.tammuz.com\/home\/"},"modified":"2021-12-02T08:38:28","modified_gmt":"2021-12-02T08:38:28","slug":"home","status":"publish","type":"page","link":"https:\/\/www.tammuz.com\/es\/home\/","title":{"rendered":"Home"},"content":{"rendered":"<h1>Sue\u00f1as con tener hijos. <es> \u00a1Lo hacemos realidad!<\/es><\/h1>\n<p><a role=\"button\"><br \/>\n\u00bfPor qu\u00e9 Tamuz?<br \/>\n<\/a><br \/>\n<a role=\"button\"><br \/>\nContacto<br \/>\n<\/a><br \/>\n<img decoding=\"async\" width=\"103\" height=\"106\" src=\"https:\/\/www.tammuz.com\/wp-content\/uploads\/2019\/08\/icone-surrogacy.png\" alt=\"\"><\/p>\n<h2>Proceso de Subrogaci\u00f3n<\/h2>\n<p><em><strong>Tammuz Family<\/strong><\/em> es un especialista global en soluciones para procesos de subrogaci\u00f3n, reproducci\u00f3n humana, fertilidad y donaci\u00f3n de \u00f3vulos.<br \/>\nHemos tenido la suerte de ayudar a miles de hombres y mujeres a construir sus familias. Estamos listos para llevar a cabo su proceso de manera segura, \u00e1gil y altamente profesional. Los miembros de nuestro equipo son profesionales especializados y, adem\u00e1s, ya han tenido una experiencia personal con los procesos de fertilidad y \/ o subrogaci\u00f3n para formar sus propias familias y comprender m\u00e1s que sus deseos, miedos y expectativas con empat\u00eda durante la realizaci\u00f3n de un viaje. Subrogaci\u00f3n internacional.<\/p>\n<p><strong>Estamos aqu\u00ed para proporcionar la mejor soluci\u00f3n posible para hacer realidad su sue\u00f1o.<\/strong><\/p>\n<p><img decoding=\"async\" width=\"78\" height=\"108\" src=\"https:\/\/www.tammuz.com\/wp-content\/uploads\/2019\/08\/icone-eggdonation.png\" alt=\"\"><\/p>\n<h2>Donaci\u00f3n de \u00d3vulos<\/h2>\n<p>Nuestro banco de donantes de \u00f3vulos tiene una gran diversidad de mujeres j\u00f3venes con diferentes caracter\u00edsticas de tipo de cuerpo, personalidad y antecedentes. Hay donantes de \u00f3vulos cauc\u00e1sicos, asi\u00e1ticos, estadounidenses, colombianos, sudafricanos e indios.<\/p>\n","protected":false},"excerpt":{"rendered":"<p>Sue\u00f1as con tener hijos. \u00a1Lo hacemos realidad! \u00bfPor qu\u00e9 Tamuz? Contacto Proceso de Subrogaci\u00f3n Tammuz Family es un especialista global en soluciones para procesos de subrogaci\u00f3n, reproducci\u00f3n humana, fertilidad y donaci\u00f3n de \u00f3vulos. Hemos tenido la suerte de ayudar a miles de hombres y mujeres a construir sus familias. Estamos listos para llevar a cabo [&hellip;]<\/p>\n","protected":false},"author":4,"featured_media":0,"parent":0,"menu_order":0,"comment_status":"closed","ping_status":"closed","template":"","meta":{"footnotes":""},"class_list":["post-6747","page","type-page","status-publish","hentry"],"yoast_head":"<!-- This site is optimized with the Yoast SEO plugin v27.3 - https:\/\/yoast.com\/product\/yoast-seo-wordpress\/ -->\n<title>Soluciones especializadas y programas de subrogaci\u00f3n<\/title>\n<meta name=\"description\" content=\"Tammuz Family es un especialista global en soluciones para procesos de gestaci\u00f3n subrogada, reproducci\u00f3n humana, fertilidad y donaci\u00f3n de \u00f3vulos.\" \/>\n<meta name=\"robots\" content=\"index, follow, max-snippet:-1, max-image-preview:large, max-video-preview:-1\" \/>\n<link rel=\"canonical\" href=\"https:\/\/www.tammuz.com\/es\/home\/\" \/>\n<meta property=\"og:locale\" content=\"es_ES\" \/>\n<meta property=\"og:type\" content=\"article\" \/>\n<meta property=\"og:title\" content=\"Soluciones especializadas y programas de subrogaci\u00f3n\" \/>\n<meta property=\"og:description\" content=\"Tammuz Family es un especialista global en soluciones para procesos de gestaci\u00f3n subrogada, reproducci\u00f3n humana, fertilidad y donaci\u00f3n de \u00f3vulos.\" \/>\n<meta property=\"og:url\" content=\"https:\/\/www.tammuz.com\/es\/home\/\" \/>\n<meta property=\"og:site_name\" content=\"Tammuz Family\" \/>\n<meta property=\"article:publisher\" content=\"https:\/\/www.facebook.com\/tammuzbrasil\" \/>\n<meta property=\"article:modified_time\" content=\"2021-12-02T08:38:28+00:00\" \/>\n<meta property=\"og:image\" content=\"https:\/\/www.tammuz.com\/wp-content\/uploads\/2019\/08\/icone-surrogacy.png\" \/>\n<meta name=\"twitter:card\" content=\"summary_large_image\" \/>\n<meta name=\"twitter:label1\" content=\"Est. reading time\" \/>\n\t<meta name=\"twitter:data1\" content=\"2 minutos\" \/>\n<script type=\"application\/ld+json\" class=\"yoast-schema-graph\">{\"@context\":\"https:\\\/\\\/schema.org\",\"@graph\":[{\"@type\":\"WebPage\",\"@id\":\"https:\\\/\\\/www.tammuz.com\\\/es\\\/home\\\/\",\"url\":\"https:\\\/\\\/www.tammuz.com\\\/es\\\/home\\\/\",\"name\":\"Soluciones especializadas y programas de subrogaci\u00f3n\",\"isPartOf\":{\"@id\":\"https:\\\/\\\/www.tammuz.com\\\/es\\\/#website\"},\"primaryImageOfPage\":{\"@id\":\"https:\\\/\\\/www.tammuz.com\\\/es\\\/home\\\/#primaryimage\"},\"image\":{\"@id\":\"https:\\\/\\\/www.tammuz.com\\\/es\\\/home\\\/#primaryimage\"},\"thumbnailUrl\":\"https:\\\/\\\/www.tammuz.com\\\/wp-content\\\/uploads\\\/2019\\\/08\\\/icone-surrogacy.png\",\"datePublished\":\"2020-06-14T23:50:22+00:00\",\"dateModified\":\"2021-12-02T08:38:28+00:00\",\"description\":\"Tammuz Family es un especialista global en soluciones para procesos de gestaci\u00f3n subrogada, reproducci\u00f3n humana, fertilidad y donaci\u00f3n de \u00f3vulos.\",\"inLanguage\":\"es\",\"potentialAction\":[{\"@type\":\"ReadAction\",\"target\":[\"https:\\\/\\\/www.tammuz.com\\\/es\\\/home\\\/\"]}]},{\"@type\":\"ImageObject\",\"inLanguage\":\"es\",\"@id\":\"https:\\\/\\\/www.tammuz.com\\\/es\\\/home\\\/#primaryimage\",\"url\":\"https:\\\/\\\/www.tammuz.com\\\/wp-content\\\/uploads\\\/2019\\\/08\\\/icone-surrogacy.png\",\"contentUrl\":\"https:\\\/\\\/www.tammuz.com\\\/wp-content\\\/uploads\\\/2019\\\/08\\\/icone-surrogacy.png\"},{\"@type\":\"WebSite\",\"@id\":\"https:\\\/\\\/www.tammuz.com\\\/es\\\/#website\",\"url\":\"https:\\\/\\\/www.tammuz.com\\\/es\\\/\",\"name\":\"Tammuz Family\",\"description\":\"\",\"publisher\":{\"@id\":\"https:\\\/\\\/www.tammuz.com\\\/es\\\/#organization\"},\"potentialAction\":[{\"@type\":\"SearchAction\",\"target\":{\"@type\":\"EntryPoint\",\"urlTemplate\":\"https:\\\/\\\/www.tammuz.com\\\/es\\\/?s={search_term_string}\"},\"query-input\":{\"@type\":\"PropertyValueSpecification\",\"valueRequired\":true,\"valueName\":\"search_term_string\"}}],\"inLanguage\":\"es\"},{\"@type\":\"Organization\",\"@id\":\"https:\\\/\\\/www.tammuz.com\\\/es\\\/#organization\",\"name\":\"Tammuz Surrogacy\",\"url\":\"https:\\\/\\\/www.tammuz.com\\\/es\\\/\",\"logo\":{\"@type\":\"ImageObject\",\"inLanguage\":\"es\",\"@id\":\"https:\\\/\\\/www.tammuz.com\\\/es\\\/#\\\/schema\\\/logo\\\/image\\\/\",\"url\":\"https:\\\/\\\/ef6qvi2fcyt.exactdn.com\\\/wp-content\\\/uploads\\\/2019\\\/11\\\/tammuz-family-logo.png?strip=all&lossy=1&ssl=1\",\"contentUrl\":\"https:\\\/\\\/ef6qvi2fcyt.exactdn.com\\\/wp-content\\\/uploads\\\/2019\\\/11\\\/tammuz-family-logo.png?strip=all&lossy=1&ssl=1\",\"width\":300,\"height\":111,\"caption\":\"Tammuz Surrogacy\"},\"image\":{\"@id\":\"https:\\\/\\\/www.tammuz.com\\\/es\\\/#\\\/schema\\\/logo\\\/image\\\/\"},\"sameAs\":[\"https:\\\/\\\/www.facebook.com\\\/tammuzbrasil\",\"https:\\\/\\\/www.instagram.com\\\/tammuzbrasil\\\/\"]}]}<\/script>\n<!-- \/ Yoast SEO plugin. -->","yoast_head_json":{"title":"Soluciones especializadas y programas de subrogaci\u00f3n","description":"Tammuz Family es un especialista global en soluciones para procesos de gestaci\u00f3n subrogada, reproducci\u00f3n humana, fertilidad y donaci\u00f3n de \u00f3vulos.","robots":{"index":"index","follow":"follow","max-snippet":"max-snippet:-1","max-image-preview":"max-image-preview:large","max-video-preview":"max-video-preview:-1"},"canonical":"https:\/\/www.tammuz.com\/es\/home\/","og_locale":"es_ES","og_type":"article","og_title":"Soluciones especializadas y programas de subrogaci\u00f3n","og_description":"Tammuz Family es un especialista global en soluciones para procesos de gestaci\u00f3n subrogada, reproducci\u00f3n humana, fertilidad y donaci\u00f3n de \u00f3vulos.","og_url":"https:\/\/www.tammuz.com\/es\/home\/","og_site_name":"Tammuz Family","article_publisher":"https:\/\/www.facebook.com\/tammuzbrasil","article_modified_time":"2021-12-02T08:38:28+00:00","og_image":[{"url":"https:\/\/www.tammuz.com\/wp-content\/uploads\/2019\/08\/icone-surrogacy.png","type":"","width":"","height":""}],"twitter_card":"summary_large_image","twitter_misc":{"Est. reading time":"2 minutos"},"schema":{"@context":"https:\/\/schema.org","@graph":[{"@type":"WebPage","@id":"https:\/\/www.tammuz.com\/es\/home\/","url":"https:\/\/www.tammuz.com\/es\/home\/","name":"Soluciones especializadas y programas de subrogaci\u00f3n","isPartOf":{"@id":"https:\/\/www.tammuz.com\/es\/#website"},"primaryImageOfPage":{"@id":"https:\/\/www.tammuz.com\/es\/home\/#primaryimage"},"image":{"@id":"https:\/\/www.tammuz.com\/es\/home\/#primaryimage"},"thumbnailUrl":"https:\/\/www.tammuz.com\/wp-content\/uploads\/2019\/08\/icone-surrogacy.png","datePublished":"2020-06-14T23:50:22+00:00","dateModified":"2021-12-02T08:38:28+00:00","description":"Tammuz Family es un especialista global en soluciones para procesos de gestaci\u00f3n subrogada, reproducci\u00f3n humana, fertilidad y donaci\u00f3n de \u00f3vulos.","inLanguage":"es","potentialAction":[{"@type":"ReadAction","target":["https:\/\/www.tammuz.com\/es\/home\/"]}]},{"@type":"ImageObject","inLanguage":"es","@id":"https:\/\/www.tammuz.com\/es\/home\/#primaryimage","url":"https:\/\/www.tammuz.com\/wp-content\/uploads\/2019\/08\/icone-surrogacy.png","contentUrl":"https:\/\/www.tammuz.com\/wp-content\/uploads\/2019\/08\/icone-surrogacy.png"},{"@type":"WebSite","@id":"https:\/\/www.tammuz.com\/es\/#website","url":"https:\/\/www.tammuz.com\/es\/","name":"Tammuz Family","description":"","publisher":{"@id":"https:\/\/www.tammuz.com\/es\/#organization"},"potentialAction":[{"@type":"SearchAction","target":{"@type":"EntryPoint","urlTemplate":"https:\/\/www.tammuz.com\/es\/?s={search_term_string}"},"query-input":{"@type":"PropertyValueSpecification","valueRequired":true,"valueName":"search_term_string"}}],"inLanguage":"es"},{"@type":"Organization","@id":"https:\/\/www.tammuz.com\/es\/#organization","name":"Tammuz Surrogacy","url":"https:\/\/www.tammuz.com\/es\/","logo":{"@type":"ImageObject","inLanguage":"es","@id":"https:\/\/www.tammuz.com\/es\/#\/schema\/logo\/image\/","url":"https:\/\/ef6qvi2fcyt.exactdn.com\/wp-content\/uploads\/2019\/11\/tammuz-family-logo.png?strip=all&lossy=1&ssl=1","contentUrl":"https:\/\/ef6qvi2fcyt.exactdn.com\/wp-content\/uploads\/2019\/11\/tammuz-family-logo.png?strip=all&lossy=1&ssl=1","width":300,"height":111,"caption":"Tammuz Surrogacy"},"image":{"@id":"https:\/\/www.tammuz.com\/es\/#\/schema\/logo\/image\/"},"sameAs":["https:\/\/www.facebook.com\/tammuzbrasil","https:\/\/www.instagram.com\/tammuzbrasil\/"]}]}},"_links":{"self":[{"href":"https:\/\/www.tammuz.com\/es\/wp-json\/wp\/v2\/pages\/6747","targetHints":{"allow":["GET"]}}],"collection":[{"href":"https:\/\/www.tammuz.com\/es\/wp-json\/wp\/v2\/pages"}],"about":[{"href":"https:\/\/www.tammuz.com\/es\/wp-json\/wp\/v2\/types\/page"}],"author":[{"embeddable":true,"href":"https:\/\/www.tammuz.com\/es\/wp-json\/wp\/v2\/users\/4"}],"replies":[{"embeddable":true,"href":"https:\/\/www.tammuz.com\/es\/wp-json\/wp\/v2\/comments?post=6747"}],"version-history":[{"count":0,"href":"https:\/\/www.tammuz.com\/es\/wp-json\/wp\/v2\/pages\/6747\/revisions"}],"wp:attachment":[{"href":"https:\/\/www.tammuz.com\/es\/wp-json\/wp\/v2\/media?parent=6747"}],"curies":[{"name":"wp","href":"https:\/\/api.w.org\/{rel}","templated":true}]}}