{"id":6433,"date":"2020-05-25T06:57:30","date_gmt":"2020-05-25T06:57:30","guid":{"rendered":"https:\/\/www.tammuz.com\/por-que-tammuz\/"},"modified":"2024-04-06T14:53:21","modified_gmt":"2024-04-06T11:53:21","slug":"por-que-tammuz","status":"publish","type":"page","link":"https:\/\/www.tammuz.com\/es\/donacion-de-ovulos\/descubre-tammuz\/por-que-tammuz\/","title":{"rendered":"\u00bfPor qu\u00e9 tammuz?"},"content":{"rendered":"<h1>\u00bfPor qu\u00e9 tammuz?<\/h1>\n<p>Ahora est\u00e1s a solo un paso del viaje m\u00e1s importante de tu vida. Deducimos que usted pas\u00f3 innumerables horas investigando sobre el proceso de Surroagcy en el extranjero, consult\u00f3 con profesionales de la industria y al final se dio cuenta que Tammuz era el m\u00e1s econ\u00f3mico. Ahora, nos gustar\u00eda compartir con ustedes los principios, los fundamentos de la <em>Familia Tammuz<\/em> y las razones por las cuales somos una de las compa\u00f1\u00edas l\u00edderes mundiales de Subrogaci\u00f3n Internacional, Fertilidad y Reproducci\u00f3n Humana.<\/p>\n<p><em>Tammuz Family<\/em> apoya completamente a los futuros padres y les brinda los mejores y los servicios profesionales y el personal m\u00e1s capacitado posible.<\/p>\n<p><img decoding=\"async\" width=\"97\" height=\"99\" src=\"https:\/\/www.tammuz.com\/wp-content\/uploads\/2019\/09\/egg-ico-meticulous.png\" alt=\"\"><\/p>\n<h4>Usted es nuestro enfoque<\/h4>\n<p>Ofrecemos los planes m\u00e1s seguros y profesionales al menor costo. Siempre estamos buscando innovaciones y la mejor manera de llevar a cabo los procesos de forma segura y con mayor accesibilidad financiera.<\/p>\n<p><img decoding=\"async\" width=\"101\" height=\"103\" src=\"https:\/\/www.tammuz.com\/wp-content\/uploads\/2019\/08\/ico-diamante.png\" alt=\"\"><\/p>\n<h4>Costo econ\u00f3mico<\/h4>\n<p>Ofrecemos los planes m\u00e1s seguros y profesionales al menor costo. Siempre estamos buscando innovaciones y la mejor manera de llevar a cabo los procesos de forma segura y con mayor accesibilidad financiera.<\/p>\n<p><img decoding=\"async\" width=\"83\" height=\"79\" src=\"https:\/\/www.tammuz.com\/wp-content\/uploads\/2019\/09\/egg-ico-guarantee.png\" alt=\"\"><\/p>\n<h4>Madres sustitutas disponibles<\/h4>\n<p>Tammuz tiene excelentes surrogates, que est\u00e1n f\u00e1cilmente disponibles. Todas ellas se someten a rigurosos ex\u00e1menes m\u00e9dicos y psicol\u00f3gicos. Adem\u00e1s, es un requisito b\u00e1sico que todas las Subrogadas sean madres con al menos un embarazo y parto exitosos.<\/p>\n<p><img loading=\"lazy\" decoding=\"async\" width=\"78\" height=\"108\" src=\"https:\/\/www.tammuz.com\/wp-content\/uploads\/2019\/08\/icone-eggdonation.png\" alt=\"\"><\/p>\n<h4>Madres sustitutas disponibles:<\/h4>\n<p>Tammuz tiene excelentes surrogates, que est\u00e1n f\u00e1cilmente disponibles. Todas ellas se someten a rigurosos ex\u00e1menes m\u00e9dicos y psicol\u00f3gicos. Adem\u00e1s, es un requisito b\u00e1sico que todas las Subrogadas sean madres con al menos un embarazo y parto exitosos.<\/p>\n<p><img loading=\"lazy\" decoding=\"async\" width=\"137\" height=\"97\" src=\"https:\/\/www.tammuz.com\/wp-content\/uploads\/2019\/09\/egg-ico-variety.png\" alt=\"\"><\/p>\n<h4>Todo en un solo lugar<\/h4>\n<p>nuestro trabajo, todo en un mismo lugar, les permite a los futuros padres, sentirse m\u00e1s seguro y menos estresado al saber que coordinamos todo para usted, incluso la b\u00fasqueda de la surrogate, la creaci\u00f3n de los embriones, la realizaci\u00f3n de todos los procedimientos m\u00e9dicos junto con brindarle asistencia legal y consultor\u00eda de seguros.<\/p>\n<p><img loading=\"lazy\" decoding=\"async\" width=\"83\" height=\"79\" src=\"https:\/\/www.tammuz.com\/wp-content\/uploads\/2019\/09\/egg-ico-security.png\" alt=\"\"><\/p>\n<h4>Comunidad<\/h4>\n<p>Tammuz no es solo otra agencia. Durante la \u00faltima d\u00e9cada, hemos construido una comunidad y estamos orgullosos de estar en contacto con nuestros futuros padres, sus beb\u00e9s y sus familias.<\/p>\n<p><img loading=\"lazy\" decoding=\"async\" width=\"91\" height=\"81\" src=\"https:\/\/www.tammuz.com\/wp-content\/uploads\/2019\/08\/egg-ico-transparence.png\" alt=\"\"><\/p>\n<h4>Valores<\/h4>\n<p>desde su inicio (en 2008), la familia Tammuz ha trabajado arduamente para promover la igualdad y hacer que los procesos de subrogaci\u00f3n sean accesibles para todos. Nuestro equipo ha sido fundamental para lograr cambios en la legislaci\u00f3n, y continuaremos la lucha hasta que se logre la igualdad para cada futura madre y\/o futuro padre que firme con Tammuz.<\/p>\n<p><img loading=\"lazy\" decoding=\"async\" width=\"110\" height=\"130\" src=\"https:\/\/www.tammuz.com\/wp-content\/uploads\/2019\/09\/egg-ico-experience.png\" alt=\"\"><\/p>\n<h4>Experiencia<\/h4>\n<p>desde 2008, m\u00e1s de 1000 beb\u00e9s han nacido con la ayuda de la familia Tammuz.<\/p>\n<h2>\u00a1Conozca nuestros servicios!<\/h2>\n<p><a role=\"button\"><br \/>\nSubrogaci\u00f3n<br \/>\n<\/a><br \/>\n<a role=\"button\"><br \/>\ndonaci\u00f3n de \u00f3vulos<br \/>\n<\/a><\/p>\n","protected":false},"excerpt":{"rendered":"<p>\u00bfPor qu\u00e9 tammuz? Ahora est\u00e1s a solo un paso del viaje m\u00e1s importante de tu vida. Deducimos que usted pas\u00f3 innumerables horas investigando sobre el proceso de Surroagcy en el extranjero, consult\u00f3 con profesionales de la industria y al final se dio cuenta que Tammuz era el m\u00e1s econ\u00f3mico. Ahora, nos gustar\u00eda compartir con ustedes [&hellip;]<\/p>\n","protected":false},"author":4,"featured_media":0,"parent":6765,"menu_order":0,"comment_status":"closed","ping_status":"closed","template":"","meta":{"footnotes":""},"class_list":["post-6433","page","type-page","status-publish","hentry"],"yoast_head":"<!-- This site is optimized with the Yoast SEO plugin v27.3 - https:\/\/yoast.com\/product\/yoast-seo-wordpress\/ -->\n<title>\u00bfPor qu\u00e9 tammuz?<\/title>\n<meta name=\"robots\" content=\"index, follow, max-snippet:-1, max-image-preview:large, max-video-preview:-1\" \/>\n<link rel=\"canonical\" href=\"https:\/\/www.tammuz.com\/es\/donacion-de-ovulos\/descubre-tammuz\/por-que-tammuz\/\" \/>\n<meta property=\"og:locale\" content=\"es_ES\" \/>\n<meta property=\"og:type\" content=\"article\" \/>\n<meta property=\"og:title\" content=\"\u00bfPor qu\u00e9 tammuz?\" \/>\n<meta property=\"og:description\" content=\"\u00bfPor qu\u00e9 tammuz? Ahora est\u00e1s a solo un paso del viaje m\u00e1s importante de tu vida. Deducimos que usted pas\u00f3 innumerables horas investigando sobre el proceso de Surroagcy en el extranjero, consult\u00f3 con profesionales de la industria y al final se dio cuenta que Tammuz era el m\u00e1s econ\u00f3mico. Ahora, nos gustar\u00eda compartir con ustedes [&hellip;]\" \/>\n<meta property=\"og:url\" content=\"https:\/\/www.tammuz.com\/es\/donacion-de-ovulos\/descubre-tammuz\/por-que-tammuz\/\" \/>\n<meta property=\"og:site_name\" content=\"Tammuz Family\" \/>\n<meta property=\"article:publisher\" content=\"https:\/\/www.facebook.com\/tammuzbrasil\" \/>\n<meta property=\"article:modified_time\" content=\"2024-04-06T11:53:21+00:00\" \/>\n<meta property=\"og:image\" content=\"https:\/\/www.tammuz.com\/wp-content\/uploads\/2019\/09\/egg-ico-meticulous.png\" \/>\n<meta name=\"twitter:card\" content=\"summary_large_image\" \/>\n<meta name=\"twitter:label1\" content=\"Est. reading time\" \/>\n\t<meta name=\"twitter:data1\" content=\"2 minutos\" \/>\n<script type=\"application\/ld+json\" class=\"yoast-schema-graph\">{\"@context\":\"https:\\\/\\\/schema.org\",\"@graph\":[{\"@type\":\"WebPage\",\"@id\":\"https:\\\/\\\/www.tammuz.com\\\/es\\\/donacion-de-ovulos\\\/descubre-tammuz\\\/por-que-tammuz\\\/\",\"url\":\"https:\\\/\\\/www.tammuz.com\\\/es\\\/donacion-de-ovulos\\\/descubre-tammuz\\\/por-que-tammuz\\\/\",\"name\":\"\u00bfPor qu\u00e9 tammuz?\",\"isPartOf\":{\"@id\":\"https:\\\/\\\/www.tammuz.com\\\/es\\\/#website\"},\"primaryImageOfPage\":{\"@id\":\"https:\\\/\\\/www.tammuz.com\\\/es\\\/donacion-de-ovulos\\\/descubre-tammuz\\\/por-que-tammuz\\\/#primaryimage\"},\"image\":{\"@id\":\"https:\\\/\\\/www.tammuz.com\\\/es\\\/donacion-de-ovulos\\\/descubre-tammuz\\\/por-que-tammuz\\\/#primaryimage\"},\"thumbnailUrl\":\"https:\\\/\\\/www.tammuz.com\\\/wp-content\\\/uploads\\\/2019\\\/09\\\/egg-ico-meticulous.png\",\"datePublished\":\"2020-05-25T06:57:30+00:00\",\"dateModified\":\"2024-04-06T11:53:21+00:00\",\"breadcrumb\":{\"@id\":\"https:\\\/\\\/www.tammuz.com\\\/es\\\/donacion-de-ovulos\\\/descubre-tammuz\\\/por-que-tammuz\\\/#breadcrumb\"},\"inLanguage\":\"es\",\"potentialAction\":[{\"@type\":\"ReadAction\",\"target\":[\"https:\\\/\\\/www.tammuz.com\\\/es\\\/donacion-de-ovulos\\\/descubre-tammuz\\\/por-que-tammuz\\\/\"]}]},{\"@type\":\"ImageObject\",\"inLanguage\":\"es\",\"@id\":\"https:\\\/\\\/www.tammuz.com\\\/es\\\/donacion-de-ovulos\\\/descubre-tammuz\\\/por-que-tammuz\\\/#primaryimage\",\"url\":\"https:\\\/\\\/www.tammuz.com\\\/wp-content\\\/uploads\\\/2019\\\/09\\\/egg-ico-meticulous.png\",\"contentUrl\":\"https:\\\/\\\/www.tammuz.com\\\/wp-content\\\/uploads\\\/2019\\\/09\\\/egg-ico-meticulous.png\"},{\"@type\":\"BreadcrumbList\",\"@id\":\"https:\\\/\\\/www.tammuz.com\\\/es\\\/donacion-de-ovulos\\\/descubre-tammuz\\\/por-que-tammuz\\\/#breadcrumb\",\"itemListElement\":[{\"@type\":\"ListItem\",\"position\":1,\"name\":\"Donaci\u00f3n de \u00d3vulos\",\"item\":\"https:\\\/\\\/www.tammuz.com\\\/es\\\/donacion-de-ovulos\\\/\"},{\"@type\":\"ListItem\",\"position\":2,\"name\":\"Descubre Tammuz\",\"item\":\"https:\\\/\\\/www.tammuz.com\\\/es\\\/donacion-de-ovulos\\\/descubre-tammuz\\\/\"},{\"@type\":\"ListItem\",\"position\":3,\"name\":\"\u00bfPor qu\u00e9 tammuz?\"}]},{\"@type\":\"WebSite\",\"@id\":\"https:\\\/\\\/www.tammuz.com\\\/es\\\/#website\",\"url\":\"https:\\\/\\\/www.tammuz.com\\\/es\\\/\",\"name\":\"Tammuz Family\",\"description\":\"\",\"publisher\":{\"@id\":\"https:\\\/\\\/www.tammuz.com\\\/es\\\/#organization\"},\"potentialAction\":[{\"@type\":\"SearchAction\",\"target\":{\"@type\":\"EntryPoint\",\"urlTemplate\":\"https:\\\/\\\/www.tammuz.com\\\/es\\\/?s={search_term_string}\"},\"query-input\":{\"@type\":\"PropertyValueSpecification\",\"valueRequired\":true,\"valueName\":\"search_term_string\"}}],\"inLanguage\":\"es\"},{\"@type\":\"Organization\",\"@id\":\"https:\\\/\\\/www.tammuz.com\\\/es\\\/#organization\",\"name\":\"Tammuz Surrogacy\",\"url\":\"https:\\\/\\\/www.tammuz.com\\\/es\\\/\",\"logo\":{\"@type\":\"ImageObject\",\"inLanguage\":\"es\",\"@id\":\"https:\\\/\\\/www.tammuz.com\\\/es\\\/#\\\/schema\\\/logo\\\/image\\\/\",\"url\":\"https:\\\/\\\/ef6qvi2fcyt.exactdn.com\\\/wp-content\\\/uploads\\\/2019\\\/11\\\/tammuz-family-logo.png?strip=all&lossy=1&ssl=1\",\"contentUrl\":\"https:\\\/\\\/ef6qvi2fcyt.exactdn.com\\\/wp-content\\\/uploads\\\/2019\\\/11\\\/tammuz-family-logo.png?strip=all&lossy=1&ssl=1\",\"width\":300,\"height\":111,\"caption\":\"Tammuz Surrogacy\"},\"image\":{\"@id\":\"https:\\\/\\\/www.tammuz.com\\\/es\\\/#\\\/schema\\\/logo\\\/image\\\/\"},\"sameAs\":[\"https:\\\/\\\/www.facebook.com\\\/tammuzbrasil\",\"https:\\\/\\\/www.instagram.com\\\/tammuzbrasil\\\/\"]}]}<\/script>\n<!-- \/ Yoast SEO plugin. -->","yoast_head_json":{"title":"\u00bfPor qu\u00e9 tammuz?","robots":{"index":"index","follow":"follow","max-snippet":"max-snippet:-1","max-image-preview":"max-image-preview:large","max-video-preview":"max-video-preview:-1"},"canonical":"https:\/\/www.tammuz.com\/es\/donacion-de-ovulos\/descubre-tammuz\/por-que-tammuz\/","og_locale":"es_ES","og_type":"article","og_title":"\u00bfPor qu\u00e9 tammuz?","og_description":"\u00bfPor qu\u00e9 tammuz? Ahora est\u00e1s a solo un paso del viaje m\u00e1s importante de tu vida. Deducimos que usted pas\u00f3 innumerables horas investigando sobre el proceso de Surroagcy en el extranjero, consult\u00f3 con profesionales de la industria y al final se dio cuenta que Tammuz era el m\u00e1s econ\u00f3mico. Ahora, nos gustar\u00eda compartir con ustedes [&hellip;]","og_url":"https:\/\/www.tammuz.com\/es\/donacion-de-ovulos\/descubre-tammuz\/por-que-tammuz\/","og_site_name":"Tammuz Family","article_publisher":"https:\/\/www.facebook.com\/tammuzbrasil","article_modified_time":"2024-04-06T11:53:21+00:00","og_image":[{"url":"https:\/\/www.tammuz.com\/wp-content\/uploads\/2019\/09\/egg-ico-meticulous.png","type":"","width":"","height":""}],"twitter_card":"summary_large_image","twitter_misc":{"Est. reading time":"2 minutos"},"schema":{"@context":"https:\/\/schema.org","@graph":[{"@type":"WebPage","@id":"https:\/\/www.tammuz.com\/es\/donacion-de-ovulos\/descubre-tammuz\/por-que-tammuz\/","url":"https:\/\/www.tammuz.com\/es\/donacion-de-ovulos\/descubre-tammuz\/por-que-tammuz\/","name":"\u00bfPor qu\u00e9 tammuz?","isPartOf":{"@id":"https:\/\/www.tammuz.com\/es\/#website"},"primaryImageOfPage":{"@id":"https:\/\/www.tammuz.com\/es\/donacion-de-ovulos\/descubre-tammuz\/por-que-tammuz\/#primaryimage"},"image":{"@id":"https:\/\/www.tammuz.com\/es\/donacion-de-ovulos\/descubre-tammuz\/por-que-tammuz\/#primaryimage"},"thumbnailUrl":"https:\/\/www.tammuz.com\/wp-content\/uploads\/2019\/09\/egg-ico-meticulous.png","datePublished":"2020-05-25T06:57:30+00:00","dateModified":"2024-04-06T11:53:21+00:00","breadcrumb":{"@id":"https:\/\/www.tammuz.com\/es\/donacion-de-ovulos\/descubre-tammuz\/por-que-tammuz\/#breadcrumb"},"inLanguage":"es","potentialAction":[{"@type":"ReadAction","target":["https:\/\/www.tammuz.com\/es\/donacion-de-ovulos\/descubre-tammuz\/por-que-tammuz\/"]}]},{"@type":"ImageObject","inLanguage":"es","@id":"https:\/\/www.tammuz.com\/es\/donacion-de-ovulos\/descubre-tammuz\/por-que-tammuz\/#primaryimage","url":"https:\/\/www.tammuz.com\/wp-content\/uploads\/2019\/09\/egg-ico-meticulous.png","contentUrl":"https:\/\/www.tammuz.com\/wp-content\/uploads\/2019\/09\/egg-ico-meticulous.png"},{"@type":"BreadcrumbList","@id":"https:\/\/www.tammuz.com\/es\/donacion-de-ovulos\/descubre-tammuz\/por-que-tammuz\/#breadcrumb","itemListElement":[{"@type":"ListItem","position":1,"name":"Donaci\u00f3n de \u00d3vulos","item":"https:\/\/www.tammuz.com\/es\/donacion-de-ovulos\/"},{"@type":"ListItem","position":2,"name":"Descubre Tammuz","item":"https:\/\/www.tammuz.com\/es\/donacion-de-ovulos\/descubre-tammuz\/"},{"@type":"ListItem","position":3,"name":"\u00bfPor qu\u00e9 tammuz?"}]},{"@type":"WebSite","@id":"https:\/\/www.tammuz.com\/es\/#website","url":"https:\/\/www.tammuz.com\/es\/","name":"Tammuz Family","description":"","publisher":{"@id":"https:\/\/www.tammuz.com\/es\/#organization"},"potentialAction":[{"@type":"SearchAction","target":{"@type":"EntryPoint","urlTemplate":"https:\/\/www.tammuz.com\/es\/?s={search_term_string}"},"query-input":{"@type":"PropertyValueSpecification","valueRequired":true,"valueName":"search_term_string"}}],"inLanguage":"es"},{"@type":"Organization","@id":"https:\/\/www.tammuz.com\/es\/#organization","name":"Tammuz Surrogacy","url":"https:\/\/www.tammuz.com\/es\/","logo":{"@type":"ImageObject","inLanguage":"es","@id":"https:\/\/www.tammuz.com\/es\/#\/schema\/logo\/image\/","url":"https:\/\/ef6qvi2fcyt.exactdn.com\/wp-content\/uploads\/2019\/11\/tammuz-family-logo.png?strip=all&lossy=1&ssl=1","contentUrl":"https:\/\/ef6qvi2fcyt.exactdn.com\/wp-content\/uploads\/2019\/11\/tammuz-family-logo.png?strip=all&lossy=1&ssl=1","width":300,"height":111,"caption":"Tammuz Surrogacy"},"image":{"@id":"https:\/\/www.tammuz.com\/es\/#\/schema\/logo\/image\/"},"sameAs":["https:\/\/www.facebook.com\/tammuzbrasil","https:\/\/www.instagram.com\/tammuzbrasil\/"]}]}},"_links":{"self":[{"href":"https:\/\/www.tammuz.com\/es\/wp-json\/wp\/v2\/pages\/6433","targetHints":{"allow":["GET"]}}],"collection":[{"href":"https:\/\/www.tammuz.com\/es\/wp-json\/wp\/v2\/pages"}],"about":[{"href":"https:\/\/www.tammuz.com\/es\/wp-json\/wp\/v2\/types\/page"}],"author":[{"embeddable":true,"href":"https:\/\/www.tammuz.com\/es\/wp-json\/wp\/v2\/users\/4"}],"replies":[{"embeddable":true,"href":"https:\/\/www.tammuz.com\/es\/wp-json\/wp\/v2\/comments?post=6433"}],"version-history":[{"count":0,"href":"https:\/\/www.tammuz.com\/es\/wp-json\/wp\/v2\/pages\/6433\/revisions"}],"up":[{"embeddable":true,"href":"https:\/\/www.tammuz.com\/es\/wp-json\/wp\/v2\/pages\/6765"}],"wp:attachment":[{"href":"https:\/\/www.tammuz.com\/es\/wp-json\/wp\/v2\/media?parent=6433"}],"curies":[{"name":"wp","href":"https:\/\/api.w.org\/{rel}","templated":true}]}}