{"id":6422,"date":"2020-05-25T06:31:15","date_gmt":"2020-05-25T06:31:15","guid":{"rendered":"https:\/\/www.tammuz.com\/procesos-de-subrogacion-para-pacientes-vih-positivo\/"},"modified":"2023-10-17T15:48:05","modified_gmt":"2023-10-17T12:48:05","slug":"procesos-de-subrogacion-para-pacientes-vih-positivo","status":"publish","type":"page","link":"https:\/\/www.tammuz.com\/es\/procesos-de-subrogacion-para-pacientes-vih-positivo\/","title":{"rendered":"Procesos de subrogaci\u00f3n para pacientes VIH positivo"},"content":{"rendered":"\t\t<div data-elementor-type=\"wp-post\" data-elementor-id=\"6422\" class=\"elementor elementor-6422 elementor-762\" data-elementor-post-type=\"page\">\n\t\t\t\t\t\t<section class=\"elementor-section elementor-top-section elementor-element elementor-element-14f9aa69 elementor-section-content-middle elementor-section-height-min-height elementor-section-boxed elementor-section-height-default elementor-section-items-middle\" data-id=\"14f9aa69\" data-element_type=\"section\" data-e-type=\"section\" data-settings=\"{&quot;background_background&quot;:&quot;classic&quot;,&quot;jet_parallax_layout_list&quot;:[{&quot;jet_parallax_layout_image&quot;:{&quot;url&quot;:&quot;&quot;,&quot;id&quot;:&quot;&quot;,&quot;size&quot;:&quot;&quot;},&quot;_id&quot;:&quot;dada152&quot;,&quot;jet_parallax_layout_image_tablet&quot;:{&quot;url&quot;:&quot;&quot;,&quot;id&quot;:&quot;&quot;,&quot;size&quot;:&quot;&quot;},&quot;jet_parallax_layout_image_mobile&quot;:{&quot;url&quot;:&quot;&quot;,&quot;id&quot;:&quot;&quot;,&quot;size&quot;:&quot;&quot;},&quot;jet_parallax_layout_speed&quot;:{&quot;unit&quot;:&quot;%&quot;,&quot;size&quot;:50,&quot;sizes&quot;:[]},&quot;jet_parallax_layout_type&quot;:&quot;scroll&quot;,&quot;jet_parallax_layout_direction&quot;:&quot;1&quot;,&quot;jet_parallax_layout_fx_direction&quot;:null,&quot;jet_parallax_layout_z_index&quot;:&quot;&quot;,&quot;jet_parallax_layout_bg_x&quot;:50,&quot;jet_parallax_layout_bg_x_tablet&quot;:&quot;&quot;,&quot;jet_parallax_layout_bg_x_mobile&quot;:&quot;&quot;,&quot;jet_parallax_layout_bg_y&quot;:50,&quot;jet_parallax_layout_bg_y_tablet&quot;:&quot;&quot;,&quot;jet_parallax_layout_bg_y_mobile&quot;:&quot;&quot;,&quot;jet_parallax_layout_bg_size&quot;:&quot;auto&quot;,&quot;jet_parallax_layout_bg_size_tablet&quot;:&quot;&quot;,&quot;jet_parallax_layout_bg_size_mobile&quot;:&quot;&quot;,&quot;jet_parallax_layout_animation_prop&quot;:&quot;transform&quot;,&quot;jet_parallax_layout_on&quot;:[&quot;desktop&quot;,&quot;tablet&quot;]}]}\">\n\t\t\t\t\t\t<div class=\"elementor-container elementor-column-gap-default\">\n\t\t\t\t\t<div class=\"elementor-column elementor-col-100 elementor-top-column elementor-element elementor-element-65a06b6b\" data-id=\"65a06b6b\" data-element_type=\"column\" data-e-type=\"column\">\n\t\t\t<div class=\"elementor-widget-wrap elementor-element-populated\">\n\t\t\t\t\t\t<section class=\"elementor-section elementor-inner-section elementor-element elementor-element-4852af61 elementor-section-boxed elementor-section-height-default elementor-section-height-default\" data-id=\"4852af61\" data-element_type=\"section\" data-e-type=\"section\" data-settings=\"{&quot;jet_parallax_layout_list&quot;:[{&quot;jet_parallax_layout_image&quot;:{&quot;url&quot;:&quot;&quot;,&quot;id&quot;:&quot;&quot;,&quot;size&quot;:&quot;&quot;},&quot;_id&quot;:&quot;bff19ef&quot;,&quot;jet_parallax_layout_image_tablet&quot;:{&quot;url&quot;:&quot;&quot;,&quot;id&quot;:&quot;&quot;,&quot;size&quot;:&quot;&quot;},&quot;jet_parallax_layout_image_mobile&quot;:{&quot;url&quot;:&quot;&quot;,&quot;id&quot;:&quot;&quot;,&quot;size&quot;:&quot;&quot;},&quot;jet_parallax_layout_speed&quot;:{&quot;unit&quot;:&quot;%&quot;,&quot;size&quot;:50,&quot;sizes&quot;:[]},&quot;jet_parallax_layout_type&quot;:&quot;scroll&quot;,&quot;jet_parallax_layout_direction&quot;:&quot;1&quot;,&quot;jet_parallax_layout_fx_direction&quot;:null,&quot;jet_parallax_layout_z_index&quot;:&quot;&quot;,&quot;jet_parallax_layout_bg_x&quot;:50,&quot;jet_parallax_layout_bg_x_tablet&quot;:&quot;&quot;,&quot;jet_parallax_layout_bg_x_mobile&quot;:&quot;&quot;,&quot;jet_parallax_layout_bg_y&quot;:50,&quot;jet_parallax_layout_bg_y_tablet&quot;:&quot;&quot;,&quot;jet_parallax_layout_bg_y_mobile&quot;:&quot;&quot;,&quot;jet_parallax_layout_bg_size&quot;:&quot;auto&quot;,&quot;jet_parallax_layout_bg_size_tablet&quot;:&quot;&quot;,&quot;jet_parallax_layout_bg_size_mobile&quot;:&quot;&quot;,&quot;jet_parallax_layout_animation_prop&quot;:&quot;transform&quot;,&quot;jet_parallax_layout_on&quot;:[&quot;desktop&quot;,&quot;tablet&quot;]}]}\">\n\t\t\t\t\t\t<div class=\"elementor-container elementor-column-gap-default\">\n\t\t\t\t\t<div class=\"elementor-column elementor-col-100 elementor-inner-column elementor-element elementor-element-4d4bdf98\" data-id=\"4d4bdf98\" data-element_type=\"column\" data-e-type=\"column\">\n\t\t\t<div class=\"elementor-widget-wrap elementor-element-populated\">\n\t\t\t\t\t\t<div class=\"elementor-element elementor-element-43249d60 elementor-widget elementor-widget-heading\" data-id=\"43249d60\" data-element_type=\"widget\" data-e-type=\"widget\" data-widget_type=\"heading.default\">\n\t\t\t\t\t<h1 class=\"elementor-heading-title elementor-size-default\">Para Pacientes VIH +<\/h1>\t\t\t\t<\/div>\n\t\t\t\t\t<\/div>\n\t\t<\/div>\n\t\t\t\t\t<\/div>\n\t\t<\/section>\n\t\t\t\t\t<\/div>\n\t\t<\/div>\n\t\t\t\t\t<\/div>\n\t\t<\/section>\n\t\t\t\t<section class=\"elementor-section elementor-top-section elementor-element elementor-element-1f21882e elementor-section-boxed elementor-section-height-default elementor-section-height-default\" data-id=\"1f21882e\" data-element_type=\"section\" data-e-type=\"section\" data-settings=\"{&quot;background_background&quot;:&quot;classic&quot;,&quot;jet_parallax_layout_list&quot;:[{&quot;jet_parallax_layout_image&quot;:{&quot;url&quot;:&quot;&quot;,&quot;id&quot;:&quot;&quot;,&quot;size&quot;:&quot;&quot;},&quot;_id&quot;:&quot;1fb1466&quot;,&quot;jet_parallax_layout_image_tablet&quot;:{&quot;url&quot;:&quot;&quot;,&quot;id&quot;:&quot;&quot;,&quot;size&quot;:&quot;&quot;},&quot;jet_parallax_layout_image_mobile&quot;:{&quot;url&quot;:&quot;&quot;,&quot;id&quot;:&quot;&quot;,&quot;size&quot;:&quot;&quot;},&quot;jet_parallax_layout_speed&quot;:{&quot;unit&quot;:&quot;%&quot;,&quot;size&quot;:50,&quot;sizes&quot;:[]},&quot;jet_parallax_layout_type&quot;:&quot;scroll&quot;,&quot;jet_parallax_layout_direction&quot;:&quot;1&quot;,&quot;jet_parallax_layout_fx_direction&quot;:null,&quot;jet_parallax_layout_z_index&quot;:&quot;&quot;,&quot;jet_parallax_layout_bg_x&quot;:50,&quot;jet_parallax_layout_bg_x_tablet&quot;:&quot;&quot;,&quot;jet_parallax_layout_bg_x_mobile&quot;:&quot;&quot;,&quot;jet_parallax_layout_bg_y&quot;:50,&quot;jet_parallax_layout_bg_y_tablet&quot;:&quot;&quot;,&quot;jet_parallax_layout_bg_y_mobile&quot;:&quot;&quot;,&quot;jet_parallax_layout_bg_size&quot;:&quot;auto&quot;,&quot;jet_parallax_layout_bg_size_tablet&quot;:&quot;&quot;,&quot;jet_parallax_layout_bg_size_mobile&quot;:&quot;&quot;,&quot;jet_parallax_layout_animation_prop&quot;:&quot;transform&quot;,&quot;jet_parallax_layout_on&quot;:[&quot;desktop&quot;,&quot;tablet&quot;]}]}\">\n\t\t\t\t\t\t<div class=\"elementor-container elementor-column-gap-default\">\n\t\t\t\t\t<div class=\"elementor-column elementor-col-50 elementor-top-column elementor-element elementor-element-7cd07121\" data-id=\"7cd07121\" data-element_type=\"column\" data-e-type=\"column\">\n\t\t\t<div class=\"elementor-widget-wrap elementor-element-populated\">\n\t\t\t\t\t\t<section class=\"elementor-section elementor-inner-section elementor-element elementor-element-c5a9d3a elementor-section-boxed elementor-section-height-default elementor-section-height-default\" data-id=\"c5a9d3a\" data-element_type=\"section\" data-e-type=\"section\" data-settings=\"{&quot;jet_parallax_layout_list&quot;:[{&quot;jet_parallax_layout_image&quot;:{&quot;url&quot;:&quot;&quot;,&quot;id&quot;:&quot;&quot;,&quot;size&quot;:&quot;&quot;},&quot;_id&quot;:&quot;c135fc1&quot;,&quot;jet_parallax_layout_image_tablet&quot;:{&quot;url&quot;:&quot;&quot;,&quot;id&quot;:&quot;&quot;,&quot;size&quot;:&quot;&quot;},&quot;jet_parallax_layout_image_mobile&quot;:{&quot;url&quot;:&quot;&quot;,&quot;id&quot;:&quot;&quot;,&quot;size&quot;:&quot;&quot;},&quot;jet_parallax_layout_speed&quot;:{&quot;unit&quot;:&quot;%&quot;,&quot;size&quot;:50,&quot;sizes&quot;:[]},&quot;jet_parallax_layout_type&quot;:&quot;scroll&quot;,&quot;jet_parallax_layout_direction&quot;:&quot;1&quot;,&quot;jet_parallax_layout_fx_direction&quot;:null,&quot;jet_parallax_layout_z_index&quot;:&quot;&quot;,&quot;jet_parallax_layout_bg_x&quot;:50,&quot;jet_parallax_layout_bg_x_tablet&quot;:&quot;&quot;,&quot;jet_parallax_layout_bg_x_mobile&quot;:&quot;&quot;,&quot;jet_parallax_layout_bg_y&quot;:50,&quot;jet_parallax_layout_bg_y_tablet&quot;:&quot;&quot;,&quot;jet_parallax_layout_bg_y_mobile&quot;:&quot;&quot;,&quot;jet_parallax_layout_bg_size&quot;:&quot;auto&quot;,&quot;jet_parallax_layout_bg_size_tablet&quot;:&quot;&quot;,&quot;jet_parallax_layout_bg_size_mobile&quot;:&quot;&quot;,&quot;jet_parallax_layout_animation_prop&quot;:&quot;transform&quot;,&quot;jet_parallax_layout_on&quot;:[&quot;desktop&quot;,&quot;tablet&quot;]}]}\">\n\t\t\t\t\t\t<div class=\"elementor-container elementor-column-gap-default\">\n\t\t\t\t\t<div class=\"elementor-column elementor-col-100 elementor-inner-column elementor-element elementor-element-21950cd1\" data-id=\"21950cd1\" data-element_type=\"column\" data-e-type=\"column\">\n\t\t\t<div class=\"elementor-widget-wrap elementor-element-populated\">\n\t\t\t\t\t\t<div class=\"elementor-element elementor-element-375f4f3c elementor-widget elementor-widget-text-editor\" data-id=\"375f4f3c\" data-element_type=\"widget\" data-e-type=\"widget\" data-widget_type=\"text-editor.default\">\n\t\t\t\t\t\t\t\t\t<p><em><strong>Tammuz Family<\/strong><\/em> se enorgullece de liderar la revoluci\u00f3n en los procesos de Subrogaci\u00f3n en el extranjero tambi\u00e9n entre parejas y solteros con VIH, y est\u00e1 encantada con el nacimiento exitoso de cada familia.<\/p><p>A trav\u00e9s del procedimiento de<strong><em> Sperm Washing<\/em><\/strong> -lavado de esperma, es posible transformar el material gen\u00e9tico recolectado en un material seguro para el proceso de Subrogaci\u00f3n. Gracias a los grandes cambios y avances en medicina y ciencia, junto con un estilo de vida saludable, las personas VIH positivas pueden hacer realidad su sue\u00f1o de tener hijos a trav\u00e9s de procesos de Subrogaci\u00f3n en los <span style=\"color: #800080;\"><a style=\"color: #800080;\" href=\"https:\/\/www.tammuz.com\/es\/procesos-de-subrogacion\/\"><span style=\"text-decoration: underline;\"><strong>Estados Unidos<\/strong><\/span><\/a><\/span> y <span style=\"color: #800080;\"><a style=\"color: #800080;\" href=\"https:\/\/www.tammuz.com\/es\/plan-en-colombia\/\"><span style=\"text-decoration: underline;\"><strong>Colombia<\/strong><\/span><\/a>.<\/span><\/p><h6><strong>\u00bfEntonces, c\u00f3mo funciona?<\/strong><\/h6><p>Los futuros padres vuelan a Los \u00c1ngeles o Bogot\u00e1, donde se someter\u00e1n a pruebas espec\u00edficas antes de comenzar el lavado de esperma o el procedimiento de lavado de esperma. Despu\u00e9s de la fase de prueba, el lavado de esperma se realiza como parte del plan del Programa de reproducci\u00f3n asistida especial (SPAR). En mayo de 2017, despu\u00e9s de revisar informes sobre 11,500 ciclos de concepci\u00f3n asistida utilizando la t\u00e9cnica de lavado de esperma, durante el cual ninguna mujer o ni\u00f1o contrajo el VIH, los Centros para el Control y la Prevenci\u00f3n de Enfermedades (CDC) del gobierno de los EE. UU. determin\u00f3 que el proceso era lo suficientemente seguro como para respaldar el procedimiento.<\/p><p><span style=\"text-decoration: underline;\"><span style=\"color: #800080;\"><a style=\"color: #800080;\" href=\"https:\/\/www.tammuz.com\/es\/\"><strong>Cont\u00e1ctenos para obtener m\u00e1s informaci\u00f3n. \u00a1<em>Estaremos encantados de ayudar!<\/em><\/strong><\/a><\/span><\/span><\/p>\t\t\t\t\t\t\t\t<\/div>\n\t\t\t\t\t<\/div>\n\t\t<\/div>\n\t\t\t\t\t<\/div>\n\t\t<\/section>\n\t\t\t\t\t<\/div>\n\t\t<\/div>\n\t\t\t\t<div class=\"elementor-column elementor-col-50 elementor-top-column elementor-element elementor-element-38a486b8\" data-id=\"38a486b8\" data-element_type=\"column\" data-e-type=\"column\">\n\t\t\t<div class=\"elementor-widget-wrap\">\n\t\t\t\t\t\t\t<\/div>\n\t\t<\/div>\n\t\t\t\t\t<\/div>\n\t\t<\/section>\n\t\t\t\t<section class=\"elementor-section elementor-top-section elementor-element elementor-element-235e066 elementor-section-boxed elementor-section-height-default elementor-section-height-default\" data-id=\"235e066\" data-element_type=\"section\" data-e-type=\"section\" data-settings=\"{&quot;jet_parallax_layout_list&quot;:[{&quot;jet_parallax_layout_image&quot;:{&quot;url&quot;:&quot;&quot;,&quot;id&quot;:&quot;&quot;,&quot;size&quot;:&quot;&quot;},&quot;_id&quot;:&quot;10bae44&quot;,&quot;jet_parallax_layout_image_tablet&quot;:{&quot;url&quot;:&quot;&quot;,&quot;id&quot;:&quot;&quot;,&quot;size&quot;:&quot;&quot;},&quot;jet_parallax_layout_image_mobile&quot;:{&quot;url&quot;:&quot;&quot;,&quot;id&quot;:&quot;&quot;,&quot;size&quot;:&quot;&quot;},&quot;jet_parallax_layout_speed&quot;:{&quot;unit&quot;:&quot;%&quot;,&quot;size&quot;:50,&quot;sizes&quot;:[]},&quot;jet_parallax_layout_type&quot;:&quot;scroll&quot;,&quot;jet_parallax_layout_direction&quot;:&quot;1&quot;,&quot;jet_parallax_layout_fx_direction&quot;:null,&quot;jet_parallax_layout_z_index&quot;:&quot;&quot;,&quot;jet_parallax_layout_bg_x&quot;:50,&quot;jet_parallax_layout_bg_x_tablet&quot;:&quot;&quot;,&quot;jet_parallax_layout_bg_x_mobile&quot;:&quot;&quot;,&quot;jet_parallax_layout_bg_y&quot;:50,&quot;jet_parallax_layout_bg_y_tablet&quot;:&quot;&quot;,&quot;jet_parallax_layout_bg_y_mobile&quot;:&quot;&quot;,&quot;jet_parallax_layout_bg_size&quot;:&quot;auto&quot;,&quot;jet_parallax_layout_bg_size_tablet&quot;:&quot;&quot;,&quot;jet_parallax_layout_bg_size_mobile&quot;:&quot;&quot;,&quot;jet_parallax_layout_animation_prop&quot;:&quot;transform&quot;,&quot;jet_parallax_layout_on&quot;:[&quot;desktop&quot;,&quot;tablet&quot;]}],&quot;background_background&quot;:&quot;classic&quot;}\">\n\t\t\t\t\t\t<div class=\"elementor-container elementor-column-gap-default\">\n\t\t\t\t\t<div class=\"elementor-column elementor-col-100 elementor-top-column elementor-element elementor-element-370ddb1f\" data-id=\"370ddb1f\" data-element_type=\"column\" data-e-type=\"column\">\n\t\t\t<div class=\"elementor-widget-wrap elementor-element-populated\">\n\t\t\t\t\t\t<section class=\"elementor-section elementor-inner-section elementor-element elementor-element-13cc7dd9 elementor-section-boxed elementor-section-height-default elementor-section-height-default\" data-id=\"13cc7dd9\" data-element_type=\"section\" data-e-type=\"section\" data-settings=\"{&quot;jet_parallax_layout_list&quot;:[{&quot;jet_parallax_layout_image&quot;:{&quot;url&quot;:&quot;&quot;,&quot;id&quot;:&quot;&quot;,&quot;size&quot;:&quot;&quot;},&quot;_id&quot;:&quot;9c6dfb8&quot;,&quot;jet_parallax_layout_image_tablet&quot;:{&quot;url&quot;:&quot;&quot;,&quot;id&quot;:&quot;&quot;,&quot;size&quot;:&quot;&quot;},&quot;jet_parallax_layout_image_mobile&quot;:{&quot;url&quot;:&quot;&quot;,&quot;id&quot;:&quot;&quot;,&quot;size&quot;:&quot;&quot;},&quot;jet_parallax_layout_speed&quot;:{&quot;unit&quot;:&quot;%&quot;,&quot;size&quot;:50,&quot;sizes&quot;:[]},&quot;jet_parallax_layout_type&quot;:&quot;scroll&quot;,&quot;jet_parallax_layout_direction&quot;:&quot;1&quot;,&quot;jet_parallax_layout_fx_direction&quot;:null,&quot;jet_parallax_layout_z_index&quot;:&quot;&quot;,&quot;jet_parallax_layout_bg_x&quot;:50,&quot;jet_parallax_layout_bg_x_tablet&quot;:&quot;&quot;,&quot;jet_parallax_layout_bg_x_mobile&quot;:&quot;&quot;,&quot;jet_parallax_layout_bg_y&quot;:50,&quot;jet_parallax_layout_bg_y_tablet&quot;:&quot;&quot;,&quot;jet_parallax_layout_bg_y_mobile&quot;:&quot;&quot;,&quot;jet_parallax_layout_bg_size&quot;:&quot;auto&quot;,&quot;jet_parallax_layout_bg_size_tablet&quot;:&quot;&quot;,&quot;jet_parallax_layout_bg_size_mobile&quot;:&quot;&quot;,&quot;jet_parallax_layout_animation_prop&quot;:&quot;transform&quot;,&quot;jet_parallax_layout_on&quot;:[&quot;desktop&quot;,&quot;tablet&quot;]}]}\">\n\t\t\t\t\t\t<div class=\"elementor-container elementor-column-gap-default\">\n\t\t\t\t\t<div class=\"elementor-column elementor-col-50 elementor-inner-column elementor-element elementor-element-2938f593\" data-id=\"2938f593\" data-element_type=\"column\" data-e-type=\"column\">\n\t\t\t<div class=\"elementor-widget-wrap elementor-element-populated\">\n\t\t\t\t\t\t<div class=\"elementor-element elementor-element-109dbc0a elementor-widget elementor-widget-heading\" data-id=\"109dbc0a\" data-element_type=\"widget\" data-e-type=\"widget\" data-widget_type=\"heading.default\">\n\t\t\t\t\t<h2 class=\"elementor-heading-title elementor-size-default\">\u00a1La vida siempre encuentra un camino!<\/h2>\t\t\t\t<\/div>\n\t\t\t\t\t<\/div>\n\t\t<\/div>\n\t\t\t\t<div class=\"elementor-column elementor-col-50 elementor-inner-column elementor-element elementor-element-6670a872\" data-id=\"6670a872\" data-element_type=\"column\" data-e-type=\"column\">\n\t\t\t<div class=\"elementor-widget-wrap elementor-element-populated\">\n\t\t\t\t\t\t<div class=\"elementor-element elementor-element-74887ab2 elementor-align-left elementor-widget__width-auto elementor-widget elementor-widget-button\" data-id=\"74887ab2\" data-element_type=\"widget\" data-e-type=\"widget\" data-widget_type=\"button.default\">\n\t\t\t\t\t\t\t\t\t\t<a class=\"elementor-button elementor-button-link elementor-size-lg\" href=\"#\">\n\t\t\t\t\t\t<span class=\"elementor-button-content-wrapper\">\n\t\t\t\t\t\t\t\t\t<span class=\"elementor-button-text\">Lea Mas<\/span>\n\t\t\t\t\t<\/span>\n\t\t\t\t\t<\/a>\n\t\t\t\t\t\t\t\t<\/div>\n\t\t\t\t\t<\/div>\n\t\t<\/div>\n\t\t\t\t\t<\/div>\n\t\t<\/section>\n\t\t\t\t\t<\/div>\n\t\t<\/div>\n\t\t\t\t\t<\/div>\n\t\t<\/section>\n\t\t\t\t<\/div>\n\t\t","protected":false},"excerpt":{"rendered":"<p>Para Pacientes VIH + Tammuz Family se enorgullece de liderar la revoluci\u00f3n en los procesos de Subrogaci\u00f3n en el extranjero tambi\u00e9n entre parejas y solteros con VIH, y est\u00e1 encantada con el nacimiento exitoso de cada familia. A trav\u00e9s del procedimiento de Sperm Washing -lavado de esperma, es posible transformar el material gen\u00e9tico recolectado en [&hellip;]<\/p>\n","protected":false},"author":4,"featured_media":0,"parent":0,"menu_order":0,"comment_status":"closed","ping_status":"closed","template":"","meta":{"footnotes":""},"class_list":["post-6422","page","type-page","status-publish","hentry"],"yoast_head":"<!-- This site is optimized with the Yoast SEO plugin v27.3 - https:\/\/yoast.com\/product\/yoast-seo-wordpress\/ -->\n<title>Procesos de subrogaci\u00f3n para pacientes VIH positivo - Tammuz Family<\/title>\n<meta name=\"robots\" content=\"index, follow, max-snippet:-1, max-image-preview:large, max-video-preview:-1\" \/>\n<link rel=\"canonical\" href=\"https:\/\/www.tammuz.com\/es\/procesos-de-subrogacion-para-pacientes-vih-positivo\/\" \/>\n<meta property=\"og:locale\" content=\"es_ES\" \/>\n<meta property=\"og:type\" content=\"article\" \/>\n<meta property=\"og:title\" content=\"Procesos de subrogaci\u00f3n para pacientes VIH positivo - Tammuz Family\" \/>\n<meta property=\"og:description\" content=\"Para Pacientes VIH + Tammuz Family se enorgullece de liderar la revoluci\u00f3n en los procesos de Subrogaci\u00f3n en el extranjero tambi\u00e9n entre parejas y solteros con VIH, y est\u00e1 encantada con el nacimiento exitoso de cada familia. A trav\u00e9s del procedimiento de Sperm Washing -lavado de esperma, es posible transformar el material gen\u00e9tico recolectado en [&hellip;]\" \/>\n<meta property=\"og:url\" content=\"https:\/\/www.tammuz.com\/es\/procesos-de-subrogacion-para-pacientes-vih-positivo\/\" \/>\n<meta property=\"og:site_name\" content=\"Tammuz Family\" \/>\n<meta property=\"article:publisher\" content=\"https:\/\/www.facebook.com\/tammuzbrasil\" \/>\n<meta property=\"article:modified_time\" content=\"2023-10-17T12:48:05+00:00\" \/>\n<meta name=\"twitter:card\" content=\"summary_large_image\" \/>\n<meta name=\"twitter:label1\" content=\"Est. reading time\" \/>\n\t<meta name=\"twitter:data1\" content=\"1 minuto\" \/>\n<script type=\"application\/ld+json\" class=\"yoast-schema-graph\">{\"@context\":\"https:\\\/\\\/schema.org\",\"@graph\":[{\"@type\":\"WebPage\",\"@id\":\"https:\\\/\\\/www.tammuz.com\\\/es\\\/procesos-de-subrogacion-para-pacientes-vih-positivo\\\/\",\"url\":\"https:\\\/\\\/www.tammuz.com\\\/es\\\/procesos-de-subrogacion-para-pacientes-vih-positivo\\\/\",\"name\":\"Procesos de subrogaci\u00f3n para pacientes VIH positivo - Tammuz Family\",\"isPartOf\":{\"@id\":\"https:\\\/\\\/www.tammuz.com\\\/es\\\/#website\"},\"datePublished\":\"2020-05-25T06:31:15+00:00\",\"dateModified\":\"2023-10-17T12:48:05+00:00\",\"inLanguage\":\"es\",\"potentialAction\":[{\"@type\":\"ReadAction\",\"target\":[\"https:\\\/\\\/www.tammuz.com\\\/es\\\/procesos-de-subrogacion-para-pacientes-vih-positivo\\\/\"]}]},{\"@type\":\"WebSite\",\"@id\":\"https:\\\/\\\/www.tammuz.com\\\/es\\\/#website\",\"url\":\"https:\\\/\\\/www.tammuz.com\\\/es\\\/\",\"name\":\"Tammuz Family\",\"description\":\"\",\"publisher\":{\"@id\":\"https:\\\/\\\/www.tammuz.com\\\/es\\\/#organization\"},\"potentialAction\":[{\"@type\":\"SearchAction\",\"target\":{\"@type\":\"EntryPoint\",\"urlTemplate\":\"https:\\\/\\\/www.tammuz.com\\\/es\\\/?s={search_term_string}\"},\"query-input\":{\"@type\":\"PropertyValueSpecification\",\"valueRequired\":true,\"valueName\":\"search_term_string\"}}],\"inLanguage\":\"es\"},{\"@type\":\"Organization\",\"@id\":\"https:\\\/\\\/www.tammuz.com\\\/es\\\/#organization\",\"name\":\"Tammuz Surrogacy\",\"url\":\"https:\\\/\\\/www.tammuz.com\\\/es\\\/\",\"logo\":{\"@type\":\"ImageObject\",\"inLanguage\":\"es\",\"@id\":\"https:\\\/\\\/www.tammuz.com\\\/es\\\/#\\\/schema\\\/logo\\\/image\\\/\",\"url\":\"https:\\\/\\\/ef6qvi2fcyt.exactdn.com\\\/wp-content\\\/uploads\\\/2019\\\/11\\\/tammuz-family-logo.png?strip=all&lossy=1&ssl=1\",\"contentUrl\":\"https:\\\/\\\/ef6qvi2fcyt.exactdn.com\\\/wp-content\\\/uploads\\\/2019\\\/11\\\/tammuz-family-logo.png?strip=all&lossy=1&ssl=1\",\"width\":300,\"height\":111,\"caption\":\"Tammuz Surrogacy\"},\"image\":{\"@id\":\"https:\\\/\\\/www.tammuz.com\\\/es\\\/#\\\/schema\\\/logo\\\/image\\\/\"},\"sameAs\":[\"https:\\\/\\\/www.facebook.com\\\/tammuzbrasil\",\"https:\\\/\\\/www.instagram.com\\\/tammuzbrasil\\\/\"]}]}<\/script>\n<!-- \/ Yoast SEO plugin. -->","yoast_head_json":{"title":"Procesos de subrogaci\u00f3n para pacientes VIH positivo - Tammuz Family","robots":{"index":"index","follow":"follow","max-snippet":"max-snippet:-1","max-image-preview":"max-image-preview:large","max-video-preview":"max-video-preview:-1"},"canonical":"https:\/\/www.tammuz.com\/es\/procesos-de-subrogacion-para-pacientes-vih-positivo\/","og_locale":"es_ES","og_type":"article","og_title":"Procesos de subrogaci\u00f3n para pacientes VIH positivo - Tammuz Family","og_description":"Para Pacientes VIH + Tammuz Family se enorgullece de liderar la revoluci\u00f3n en los procesos de Subrogaci\u00f3n en el extranjero tambi\u00e9n entre parejas y solteros con VIH, y est\u00e1 encantada con el nacimiento exitoso de cada familia. A trav\u00e9s del procedimiento de Sperm Washing -lavado de esperma, es posible transformar el material gen\u00e9tico recolectado en [&hellip;]","og_url":"https:\/\/www.tammuz.com\/es\/procesos-de-subrogacion-para-pacientes-vih-positivo\/","og_site_name":"Tammuz Family","article_publisher":"https:\/\/www.facebook.com\/tammuzbrasil","article_modified_time":"2023-10-17T12:48:05+00:00","twitter_card":"summary_large_image","twitter_misc":{"Est. reading time":"1 minuto"},"schema":{"@context":"https:\/\/schema.org","@graph":[{"@type":"WebPage","@id":"https:\/\/www.tammuz.com\/es\/procesos-de-subrogacion-para-pacientes-vih-positivo\/","url":"https:\/\/www.tammuz.com\/es\/procesos-de-subrogacion-para-pacientes-vih-positivo\/","name":"Procesos de subrogaci\u00f3n para pacientes VIH positivo - Tammuz Family","isPartOf":{"@id":"https:\/\/www.tammuz.com\/es\/#website"},"datePublished":"2020-05-25T06:31:15+00:00","dateModified":"2023-10-17T12:48:05+00:00","inLanguage":"es","potentialAction":[{"@type":"ReadAction","target":["https:\/\/www.tammuz.com\/es\/procesos-de-subrogacion-para-pacientes-vih-positivo\/"]}]},{"@type":"WebSite","@id":"https:\/\/www.tammuz.com\/es\/#website","url":"https:\/\/www.tammuz.com\/es\/","name":"Tammuz Family","description":"","publisher":{"@id":"https:\/\/www.tammuz.com\/es\/#organization"},"potentialAction":[{"@type":"SearchAction","target":{"@type":"EntryPoint","urlTemplate":"https:\/\/www.tammuz.com\/es\/?s={search_term_string}"},"query-input":{"@type":"PropertyValueSpecification","valueRequired":true,"valueName":"search_term_string"}}],"inLanguage":"es"},{"@type":"Organization","@id":"https:\/\/www.tammuz.com\/es\/#organization","name":"Tammuz Surrogacy","url":"https:\/\/www.tammuz.com\/es\/","logo":{"@type":"ImageObject","inLanguage":"es","@id":"https:\/\/www.tammuz.com\/es\/#\/schema\/logo\/image\/","url":"https:\/\/ef6qvi2fcyt.exactdn.com\/wp-content\/uploads\/2019\/11\/tammuz-family-logo.png?strip=all&lossy=1&ssl=1","contentUrl":"https:\/\/ef6qvi2fcyt.exactdn.com\/wp-content\/uploads\/2019\/11\/tammuz-family-logo.png?strip=all&lossy=1&ssl=1","width":300,"height":111,"caption":"Tammuz Surrogacy"},"image":{"@id":"https:\/\/www.tammuz.com\/es\/#\/schema\/logo\/image\/"},"sameAs":["https:\/\/www.facebook.com\/tammuzbrasil","https:\/\/www.instagram.com\/tammuzbrasil\/"]}]}},"_links":{"self":[{"href":"https:\/\/www.tammuz.com\/es\/wp-json\/wp\/v2\/pages\/6422","targetHints":{"allow":["GET"]}}],"collection":[{"href":"https:\/\/www.tammuz.com\/es\/wp-json\/wp\/v2\/pages"}],"about":[{"href":"https:\/\/www.tammuz.com\/es\/wp-json\/wp\/v2\/types\/page"}],"author":[{"embeddable":true,"href":"https:\/\/www.tammuz.com\/es\/wp-json\/wp\/v2\/users\/4"}],"replies":[{"embeddable":true,"href":"https:\/\/www.tammuz.com\/es\/wp-json\/wp\/v2\/comments?post=6422"}],"version-history":[{"count":0,"href":"https:\/\/www.tammuz.com\/es\/wp-json\/wp\/v2\/pages\/6422\/revisions"}],"wp:attachment":[{"href":"https:\/\/www.tammuz.com\/es\/wp-json\/wp\/v2\/media?parent=6422"}],"curies":[{"name":"wp","href":"https:\/\/api.w.org\/{rel}","templated":true}]}}